{"id":95,"date":"2016-12-13T12:10:25","date_gmt":"2016-12-13T12:10:25","guid":{"rendered":"http:\/\/192.168.0.120\/kulturpalota\/?page_id=95"},"modified":"2025-11-14T09:18:08","modified_gmt":"2025-11-14T09:18:08","slug":"bilete-de-intrare","status":"publish","type":"page","link":"https:\/\/palatul-culturii.ro\/hu\/vizita\/bilete-de-intrare\/","title":{"rendered":"Bel\u00e9p\u0151jegy"},"content":{"rendered":"<div class=\"row\">\n                                <span id=bilete-de-intrare data-magellan-target=bilete-de-intrare><\/span><\/p>\n<div class=\"small-12 columns\">\n<h3 class=\"section-title\">Bel\u00e9p\u0151jegy<\/h3>\n<\/div><\/div>\n<div class=\"row\">\n<div class=\"small-12 columns\">\n                              <span lang=\"ro-RO\"><strong>Feln\u0151ttjegy:<\/strong> 30 RON<br \/>\n<strong>Tanul\u00f3\/egyetemista jegy:<\/strong> 7 RON<br \/>\n<strong>Nyugd\u00edjas jegy<\/strong> : 15 RON<\/span><\/p>\n<p><strong>Jegy fogyat\u00e9kkal \u00e9l\u0151k sz\u00e1m\u00e1ra : ingyenes<\/strong><\/p>\n<p><strong><span lang=\"hu-HU\"><b>F\u00e9nyk\u00e9pez\u00e9s \u00e9s filmez\u00e9si illet\u00e9k: 100 Lej\/200 Lej<\/b><\/span><\/strong><\/p>\n<p><strong><span lang=\"hu-HU\">Megjegyz\u00e9s: <\/span><\/strong><span lang=\"ro-RO\">Vakut, illetve f\u00e9nyk\u00e9p\u00e1llv\u00e1nyt haszn\u00e1lni tilos. <\/span><\/p>\n<p><span lang=\"ro-RO\">Jegyek v<\/span><span lang=\"hu-HU\">\u00e1s\u00e1rolhat\u00f3k a Kult\u00farpalota jegyp\u00e9nzt\u00e1r\u00e1ban vagy online :\u00a0<a href=\"https:\/\/bilete.visitmures.com\/114palaceofculture\">ITT<\/a><\/span>\n                             <\/p><\/div>\n<div class=\"small-12 columns\">\n<hr class=\"border\" \/><\/div>\n<\/div>","protected":false},"excerpt":{"rendered":"<p>Bel\u00e9p\u0151jegy Feln\u0151ttjegy: 30 RON Tanul\u00f3\/egyetemista jegy: 7 RON Nyugd\u00edjas jegy : 15 RON Jegy fogyat\u00e9kkal \u00e9l\u0151k sz\u00e1m\u00e1ra : ingyenes F\u00e9nyk\u00e9pez\u00e9s \u00e9s filmez\u00e9si illet\u00e9k: 100 Lej\/200 Lej Megjegyz\u00e9s: Vakut, illetve f\u00e9nyk\u00e9p\u00e1llv\u00e1nyt haszn\u00e1lni tilos. Jegyek v\u00e1s\u00e1rolhat\u00f3k a Kult\u00farpalota jegyp\u00e9nzt\u00e1r\u00e1ban vagy online :\u00a0ITT<\/p>\n","protected":false},"author":5,"featured_media":0,"parent":76,"menu_order":0,"comment_status":"closed","ping_status":"closed","template":"page-1-columns.php","meta":{"_acf_changed":false,"footnotes":""},"class_list":["post-95","page","type-page","status-publish","hentry"],"acf":{"photo_gallery":{"upload_images":[[]]}},"_links":{"self":[{"href":"https:\/\/palatul-culturii.ro\/hu\/wp-json\/wp\/v2\/pages\/95","targetHints":{"allow":["GET"]}}],"collection":[{"href":"https:\/\/palatul-culturii.ro\/hu\/wp-json\/wp\/v2\/pages"}],"about":[{"href":"https:\/\/palatul-culturii.ro\/hu\/wp-json\/wp\/v2\/types\/page"}],"author":[{"embeddable":true,"href":"https:\/\/palatul-culturii.ro\/hu\/wp-json\/wp\/v2\/users\/5"}],"replies":[{"embeddable":true,"href":"https:\/\/palatul-culturii.ro\/hu\/wp-json\/wp\/v2\/comments?post=95"}],"version-history":[{"count":54,"href":"https:\/\/palatul-culturii.ro\/hu\/wp-json\/wp\/v2\/pages\/95\/revisions"}],"predecessor-version":[{"id":1542,"href":"https:\/\/palatul-culturii.ro\/hu\/wp-json\/wp\/v2\/pages\/95\/revisions\/1542"}],"up":[{"embeddable":true,"href":"https:\/\/palatul-culturii.ro\/hu\/wp-json\/wp\/v2\/pages\/76"}],"wp:attachment":[{"href":"https:\/\/palatul-culturii.ro\/hu\/wp-json\/wp\/v2\/media?parent=95"}],"curies":[{"name":"wp","href":"https:\/\/api.w.org\/{rel}","templated":true}]}}