{"id":78,"date":"2016-12-13T10:10:04","date_gmt":"2016-12-13T10:10:04","guid":{"rendered":"http:\/\/192.168.0.120\/kulturpalota\/?page_id=78"},"modified":"2025-11-14T09:21:21","modified_gmt":"2025-11-14T09:21:21","slug":"orar","status":"publish","type":"page","link":"https:\/\/palatul-culturii.ro\/hu\/vizita\/orar\/","title":{"rendered":"Nyitvatart\u00e1s"},"content":{"rendered":"<div class=\"row\">\n                                <span id=orar data-magellan-target=orar><\/span><\/p>\n<div class=\"small-12 columns\">\n<h3 class=\"section-title\">Nyitvatart\u00e1s<\/h3>\n<\/div><\/div>\n<div class=\"row\">\n<div class=\"small-12 medium-7 columns\">\n                              <strong>Nyitvatart\u00e1s (\u00e9rv\u00e9nyess\u00e9g 2025 szeptember 1 &#8211; 2026 m\u00e1jus 2. k\u00f6z\u00f6tt):<b> <\/b><\/strong><\/p>\n<p>Kedd &#8211; P\u00e9ntek: 9.00 &#8211; 17.00<br \/>\nSzombat &#8211; Vas\u00e1rnap: 9.00 &#8211; 17..00<br \/>\nH\u00e9tf\u0151n z\u00e1rva<br \/>\nA jegyp\u00e9nzt\u00e1r 16.30-kor bez\u00e1r.<\/p>\n<p>A m\u00fazeum hivatalos \u00e1llami \u00fcnnepnapokon z\u00e1rva tart. A Kult\u00farpalota ki\u00e1ll\u00edt\u00f3termei fel\u00faj\u00edt\u00e1si \u00e9s karbantart\u00e1si munk\u00e1latok miatt id\u0151szakosan z\u00e1rva tarthatnak.\n                             <\/div>\n<div class=\"small-12 medium-5 columns\">\n                             <\/div>\n<div class=\"small-12 columns\">\n<hr class=\"border\" \/><\/div>\n<\/div>","protected":false},"excerpt":{"rendered":"<p>Nyitvatart\u00e1s Nyitvatart\u00e1s (\u00e9rv\u00e9nyess\u00e9g 2025 szeptember 1 &#8211; 2026 m\u00e1jus 2. k\u00f6z\u00f6tt): Kedd &#8211; P\u00e9ntek: 9.00 &#8211; 17.00 Szombat &#8211; Vas\u00e1rnap: 9.00 &#8211; 17..00 H\u00e9tf\u0151n z\u00e1rva A jegyp\u00e9nzt\u00e1r 16.30-kor bez\u00e1r. A m\u00fazeum hivatalos \u00e1llami \u00fcnnepnapokon z\u00e1rva tart. A Kult\u00farpalota ki\u00e1ll\u00edt\u00f3termei fel\u00faj\u00edt\u00e1si [&hellip;]<\/p>\n","protected":false},"author":5,"featured_media":0,"parent":76,"menu_order":0,"comment_status":"closed","ping_status":"closed","template":"page-2-columns.php","meta":{"_acf_changed":false,"footnotes":""},"class_list":["post-78","page","type-page","status-publish","hentry"],"acf":{"photo_gallery":{"upload_images":[[]]}},"_links":{"self":[{"href":"https:\/\/palatul-culturii.ro\/hu\/wp-json\/wp\/v2\/pages\/78","targetHints":{"allow":["GET"]}}],"collection":[{"href":"https:\/\/palatul-culturii.ro\/hu\/wp-json\/wp\/v2\/pages"}],"about":[{"href":"https:\/\/palatul-culturii.ro\/hu\/wp-json\/wp\/v2\/types\/page"}],"author":[{"embeddable":true,"href":"https:\/\/palatul-culturii.ro\/hu\/wp-json\/wp\/v2\/users\/5"}],"replies":[{"embeddable":true,"href":"https:\/\/palatul-culturii.ro\/hu\/wp-json\/wp\/v2\/comments?post=78"}],"version-history":[{"count":103,"href":"https:\/\/palatul-culturii.ro\/hu\/wp-json\/wp\/v2\/pages\/78\/revisions"}],"predecessor-version":[{"id":1544,"href":"https:\/\/palatul-culturii.ro\/hu\/wp-json\/wp\/v2\/pages\/78\/revisions\/1544"}],"up":[{"embeddable":true,"href":"https:\/\/palatul-culturii.ro\/hu\/wp-json\/wp\/v2\/pages\/76"}],"wp:attachment":[{"href":"https:\/\/palatul-culturii.ro\/hu\/wp-json\/wp\/v2\/media?parent=78"}],"curies":[{"name":"wp","href":"https:\/\/api.w.org\/{rel}","templated":true}]}}