{"id":759,"date":"2018-01-19T09:35:47","date_gmt":"2018-01-19T09:35:47","guid":{"rendered":"http:\/\/palatul-culturii.ro\/?page_id=759"},"modified":"2019-10-15T08:19:57","modified_gmt":"2019-10-15T08:19:57","slug":"groups","status":"publish","type":"page","link":"https:\/\/palatul-culturii.ro\/hu\/vizita\/groups\/","title":{"rendered":"Csoportok"},"content":{"rendered":"<div class=\"row\">\n                                <span id=groups data-magellan-target=groups><\/span><\/p>\n<div class=\"small-12 columns\">\n<h3 class=\"section-title\">Csoportok<\/h3>\n<\/div><\/div>\n<div class=\"row\">\n<div class=\"small-12 columns\">\n                              Ha szervezett csoportban szeretn\u00e9 megl\u00e1togatni a Kult\u00farpalot\u00e1t, javasoljuk, hogy\u00a0jelentkezzenek be, k\u00fcl\u00f6n\u00f6sen ha\u00a0idegenvezet\u0151t szeretn\u00e9nek. Ez a szolg\u00e1ltat\u00e1s d\u00edjmentes a 10 f\u0151 feletti csoportoknak.\u00a0Idegenvezet\u0151ink h\u00e1rom nyelven\u00a0mutatj\u00e1k be az \u00e9p\u00fcletet: rom\u00e1n, magyar \u00e9s angol nyelven.<br \/>\nBejelentkezni a\u00a0<a href=\"mailto:groups@kulturpalota.ro\">groups@kulturpalota.ro<\/a>\u00a0e-mail c\u00edmen lehet, vagy a <strong>Kapcsolat<\/strong>n\u00e1l l\u00e1that\u00f3 telefonsz\u00e1mokon. Az e-mailben adja meg a k\u00edv\u00e1nt l\u00e1togat\u00e1si d\u00e1tumot \u00e9s id\u0151pontot, a\u00a0szem\u00e9lyek sz\u00e1m\u00e1t, az \u00d6n \u00e1ltal\u00a0v\u00e1lasztott nyelvet, az \u00d6n nev\u00e9t \u00e9s telefonsz\u00e1m\u00e1t, tov\u00e1bb\u00e1 megk\u00e9rj\u00fck, hogy az e-mail t\u00e1rgy\u00e1n\u00e1l is jelenjen meg a k\u00edv\u00e1nt d\u00e1tum. Minden e-mailre v\u00e1laszolni fogunk.\n                             <\/div>\n<div class=\"small-12 columns\">\n<hr class=\"border\" \/><\/div>\n<\/div>","protected":false},"excerpt":{"rendered":"<p>Csoportok Ha szervezett csoportban szeretn\u00e9 megl\u00e1togatni a Kult\u00farpalot\u00e1t, javasoljuk, hogy\u00a0jelentkezzenek be, k\u00fcl\u00f6n\u00f6sen ha\u00a0idegenvezet\u0151t szeretn\u00e9nek. Ez a szolg\u00e1ltat\u00e1s d\u00edjmentes a 10 f\u0151 feletti csoportoknak.\u00a0Idegenvezet\u0151ink h\u00e1rom nyelven\u00a0mutatj\u00e1k be az \u00e9p\u00fcletet: rom\u00e1n, magyar \u00e9s angol nyelven. Bejelentkezni a\u00a0groups@kulturpalota.ro\u00a0e-mail c\u00edmen lehet, vagy a Kapcsolatn\u00e1l [&hellip;]<\/p>\n","protected":false},"author":4,"featured_media":0,"parent":76,"menu_order":0,"comment_status":"closed","ping_status":"closed","template":"page-1-columns.php","meta":{"_acf_changed":false,"footnotes":""},"class_list":["post-759","page","type-page","status-publish","hentry"],"acf":{"photo_gallery":{"upload_images":[[]]}},"_links":{"self":[{"href":"https:\/\/palatul-culturii.ro\/hu\/wp-json\/wp\/v2\/pages\/759","targetHints":{"allow":["GET"]}}],"collection":[{"href":"https:\/\/palatul-culturii.ro\/hu\/wp-json\/wp\/v2\/pages"}],"about":[{"href":"https:\/\/palatul-culturii.ro\/hu\/wp-json\/wp\/v2\/types\/page"}],"author":[{"embeddable":true,"href":"https:\/\/palatul-culturii.ro\/hu\/wp-json\/wp\/v2\/users\/4"}],"replies":[{"embeddable":true,"href":"https:\/\/palatul-culturii.ro\/hu\/wp-json\/wp\/v2\/comments?post=759"}],"version-history":[{"count":10,"href":"https:\/\/palatul-culturii.ro\/hu\/wp-json\/wp\/v2\/pages\/759\/revisions"}],"predecessor-version":[{"id":1238,"href":"https:\/\/palatul-culturii.ro\/hu\/wp-json\/wp\/v2\/pages\/759\/revisions\/1238"}],"up":[{"embeddable":true,"href":"https:\/\/palatul-culturii.ro\/hu\/wp-json\/wp\/v2\/pages\/76"}],"wp:attachment":[{"href":"https:\/\/palatul-culturii.ro\/hu\/wp-json\/wp\/v2\/media?parent=759"}],"curies":[{"name":"wp","href":"https:\/\/api.w.org\/{rel}","templated":true}]}}