{"id":40,"date":"2016-12-09T11:41:09","date_gmt":"2016-12-09T11:41:09","guid":{"rendered":"http:\/\/192.168.0.120\/kulturpalota\/?page_id=40"},"modified":"2017-03-13T22:18:03","modified_gmt":"2017-03-13T22:18:03","slug":"termeni-conditii","status":"publish","type":"page","link":"https:\/\/palatul-culturii.ro\/hu\/termeni-conditii\/","title":{"rendered":"Felhaszn\u00e1l\u00e1si felt\u00e9telek"},"content":{"rendered":"<p><\/p>\n<h3>\u00c1ltal\u00e1nos jogi felt\u00e9telek \u00e9s inform\u00e1ci\u00f3k<\/h3>\n<p>A www.palatul-culturii.ro\u00a0internetc\u00edm megnyit\u00e1s\u00e1val \u00d6n elfogadja az itt felsorolt felt\u00e9teleket. K\u00e9rj\u00fck, amennyiben nem \u00e9rt egyet az al\u00e1bbiakkal, ne nyissa meg weboldalunkat.<\/p>\n<h3>Inform\u00e1ci\u00f3k<\/h3>\n<p>A Maros megyei M\u00fazeum minden elv\u00e1rhat\u00f3t megtett a felt\u00f6lt\u00e9s idej\u00e9n az\u00e9rt, hogy a Kult\u00farpalota\u00a0internetes weboldal\u00e1n k\u00f6z\u00f6lt inform\u00e1ci\u00f3k pontosak legyenek. Ennek ellen\u00e9re a Maros megyei M\u00fazeum\u00a0sem k\u00f6zvetve, sem k\u00f6zvetetten nem v\u00e1llal szavatoss\u00e1got a jelen weboldalon ny\u00fajtott inform\u00e1ci\u00f3k\u00e9rt, \u00e9s fenntartja a jogot arra, hogy el\u0151zetes \u00e9rtes\u00edt\u00e9s n\u00e9lk\u00fcl b\u00e1rmikor v\u00e1ltoztat\u00e1sokat \u00e9s jav\u00edt\u00e1sokat hajtson v\u00e9gre, illetve a weboldalt vagy az azon k\u00f6z\u00f6lt inform\u00e1ci\u00f3kat r\u00e9szben vagy eg\u00e9szben megsz\u00fcntesse. A Maros megyei M\u00fazeum nem v\u00e1llal felel\u0151ss\u00e9get a weboldalon el\u0151fordul\u00f3 semmilyen pontatlans\u00e1g\u00e9rt vagy hi\u00e1nyoss\u00e1g\u00e9rt.<\/p>\n<p>A p\u00e1ly\u00e1zatokra, illetve a felh\u00edv\u00e1sokra az ott megjel\u00f6lt k\u00fcl\u00f6n szab\u00e1lyok vonatkoznak.<\/p>\n<p>A www.palatul-culturii.ro\u00a0oldalon l\u00e9v\u0151 inform\u00e1ci\u00f3kon alapul\u00f3 b\u00e1rmilyen d\u00f6nt\u00e9st a felhaszn\u00e1l\u00f3 saj\u00e1t felel\u0151ss\u00e9g\u00e9re hoz meg.<\/p>\n<p>A Maros megyei M\u00fazeum\u00a0nem v\u00e1llal felel\u0151ss\u00e9get semmif\u00e9le vesztes\u00e9g\u00e9rt vagy k\u00e1r\u00e9rt, ami a weboldalon tal\u00e1lhat\u00f3 inform\u00e1ci\u00f3k felhaszn\u00e1l\u00e1s\u00e1b\u00f3l, az ott tal\u00e1lhat\u00f3 b\u00e1rmilyen inform\u00e1ci\u00f3hoz val\u00f3 hozz\u00e1f\u00e9r\u00e9sb\u0151l, illetve a hozz\u00e1 nem f\u00e9r\u00e9sb\u0151l, valamint ezek felhaszn\u00e1l\u00e1s\u00e1b\u00f3l sz\u00e1rmazik.<\/p>\n<p>A Maros megyei M\u00fazeum\u00a0nem tartozik felel\u0151ss\u00e9ggel azok\u00e9rt az esetlegesen bek\u00f6vetkez\u0151 k\u00e1rok\u00e9rt, vesztes\u00e9gek\u00e9rt, k\u00f6lts\u00e9gek\u00e9rt, amelyek a weboldal haszn\u00e1lat\u00e1b\u00f3l, azok nem megnyithat\u00f3 \u00e1llapot\u00e1b\u00f3l, nem megfelel\u0151 m\u0171k\u00f6d\u00e9s\u00e9b\u0151l, \u00fczemzavar\u00e1b\u00f3l, az adatok illet\u00e9ktelen megv\u00e1ltoztat\u00e1s\u00e1b\u00f3l keletkeznek. Tov\u00e1bb\u00e1 azok\u00e9rt a vesztes\u00e9gek\u00e9rt sem, amelyek az inform\u00e1ci\u00f3tov\u00e1bb\u00edt\u00e1si k\u00e9sedelemb\u0151l, sz\u00e1m\u00edt\u00f3g\u00e9pes v\u00edrusb\u00f3l, vonal- vagy rendszerhib\u00e1b\u00f3l vagy m\u00e1s hasonl\u00f3 okb\u00f3l sz\u00e1rmaznak.<\/p>\n<p>A weboldal azon felhaszn\u00e1l\u00f3ja, aki inform\u00e1ci\u00f3t szolg\u00e1ltat a Maros megyei M\u00fazeumnak ezen tett\u00e9vel kifejezett beleegyez\u00e9s\u00e9t azdja szem\u00e9lyi adatainak feldolgoz\u00e1s\u00e1ra, \u00e9s elfogadja, hogy a Maros megyei M\u00fazeumnak\u00a0korl\u00e1tlan joga van ezen adatok felett, tov\u00e1bb\u00e1 felhaszn\u00e1lhatja ezeket, saj\u00e1t bel\u00e1t\u00e1sa szerint. A felhaszn\u00e1l\u00f3 \u00e1ltal ilyen m\u00f3don ny\u00fajtott inform\u00e1ci\u00f3 nyilv\u00e1nosnak \u00e9s ellen\u00e9rt\u00e9k n\u00e9lk\u00fclinek tekintend\u0151.<\/p>\n<h3>Szerz\u0151i jog<\/h3>\n<p>A Maros megyei M\u00fazeum\u00a0weboldalai, az azokon tal\u00e1lhat\u00f3 minden k\u00e9pi, hang \u00e9s sz\u00f6veges tartalom, illetve azok elrendez\u00e9se szerz\u0151i jogi, illetve v\u00e9djegy oltalom alatt \u00e1llnak. Azoknak &#8211; a szem\u00e9lyes haszn\u00e1latot meghalad\u00f3 m\u00e9rt\u00e9k\u0171 &#8211; b\u00e1rmilyen form\u00e1ban t\u00f6rt\u00e9n\u0151 felhaszn\u00e1l\u00e1sa kiz\u00e1r\u00f3lag a Maros megyei M\u00fazeum\u00a0kifejezetten erre vonatkoz\u00f3 \u00edr\u00e1sos enged\u00e9ly\u00e9vel lehets\u00e9ges.<\/p>\n<p>Felh\u00edvjuk a figyelm\u00e9t, hogy a Maros megyei M\u00fazeum\u00a0fentiekben r\u00e9szletezett felt\u00e9teleit\u0151l elt\u00e9r\u0151 vagy azokat s\u00e9rt\u0151 haszn\u00e1lat szerz\u0151i jogi, polg\u00e1ri jogi \u00e9s b\u00fcntet\u0151jogi k\u00f6vetkezm\u00e9nyekkel j\u00e1rhat. A Maros megyei M\u00fazeum minden tudom\u00e1s\u00e1ra jutott jogs\u00e9rt\u00e9ssel szemben fell\u00e9p.<\/p>","protected":false},"excerpt":{"rendered":"<p>\u00c1ltal\u00e1nos jogi felt\u00e9telek \u00e9s inform\u00e1ci\u00f3k A www.palatul-culturii.ro\u00a0internetc\u00edm megnyit\u00e1s\u00e1val \u00d6n elfogadja az itt felsorolt felt\u00e9teleket. K\u00e9rj\u00fck, amennyiben nem \u00e9rt egyet az al\u00e1bbiakkal, ne nyissa meg weboldalunkat. Inform\u00e1ci\u00f3k A Maros megyei M\u00fazeum minden elv\u00e1rhat\u00f3t megtett a felt\u00f6lt\u00e9s idej\u00e9n az\u00e9rt, hogy a Kult\u00farpalota\u00a0internetes [&hellip;]<\/p>\n","protected":false},"author":5,"featured_media":0,"parent":0,"menu_order":0,"comment_status":"closed","ping_status":"closed","template":"","meta":{"_acf_changed":false,"footnotes":""},"class_list":["post-40","page","type-page","status-publish","hentry"],"acf":{"photo_gallery":{"upload_images":[[]]}},"_links":{"self":[{"href":"https:\/\/palatul-culturii.ro\/hu\/wp-json\/wp\/v2\/pages\/40","targetHints":{"allow":["GET"]}}],"collection":[{"href":"https:\/\/palatul-culturii.ro\/hu\/wp-json\/wp\/v2\/pages"}],"about":[{"href":"https:\/\/palatul-culturii.ro\/hu\/wp-json\/wp\/v2\/types\/page"}],"author":[{"embeddable":true,"href":"https:\/\/palatul-culturii.ro\/hu\/wp-json\/wp\/v2\/users\/5"}],"replies":[{"embeddable":true,"href":"https:\/\/palatul-culturii.ro\/hu\/wp-json\/wp\/v2\/comments?post=40"}],"version-history":[{"count":10,"href":"https:\/\/palatul-culturii.ro\/hu\/wp-json\/wp\/v2\/pages\/40\/revisions"}],"predecessor-version":[{"id":642,"href":"https:\/\/palatul-culturii.ro\/hu\/wp-json\/wp\/v2\/pages\/40\/revisions\/642"}],"wp:attachment":[{"href":"https:\/\/palatul-culturii.ro\/hu\/wp-json\/wp\/v2\/media?parent=40"}],"curies":[{"name":"wp","href":"https:\/\/api.w.org\/{rel}","templated":true}]}}