{"id":38,"date":"2016-12-09T11:40:50","date_gmt":"2016-12-09T11:40:50","guid":{"rendered":"http:\/\/192.168.0.120\/kulturpalota\/?page_id=38"},"modified":"2018-01-19T13:05:00","modified_gmt":"2018-01-19T13:05:00","slug":"presa","status":"publish","type":"page","link":"https:\/\/palatul-culturii.ro\/hu\/presa\/","title":{"rendered":"Sajt\u00f3"},"content":{"rendered":"<p>Amennyiben szeretne szeretne \u00e9rtes\u00fclni a Kult\u00farpalota programjair\u00f3l, h\u00edreir\u0151l, k\u00e9rj\u00fck k\u00fcldj\u00fcn egy e-mailt a muzeumures@gmail.com c\u00edmre, megjel\u00f6lve a sajt\u00f3term\u00e9k nev\u00e9t \u00e9s bet\u00f6lt\u00f6tt funkci\u00f3t.<\/p>\n<p>\u00c9rdekl\u0151d\u00e9s\u00e9t k\u00f6sz\u00f6nj\u00fck!<\/p>","protected":false},"excerpt":{"rendered":"<p>Amennyiben szeretne szeretne \u00e9rtes\u00fclni a Kult\u00farpalota programjair\u00f3l, h\u00edreir\u0151l, k\u00e9rj\u00fck k\u00fcldj\u00fcn egy e-mailt a muzeumures@gmail.com c\u00edmre, megjel\u00f6lve a sajt\u00f3term\u00e9k nev\u00e9t \u00e9s bet\u00f6lt\u00f6tt funkci\u00f3t. \u00c9rdekl\u0151d\u00e9s\u00e9t k\u00f6sz\u00f6nj\u00fck!<\/p>\n","protected":false},"author":5,"featured_media":0,"parent":0,"menu_order":0,"comment_status":"closed","ping_status":"closed","template":"","meta":{"_acf_changed":false,"footnotes":""},"class_list":["post-38","page","type-page","status-publish","hentry"],"acf":{"photo_gallery":{"upload_images":[[]]}},"_links":{"self":[{"href":"https:\/\/palatul-culturii.ro\/hu\/wp-json\/wp\/v2\/pages\/38","targetHints":{"allow":["GET"]}}],"collection":[{"href":"https:\/\/palatul-culturii.ro\/hu\/wp-json\/wp\/v2\/pages"}],"about":[{"href":"https:\/\/palatul-culturii.ro\/hu\/wp-json\/wp\/v2\/types\/page"}],"author":[{"embeddable":true,"href":"https:\/\/palatul-culturii.ro\/hu\/wp-json\/wp\/v2\/users\/5"}],"replies":[{"embeddable":true,"href":"https:\/\/palatul-culturii.ro\/hu\/wp-json\/wp\/v2\/comments?post=38"}],"version-history":[{"count":8,"href":"https:\/\/palatul-culturii.ro\/hu\/wp-json\/wp\/v2\/pages\/38\/revisions"}],"predecessor-version":[{"id":770,"href":"https:\/\/palatul-culturii.ro\/hu\/wp-json\/wp\/v2\/pages\/38\/revisions\/770"}],"wp:attachment":[{"href":"https:\/\/palatul-culturii.ro\/hu\/wp-json\/wp\/v2\/media?parent=38"}],"curies":[{"name":"wp","href":"https:\/\/api.w.org\/{rel}","templated":true}]}}