{"id":36,"date":"2016-12-09T11:40:25","date_gmt":"2016-12-09T11:40:25","guid":{"rendered":"http:\/\/192.168.0.120\/kulturpalota\/?page_id=36"},"modified":"2018-02-12T18:22:21","modified_gmt":"2018-02-12T18:22:21","slug":"faq","status":"publish","type":"page","link":"https:\/\/palatul-culturii.ro\/hu\/faq\/","title":{"rendered":"FAQ"},"content":{"rendered":"<p><strong>A Kult\u00farpalota minden nap nyitva tart?<\/strong><\/p>\n<p>A h\u00e9tf\u0151i nap kiv\u00e9tel\u00e9vel igen.<\/p>\n<p><strong>Lehets\u00e9ges h\u00e1zi\u00e1llattal l\u00e1togatni a Palot\u00e1t?<\/strong><\/p>\n<p>Nem, h\u00e1zi\u00e1llattal tilos a bel\u00e9p\u00e9s.<\/p>\n<p><strong>Milyen m\u00e9ret\u0171 a homlokzaton tal\u00e1lhat\u00f3 mozaik-kirak\u00e1s?<\/strong><\/p>\n<p><em>920 x 320 cm.<\/em><\/p>\n<p><strong>Mire haszn\u00e1t\u00e1k a T\u00fck\u00f6rtermet?<\/strong><\/p>\n<p><em>A T\u00fck\u00f6rtermet hivatalos fogad\u00e1sokra \u00e9s b\u00e1l est\u00e9lyekre haszn\u00e1lt\u00e1k.<\/em><\/p>\n<p><strong>Mit jelent a\u00a0CONSILIO FERMATA DEI, amely a Kisteremben tal\u00e1lhat\u00f3 ablakk\u00e9pen olvashat\u00f3?<\/strong><\/p>\n<p><em>Bethlen G\u00e1bor, Erd\u00e9ly fejedelm\u00e9nek volt a hitvall\u00e1sa \u00e9s a jelent\u00e9se &#8222;Isten tan\u00e1cs\u00e1val meger\u00f6s\u00edtve&#8221;.<\/em><\/p>\n<p><strong>Hogyan jutott Munk\u00e1csy Mih\u00e1ly &#8222;Mos\u00f3n\u0151k&#8217; c\u00edm\u0171 festm\u00e9nye a K\u00e9pt\u00e1r gy\u00fcjtem\u00e9ny\u00e9be?<\/strong><\/p>\n<p><em>Bern\u00e1dy Gy\u00f6rgy v\u00e1s\u00e1rolta Berlinb\u0151l 8500 m\u00e1rk\u00e1\u00e9rt (10110 korona).<\/em><\/p>","protected":false},"excerpt":{"rendered":"<p>A Kult\u00farpalota minden nap nyitva tart? A h\u00e9tf\u0151i nap kiv\u00e9tel\u00e9vel igen. Lehets\u00e9ges h\u00e1zi\u00e1llattal l\u00e1togatni a Palot\u00e1t? Nem, h\u00e1zi\u00e1llattal tilos a bel\u00e9p\u00e9s. Milyen m\u00e9ret\u0171 a homlokzaton tal\u00e1lhat\u00f3 mozaik-kirak\u00e1s? 920 x 320 cm. Mire haszn\u00e1t\u00e1k a T\u00fck\u00f6rtermet? A T\u00fck\u00f6rtermet hivatalos fogad\u00e1sokra \u00e9s [&hellip;]<\/p>\n","protected":false},"author":5,"featured_media":0,"parent":0,"menu_order":0,"comment_status":"closed","ping_status":"closed","template":"","meta":{"_acf_changed":false,"footnotes":""},"class_list":["post-36","page","type-page","status-publish","hentry"],"acf":{"photo_gallery":{"upload_images":[[]]}},"_links":{"self":[{"href":"https:\/\/palatul-culturii.ro\/hu\/wp-json\/wp\/v2\/pages\/36","targetHints":{"allow":["GET"]}}],"collection":[{"href":"https:\/\/palatul-culturii.ro\/hu\/wp-json\/wp\/v2\/pages"}],"about":[{"href":"https:\/\/palatul-culturii.ro\/hu\/wp-json\/wp\/v2\/types\/page"}],"author":[{"embeddable":true,"href":"https:\/\/palatul-culturii.ro\/hu\/wp-json\/wp\/v2\/users\/5"}],"replies":[{"embeddable":true,"href":"https:\/\/palatul-culturii.ro\/hu\/wp-json\/wp\/v2\/comments?post=36"}],"version-history":[{"count":10,"href":"https:\/\/palatul-culturii.ro\/hu\/wp-json\/wp\/v2\/pages\/36\/revisions"}],"predecessor-version":[{"id":786,"href":"https:\/\/palatul-culturii.ro\/hu\/wp-json\/wp\/v2\/pages\/36\/revisions\/786"}],"wp:attachment":[{"href":"https:\/\/palatul-culturii.ro\/hu\/wp-json\/wp\/v2\/media?parent=36"}],"curies":[{"name":"wp","href":"https:\/\/api.w.org\/{rel}","templated":true}]}}