{"id":353,"date":"2016-12-23T06:10:37","date_gmt":"2016-12-23T06:10:37","guid":{"rendered":"http:\/\/kulturpalota.web-staging.eu\/?page_id=353"},"modified":"2020-05-12T10:05:45","modified_gmt":"2020-05-12T10:05:45","slug":"sala-mica-2","status":"publish","type":"page","link":"https:\/\/palatul-culturii.ro\/hu\/istoria-palatului\/sala-mica-2\/","title":{"rendered":"Kisterem"},"content":{"rendered":"<p>A m\u00e1sodik emeleten, a T\u00fck\u00f6rterem f\u00f6l\u00f6tt elhelyezett Kistermet a kamarakoncertek, irodalmi felolvas\u00e1sok sz\u00e1m\u00e1ra alak\u00edtott\u00e1k ki. A kisterem s\u00f6t\u00e9t alapoz\u00e1s\u00fa, gazdag \u00e9s \u00e9l\u00e9nk piros, k\u00e9k, z\u00f6ld, s\u00e1rga sz\u00ednvil\u00e1g\u00fa d\u00edsz\u00edt\u0151fest\u00e9s\u00e9t Falus Elek, a l\u00e9pcs\u0151h\u00e1zak \u00e9s a T\u00fck\u00f6rterem falfest\u00e9s\u00e9vel is megb\u00edzott iparm\u0171v\u00e9sz k\u00e9sz\u00edtette el. A nagy falfel\u00fcleteket sablonnal festett apr\u00f3 vir\u00e1gok, s finom geometrikus form\u00e1k mint\u00e1zatai bor\u00edtj\u00e1k. A struktur\u00e1lis elemek, a ny\u00edl\u00e1sok \u00e9s a mennyezeti pann\u00f3k szeg\u00e9ly\u00e9t sz\u00e9les n\u00f6v\u00e9nymint\u00e1s d\u00edsz\u00edt\u0151s\u00e1vok emelik ki, melyeket a magyar n\u00e9pi h\u00edmz\u00e9sek er\u0151s t\u00f3nus\u00fa sz\u00ednezete, d\u00fas, m\u00e1r-m\u00e1r tobz\u00f3d\u00f3 formavil\u00e1ga ihletett. A f\u0151homlokzat ablakny\u00edl\u00e1sainak \u00f3lomkeretes \u00fcvegfest\u00e9s\u0171 ablakgal\u00e9ri\u00e1ja sz\u00ednes f\u00e9nyhat\u00e1s\u00e1val n\u00f6veli a terem sejtelmes hangulat\u00e1t. A ny\u00edl\u00e1ssor k\u00f6z\u00e9pregiszter\u00e9t egy R\u00f3th Miksa \u00e1ltal tervezett \u00e9s kivitelezett \u00fcvegfestm\u00e9ny d\u00edsz\u00edti, amely a 17. sz\u00e1zadi magyar t\u00f6rt\u00e9nelem egyik legjelent\u0151sebb szem\u00e9lyis\u00e9g\u00e9t, Bethlen G\u00e1bor erd\u00e9lyi fejedelmet jelen\u00edti meg tud\u00f3sai k\u00f6r\u00e9ben.<\/p>","protected":false},"excerpt":{"rendered":"<p>A m\u00e1sodik emeleten, a T\u00fck\u00f6rterem f\u00f6l\u00f6tt elhelyezett Kistermet a kamarakoncertek, irodalmi felolvas\u00e1sok sz\u00e1m\u00e1ra alak\u00edtott\u00e1k ki. A kisterem s\u00f6t\u00e9t alapoz\u00e1s\u00fa, gazdag \u00e9s \u00e9l\u00e9nk piros, k\u00e9k, z\u00f6ld, s\u00e1rga sz\u00ednvil\u00e1g\u00fa d\u00edsz\u00edt\u0151fest\u00e9s\u00e9t Falus Elek, a l\u00e9pcs\u0151h\u00e1zak \u00e9s a T\u00fck\u00f6rterem falfest\u00e9s\u00e9vel is megb\u00edzott iparm\u0171v\u00e9sz k\u00e9sz\u00edtette [&hellip;]<\/p>\n","protected":false},"author":5,"featured_media":356,"parent":268,"menu_order":0,"comment_status":"closed","ping_status":"closed","template":"","meta":{"_acf_changed":false,"footnotes":""},"class_list":["post-353","page","type-page","status-publish","has-post-thumbnail","hentry"],"acf":{"photo_gallery":{"upload_images":[[{"id":361,"title":"110_BC jpg","caption":"","full_image_url":"https:\/\/palatul-culturii.ro\/wp-content\/uploads\/2016\/12\/110_BC-jpg.jpg","thumbnail_image_url":"https:\/\/palatul-culturii.ro\/wp-content\/uploads\/2016\/12\/110_BC-jpg-150x150.jpg","large_srcset":"https:\/\/palatul-culturii.ro\/wp-content\/uploads\/2016\/12\/110_BC-jpg-549x1024.jpg 549w, https:\/\/palatul-culturii.ro\/wp-content\/uploads\/2016\/12\/110_BC-jpg-255x476.jpg 255w, https:\/\/palatul-culturii.ro\/wp-content\/uploads\/2016\/12\/110_BC-jpg-768x1433.jpg 768w, https:\/\/palatul-culturii.ro\/wp-content\/uploads\/2016\/12\/110_BC-jpg.jpg 1284w","medium_srcset":"https:\/\/palatul-culturii.ro\/wp-content\/uploads\/2016\/12\/110_BC-jpg-255x476.jpg 255w, https:\/\/palatul-culturii.ro\/wp-content\/uploads\/2016\/12\/110_BC-jpg-768x1433.jpg 768w, https:\/\/palatul-culturii.ro\/wp-content\/uploads\/2016\/12\/110_BC-jpg-549x1024.jpg 549w, https:\/\/palatul-culturii.ro\/wp-content\/uploads\/2016\/12\/110_BC-jpg.jpg 1284w","media_details":{"width":1284,"height":2396,"sizes":{"thumbnail":{"file":"110_BC-jpg-150x150.jpg","width":150,"height":150,"mime-type":"image\/jpeg","source_url":"https:\/\/palatul-culturii.ro\/wp-content\/uploads\/2016\/12\/110_BC-jpg-150x150.jpg"},"medium":{"file":"110_BC-jpg-255x476.jpg","width":255,"height":476,"mime-type":"image\/jpeg","source_url":"https:\/\/palatul-culturii.ro\/wp-content\/uploads\/2016\/12\/110_BC-jpg-255x476.jpg"},"medium_large":{"file":"110_BC-jpg-768x1433.jpg","width":768,"height":1433,"mime-type":"image\/jpeg","source_url":"https:\/\/palatul-culturii.ro\/wp-content\/uploads\/2016\/12\/110_BC-jpg-768x1433.jpg"},"large":{"file":"110_BC-jpg-549x1024.jpg","width":549,"height":1024,"mime-type":"image\/jpeg","source_url":"https:\/\/palatul-culturii.ro\/wp-content\/uploads\/2016\/12\/110_BC-jpg-549x1024.jpg"},"square-thumb":{"file":"110_BC-jpg-660x660.jpg","width":660,"height":660,"mime-type":"image\/jpeg","source_url":"https:\/\/palatul-culturii.ro\/wp-content\/uploads\/2016\/12\/110_BC-jpg-660x660.jpg"},"square-thumb-half":{"file":"110_BC-jpg-660x330.jpg","width":660,"height":330,"mime-type":"image\/jpeg","source_url":"https:\/\/palatul-culturii.ro\/wp-content\/uploads\/2016\/12\/110_BC-jpg-660x330.jpg"},"square-thumb-third":{"file":"110_BC-jpg-660x440.jpg","width":660,"height":440,"mime-type":"image\/jpeg","source_url":"https:\/\/palatul-culturii.ro\/wp-content\/uploads\/2016\/12\/110_BC-jpg-660x440.jpg"},"grid-list-thumb":{"file":"110_BC-jpg-220x220.jpg","width":220,"height":220,"mime-type":"image\/jpeg","source_url":"https:\/\/palatul-culturii.ro\/wp-content\/uploads\/2016\/12\/110_BC-jpg-220x220.jpg"},"page-slider-thumb":{"file":"110_BC-jpg-476x476.jpg","width":476,"height":476,"mime-type":"image\/jpeg","source_url":"https:\/\/palatul-culturii.ro\/wp-content\/uploads\/2016\/12\/110_BC-jpg-476x476.jpg"}}},"alt_text":"","url":"","target":""},{"id":360,"title":"108_B_elozo oldalra, azzal a keppel egyutt jpg","caption":"","full_image_url":"https:\/\/palatul-culturii.ro\/wp-content\/uploads\/2016\/12\/108_B_elozo-oldalra-azzal-a-keppel-egyutt-jpg.jpg","thumbnail_image_url":"https:\/\/palatul-culturii.ro\/wp-content\/uploads\/2016\/12\/108_B_elozo-oldalra-azzal-a-keppel-egyutt-jpg-150x150.jpg","large_srcset":"https:\/\/palatul-culturii.ro\/wp-content\/uploads\/2016\/12\/108_B_elozo-oldalra-azzal-a-keppel-egyutt-jpg-901x1024.jpg 901w, https:\/\/palatul-culturii.ro\/wp-content\/uploads\/2016\/12\/108_B_elozo-oldalra-azzal-a-keppel-egyutt-jpg-419x476.jpg 419w, https:\/\/palatul-culturii.ro\/wp-content\/uploads\/2016\/12\/108_B_elozo-oldalra-azzal-a-keppel-egyutt-jpg-768x873.jpg 768w, https:\/\/palatul-culturii.ro\/wp-content\/uploads\/2016\/12\/108_B_elozo-oldalra-azzal-a-keppel-egyutt-jpg.jpg 1775w","medium_srcset":"https:\/\/palatul-culturii.ro\/wp-content\/uploads\/2016\/12\/108_B_elozo-oldalra-azzal-a-keppel-egyutt-jpg-419x476.jpg 419w, https:\/\/palatul-culturii.ro\/wp-content\/uploads\/2016\/12\/108_B_elozo-oldalra-azzal-a-keppel-egyutt-jpg-768x873.jpg 768w, https:\/\/palatul-culturii.ro\/wp-content\/uploads\/2016\/12\/108_B_elozo-oldalra-azzal-a-keppel-egyutt-jpg-901x1024.jpg 901w, https:\/\/palatul-culturii.ro\/wp-content\/uploads\/2016\/12\/108_B_elozo-oldalra-azzal-a-keppel-egyutt-jpg.jpg 1775w","media_details":{"width":1775,"height":2017,"sizes":{"thumbnail":{"file":"108_B_elozo-oldalra-azzal-a-keppel-egyutt-jpg-150x150.jpg","width":150,"height":150,"mime-type":"image\/jpeg","source_url":"https:\/\/palatul-culturii.ro\/wp-content\/uploads\/2016\/12\/108_B_elozo-oldalra-azzal-a-keppel-egyutt-jpg-150x150.jpg"},"medium":{"file":"108_B_elozo-oldalra-azzal-a-keppel-egyutt-jpg-419x476.jpg","width":419,"height":476,"mime-type":"image\/jpeg","source_url":"https:\/\/palatul-culturii.ro\/wp-content\/uploads\/2016\/12\/108_B_elozo-oldalra-azzal-a-keppel-egyutt-jpg-419x476.jpg"},"medium_large":{"file":"108_B_elozo-oldalra-azzal-a-keppel-egyutt-jpg-768x873.jpg","width":768,"height":873,"mime-type":"image\/jpeg","source_url":"https:\/\/palatul-culturii.ro\/wp-content\/uploads\/2016\/12\/108_B_elozo-oldalra-azzal-a-keppel-egyutt-jpg-768x873.jpg"},"large":{"file":"108_B_elozo-oldalra-azzal-a-keppel-egyutt-jpg-901x1024.jpg","width":901,"height":1024,"mime-type":"image\/jpeg","source_url":"https:\/\/palatul-culturii.ro\/wp-content\/uploads\/2016\/12\/108_B_elozo-oldalra-azzal-a-keppel-egyutt-jpg-901x1024.jpg"},"square-thumb":{"file":"108_B_elozo-oldalra-azzal-a-keppel-egyutt-jpg-660x660.jpg","width":660,"height":660,"mime-type":"image\/jpeg","source_url":"https:\/\/palatul-culturii.ro\/wp-content\/uploads\/2016\/12\/108_B_elozo-oldalra-azzal-a-keppel-egyutt-jpg-660x660.jpg"},"square-thumb-half":{"file":"108_B_elozo-oldalra-azzal-a-keppel-egyutt-jpg-660x330.jpg","width":660,"height":330,"mime-type":"image\/jpeg","source_url":"https:\/\/palatul-culturii.ro\/wp-content\/uploads\/2016\/12\/108_B_elozo-oldalra-azzal-a-keppel-egyutt-jpg-660x330.jpg"},"square-thumb-third":{"file":"108_B_elozo-oldalra-azzal-a-keppel-egyutt-jpg-660x440.jpg","width":660,"height":440,"mime-type":"image\/jpeg","source_url":"https:\/\/palatul-culturii.ro\/wp-content\/uploads\/2016\/12\/108_B_elozo-oldalra-azzal-a-keppel-egyutt-jpg-660x440.jpg"},"grid-list-thumb":{"file":"108_B_elozo-oldalra-azzal-a-keppel-egyutt-jpg-220x220.jpg","width":220,"height":220,"mime-type":"image\/jpeg","source_url":"https:\/\/palatul-culturii.ro\/wp-content\/uploads\/2016\/12\/108_B_elozo-oldalra-azzal-a-keppel-egyutt-jpg-220x220.jpg"},"page-slider-thumb":{"file":"108_B_elozo-oldalra-azzal-a-keppel-egyutt-jpg-476x476.jpg","width":476,"height":476,"mime-type":"image\/jpeg","source_url":"https:\/\/palatul-culturii.ro\/wp-content\/uploads\/2016\/12\/108_B_elozo-oldalra-azzal-a-keppel-egyutt-jpg-476x476.jpg"}}},"alt_text":"","url":"","target":""},{"id":359,"title":"107_AB_Fekete_hatterrel jpg","caption":"","full_image_url":"https:\/\/palatul-culturii.ro\/wp-content\/uploads\/2016\/12\/107_AB_Fekete_hatterrel-jpg.jpg","thumbnail_image_url":"https:\/\/palatul-culturii.ro\/wp-content\/uploads\/2016\/12\/107_AB_Fekete_hatterrel-jpg-150x150.jpg","large_srcset":"https:\/\/palatul-culturii.ro\/wp-content\/uploads\/2016\/12\/107_AB_Fekete_hatterrel-jpg-1024x603.jpg 1024w, https:\/\/palatul-culturii.ro\/wp-content\/uploads\/2016\/12\/107_AB_Fekete_hatterrel-jpg-476x280.jpg 476w, https:\/\/palatul-culturii.ro\/wp-content\/uploads\/2016\/12\/107_AB_Fekete_hatterrel-jpg-768x452.jpg 768w","medium_srcset":"https:\/\/palatul-culturii.ro\/wp-content\/uploads\/2016\/12\/107_AB_Fekete_hatterrel-jpg-476x280.jpg 476w, https:\/\/palatul-culturii.ro\/wp-content\/uploads\/2016\/12\/107_AB_Fekete_hatterrel-jpg-768x452.jpg 768w, https:\/\/palatul-culturii.ro\/wp-content\/uploads\/2016\/12\/107_AB_Fekete_hatterrel-jpg-1024x603.jpg 1024w","media_details":{"width":3432,"height":2020,"sizes":{"thumbnail":{"file":"107_AB_Fekete_hatterrel-jpg-150x150.jpg","width":150,"height":150,"mime-type":"image\/jpeg","source_url":"https:\/\/palatul-culturii.ro\/wp-content\/uploads\/2016\/12\/107_AB_Fekete_hatterrel-jpg-150x150.jpg"},"medium":{"file":"107_AB_Fekete_hatterrel-jpg-476x280.jpg","width":476,"height":280,"mime-type":"image\/jpeg","source_url":"https:\/\/palatul-culturii.ro\/wp-content\/uploads\/2016\/12\/107_AB_Fekete_hatterrel-jpg-476x280.jpg"},"medium_large":{"file":"107_AB_Fekete_hatterrel-jpg-768x452.jpg","width":768,"height":452,"mime-type":"image\/jpeg","source_url":"https:\/\/palatul-culturii.ro\/wp-content\/uploads\/2016\/12\/107_AB_Fekete_hatterrel-jpg-768x452.jpg"},"large":{"file":"107_AB_Fekete_hatterrel-jpg-1024x603.jpg","width":1024,"height":603,"mime-type":"image\/jpeg","source_url":"https:\/\/palatul-culturii.ro\/wp-content\/uploads\/2016\/12\/107_AB_Fekete_hatterrel-jpg-1024x603.jpg"},"square-thumb":{"file":"107_AB_Fekete_hatterrel-jpg-660x660.jpg","width":660,"height":660,"mime-type":"image\/jpeg","source_url":"https:\/\/palatul-culturii.ro\/wp-content\/uploads\/2016\/12\/107_AB_Fekete_hatterrel-jpg-660x660.jpg"},"square-thumb-half":{"file":"107_AB_Fekete_hatterrel-jpg-660x330.jpg","width":660,"height":330,"mime-type":"image\/jpeg","source_url":"https:\/\/palatul-culturii.ro\/wp-content\/uploads\/2016\/12\/107_AB_Fekete_hatterrel-jpg-660x330.jpg"},"square-thumb-third":{"file":"107_AB_Fekete_hatterrel-jpg-660x440.jpg","width":660,"height":440,"mime-type":"image\/jpeg","source_url":"https:\/\/palatul-culturii.ro\/wp-content\/uploads\/2016\/12\/107_AB_Fekete_hatterrel-jpg-660x440.jpg"},"grid-list-thumb":{"file":"107_AB_Fekete_hatterrel-jpg-220x220.jpg","width":220,"height":220,"mime-type":"image\/jpeg","source_url":"https:\/\/palatul-culturii.ro\/wp-content\/uploads\/2016\/12\/107_AB_Fekete_hatterrel-jpg-220x220.jpg"},"page-slider-thumb":{"file":"107_AB_Fekete_hatterrel-jpg-476x476.jpg","width":476,"height":476,"mime-type":"image\/jpeg","source_url":"https:\/\/palatul-culturii.ro\/wp-content\/uploads\/2016\/12\/107_AB_Fekete_hatterrel-jpg-476x476.jpg"}}},"alt_text":"","url":"","target":""},{"id":358,"title":"105_B jpg","caption":"","full_image_url":"https:\/\/palatul-culturii.ro\/wp-content\/uploads\/2016\/12\/105_B-jpg.jpg","thumbnail_image_url":"https:\/\/palatul-culturii.ro\/wp-content\/uploads\/2016\/12\/105_B-jpg-150x150.jpg","large_srcset":"https:\/\/palatul-culturii.ro\/wp-content\/uploads\/2016\/12\/105_B-jpg-1024x683.jpg 1024w, https:\/\/palatul-culturii.ro\/wp-content\/uploads\/2016\/12\/105_B-jpg-476x317.jpg 476w, https:\/\/palatul-culturii.ro\/wp-content\/uploads\/2016\/12\/105_B-jpg-768x512.jpg 768w, https:\/\/palatul-culturii.ro\/wp-content\/uploads\/2016\/12\/105_B-jpg-660x440.jpg 660w","medium_srcset":"https:\/\/palatul-culturii.ro\/wp-content\/uploads\/2016\/12\/105_B-jpg-476x317.jpg 476w, https:\/\/palatul-culturii.ro\/wp-content\/uploads\/2016\/12\/105_B-jpg-768x512.jpg 768w, https:\/\/palatul-culturii.ro\/wp-content\/uploads\/2016\/12\/105_B-jpg-1024x683.jpg 1024w, https:\/\/palatul-culturii.ro\/wp-content\/uploads\/2016\/12\/105_B-jpg-660x440.jpg 660w","media_details":{"width":5184,"height":3456,"sizes":{"thumbnail":{"file":"105_B-jpg-150x150.jpg","width":150,"height":150,"mime-type":"image\/jpeg","source_url":"https:\/\/palatul-culturii.ro\/wp-content\/uploads\/2016\/12\/105_B-jpg-150x150.jpg"},"medium":{"file":"105_B-jpg-476x317.jpg","width":476,"height":317,"mime-type":"image\/jpeg","source_url":"https:\/\/palatul-culturii.ro\/wp-content\/uploads\/2016\/12\/105_B-jpg-476x317.jpg"},"medium_large":{"file":"105_B-jpg-768x512.jpg","width":768,"height":512,"mime-type":"image\/jpeg","source_url":"https:\/\/palatul-culturii.ro\/wp-content\/uploads\/2016\/12\/105_B-jpg-768x512.jpg"},"large":{"file":"105_B-jpg-1024x683.jpg","width":1024,"height":683,"mime-type":"image\/jpeg","source_url":"https:\/\/palatul-culturii.ro\/wp-content\/uploads\/2016\/12\/105_B-jpg-1024x683.jpg"},"square-thumb":{"file":"105_B-jpg-660x660.jpg","width":660,"height":660,"mime-type":"image\/jpeg","source_url":"https:\/\/palatul-culturii.ro\/wp-content\/uploads\/2016\/12\/105_B-jpg-660x660.jpg"},"square-thumb-half":{"file":"105_B-jpg-660x330.jpg","width":660,"height":330,"mime-type":"image\/jpeg","source_url":"https:\/\/palatul-culturii.ro\/wp-content\/uploads\/2016\/12\/105_B-jpg-660x330.jpg"},"square-thumb-third":{"file":"105_B-jpg-660x440.jpg","width":660,"height":440,"mime-type":"image\/jpeg","source_url":"https:\/\/palatul-culturii.ro\/wp-content\/uploads\/2016\/12\/105_B-jpg-660x440.jpg"},"grid-list-thumb":{"file":"105_B-jpg-220x220.jpg","width":220,"height":220,"mime-type":"image\/jpeg","source_url":"https:\/\/palatul-culturii.ro\/wp-content\/uploads\/2016\/12\/105_B-jpg-220x220.jpg"},"page-slider-thumb":{"file":"105_B-jpg-476x476.jpg","width":476,"height":476,"mime-type":"image\/jpeg","source_url":"https:\/\/palatul-culturii.ro\/wp-content\/uploads\/2016\/12\/105_B-jpg-476x476.jpg"}}},"alt_text":"","url":"","target":""},{"id":357,"title":"103_B jpg","caption":"","full_image_url":"https:\/\/palatul-culturii.ro\/wp-content\/uploads\/2016\/12\/103_B-jpg.jpg","thumbnail_image_url":"https:\/\/palatul-culturii.ro\/wp-content\/uploads\/2016\/12\/103_B-jpg-150x150.jpg","large_srcset":"https:\/\/palatul-culturii.ro\/wp-content\/uploads\/2016\/12\/103_B-jpg-1024x597.jpg 1024w, https:\/\/palatul-culturii.ro\/wp-content\/uploads\/2016\/12\/103_B-jpg-476x278.jpg 476w, https:\/\/palatul-culturii.ro\/wp-content\/uploads\/2016\/12\/103_B-jpg-768x448.jpg 768w","medium_srcset":"https:\/\/palatul-culturii.ro\/wp-content\/uploads\/2016\/12\/103_B-jpg-476x278.jpg 476w, https:\/\/palatul-culturii.ro\/wp-content\/uploads\/2016\/12\/103_B-jpg-768x448.jpg 768w, https:\/\/palatul-culturii.ro\/wp-content\/uploads\/2016\/12\/103_B-jpg-1024x597.jpg 1024w","media_details":{"width":5184,"height":3024,"sizes":{"thumbnail":{"file":"103_B-jpg-150x150.jpg","width":150,"height":150,"mime-type":"image\/jpeg","source_url":"https:\/\/palatul-culturii.ro\/wp-content\/uploads\/2016\/12\/103_B-jpg-150x150.jpg"},"medium":{"file":"103_B-jpg-476x278.jpg","width":476,"height":278,"mime-type":"image\/jpeg","source_url":"https:\/\/palatul-culturii.ro\/wp-content\/uploads\/2016\/12\/103_B-jpg-476x278.jpg"},"medium_large":{"file":"103_B-jpg-768x448.jpg","width":768,"height":448,"mime-type":"image\/jpeg","source_url":"https:\/\/palatul-culturii.ro\/wp-content\/uploads\/2016\/12\/103_B-jpg-768x448.jpg"},"large":{"file":"103_B-jpg-1024x597.jpg","width":1024,"height":597,"mime-type":"image\/jpeg","source_url":"https:\/\/palatul-culturii.ro\/wp-content\/uploads\/2016\/12\/103_B-jpg-1024x597.jpg"},"square-thumb":{"file":"103_B-jpg-660x660.jpg","width":660,"height":660,"mime-type":"image\/jpeg","source_url":"https:\/\/palatul-culturii.ro\/wp-content\/uploads\/2016\/12\/103_B-jpg-660x660.jpg"},"square-thumb-half":{"file":"103_B-jpg-660x330.jpg","width":660,"height":330,"mime-type":"image\/jpeg","source_url":"https:\/\/palatul-culturii.ro\/wp-content\/uploads\/2016\/12\/103_B-jpg-660x330.jpg"},"square-thumb-third":{"file":"103_B-jpg-660x440.jpg","width":660,"height":440,"mime-type":"image\/jpeg","source_url":"https:\/\/palatul-culturii.ro\/wp-content\/uploads\/2016\/12\/103_B-jpg-660x440.jpg"},"grid-list-thumb":{"file":"103_B-jpg-220x220.jpg","width":220,"height":220,"mime-type":"image\/jpeg","source_url":"https:\/\/palatul-culturii.ro\/wp-content\/uploads\/2016\/12\/103_B-jpg-220x220.jpg"},"page-slider-thumb":{"file":"103_B-jpg-476x476.jpg","width":476,"height":476,"mime-type":"image\/jpeg","source_url":"https:\/\/palatul-culturii.ro\/wp-content\/uploads\/2016\/12\/103_B-jpg-476x476.jpg"}}},"alt_text":"","url":"","target":""},{"id":356,"title":"102_B jpg","caption":"","full_image_url":"https:\/\/palatul-culturii.ro\/wp-content\/uploads\/2016\/12\/102_B-jpg.jpg","thumbnail_image_url":"https:\/\/palatul-culturii.ro\/wp-content\/uploads\/2016\/12\/102_B-jpg-150x150.jpg","large_srcset":"https:\/\/palatul-culturii.ro\/wp-content\/uploads\/2016\/12\/102_B-jpg-1024x683.jpg 1024w, https:\/\/palatul-culturii.ro\/wp-content\/uploads\/2016\/12\/102_B-jpg-476x317.jpg 476w, https:\/\/palatul-culturii.ro\/wp-content\/uploads\/2016\/12\/102_B-jpg-768x512.jpg 768w, https:\/\/palatul-culturii.ro\/wp-content\/uploads\/2016\/12\/102_B-jpg-660x440.jpg 660w","medium_srcset":"https:\/\/palatul-culturii.ro\/wp-content\/uploads\/2016\/12\/102_B-jpg-476x317.jpg 476w, https:\/\/palatul-culturii.ro\/wp-content\/uploads\/2016\/12\/102_B-jpg-768x512.jpg 768w, https:\/\/palatul-culturii.ro\/wp-content\/uploads\/2016\/12\/102_B-jpg-1024x683.jpg 1024w, https:\/\/palatul-culturii.ro\/wp-content\/uploads\/2016\/12\/102_B-jpg-660x440.jpg 660w","media_details":{"width":5184,"height":3456,"sizes":{"thumbnail":{"file":"102_B-jpg-150x150.jpg","width":150,"height":150,"mime-type":"image\/jpeg","source_url":"https:\/\/palatul-culturii.ro\/wp-content\/uploads\/2016\/12\/102_B-jpg-150x150.jpg"},"medium":{"file":"102_B-jpg-476x317.jpg","width":476,"height":317,"mime-type":"image\/jpeg","source_url":"https:\/\/palatul-culturii.ro\/wp-content\/uploads\/2016\/12\/102_B-jpg-476x317.jpg"},"medium_large":{"file":"102_B-jpg-768x512.jpg","width":768,"height":512,"mime-type":"image\/jpeg","source_url":"https:\/\/palatul-culturii.ro\/wp-content\/uploads\/2016\/12\/102_B-jpg-768x512.jpg"},"large":{"file":"102_B-jpg-1024x683.jpg","width":1024,"height":683,"mime-type":"image\/jpeg","source_url":"https:\/\/palatul-culturii.ro\/wp-content\/uploads\/2016\/12\/102_B-jpg-1024x683.jpg"},"square-thumb":{"file":"102_B-jpg-660x660.jpg","width":660,"height":660,"mime-type":"image\/jpeg","source_url":"https:\/\/palatul-culturii.ro\/wp-content\/uploads\/2016\/12\/102_B-jpg-660x660.jpg"},"square-thumb-half":{"file":"102_B-jpg-660x330.jpg","width":660,"height":330,"mime-type":"image\/jpeg","source_url":"https:\/\/palatul-culturii.ro\/wp-content\/uploads\/2016\/12\/102_B-jpg-660x330.jpg"},"square-thumb-third":{"file":"102_B-jpg-660x440.jpg","width":660,"height":440,"mime-type":"image\/jpeg","source_url":"https:\/\/palatul-culturii.ro\/wp-content\/uploads\/2016\/12\/102_B-jpg-660x440.jpg"},"grid-list-thumb":{"file":"102_B-jpg-220x220.jpg","width":220,"height":220,"mime-type":"image\/jpeg","source_url":"https:\/\/palatul-culturii.ro\/wp-content\/uploads\/2016\/12\/102_B-jpg-220x220.jpg"},"page-slider-thumb":{"file":"102_B-jpg-476x476.jpg","width":476,"height":476,"mime-type":"image\/jpeg","source_url":"https:\/\/palatul-culturii.ro\/wp-content\/uploads\/2016\/12\/102_B-jpg-476x476.jpg"}}},"alt_text":"","url":"","target":""}]]}},"_links":{"self":[{"href":"https:\/\/palatul-culturii.ro\/hu\/wp-json\/wp\/v2\/pages\/353","targetHints":{"allow":["GET"]}}],"collection":[{"href":"https:\/\/palatul-culturii.ro\/hu\/wp-json\/wp\/v2\/pages"}],"about":[{"href":"https:\/\/palatul-culturii.ro\/hu\/wp-json\/wp\/v2\/types\/page"}],"author":[{"embeddable":true,"href":"https:\/\/palatul-culturii.ro\/hu\/wp-json\/wp\/v2\/users\/5"}],"replies":[{"embeddable":true,"href":"https:\/\/palatul-culturii.ro\/hu\/wp-json\/wp\/v2\/comments?post=353"}],"version-history":[{"count":6,"href":"https:\/\/palatul-culturii.ro\/hu\/wp-json\/wp\/v2\/pages\/353\/revisions"}],"predecessor-version":[{"id":1341,"href":"https:\/\/palatul-culturii.ro\/hu\/wp-json\/wp\/v2\/pages\/353\/revisions\/1341"}],"up":[{"embeddable":true,"href":"https:\/\/palatul-culturii.ro\/hu\/wp-json\/wp\/v2\/pages\/268"}],"wp:featuredmedia":[{"embeddable":true,"href":"https:\/\/palatul-culturii.ro\/hu\/wp-json\/wp\/v2\/media\/356"}],"wp:attachment":[{"href":"https:\/\/palatul-culturii.ro\/hu\/wp-json\/wp\/v2\/media?parent=353"}],"curies":[{"name":"wp","href":"https:\/\/api.w.org\/{rel}","templated":true}]}}