{"id":34,"date":"2016-12-09T11:40:16","date_gmt":"2016-12-09T11:40:16","guid":{"rendered":"http:\/\/192.168.0.120\/kulturpalota\/?page_id=34"},"modified":"2018-02-12T16:18:48","modified_gmt":"2018-02-12T16:18:48","slug":"contact","status":"publish","type":"page","link":"https:\/\/palatul-culturii.ro\/hu\/contact\/","title":{"rendered":"Kapcsolat"},"content":{"rendered":"<p><strong>Jegyp\u00e9nzt\u00e1r<\/strong><\/p>\n<p>Telefonsz\u00e1m: +40-365-451.034<\/p>\n<p><strong>Adminisztr\u00e1ci\u00f3<\/strong><\/p>\n<p>Telefonsz\u00e1m: +40-265-267.629<\/p>\n<p><strong>Kapus-szoba<\/strong><\/p>\n<p>Telefonsz\u00e1m: +40-265-269.946<\/p>","protected":false},"excerpt":{"rendered":"<p>Jegyp\u00e9nzt\u00e1r Telefonsz\u00e1m: +40-365-451.034 Adminisztr\u00e1ci\u00f3 Telefonsz\u00e1m: +40-265-267.629 Kapus-szoba Telefonsz\u00e1m: +40-265-269.946<\/p>\n","protected":false},"author":5,"featured_media":0,"parent":0,"menu_order":0,"comment_status":"closed","ping_status":"closed","template":"","meta":{"_acf_changed":false,"footnotes":""},"class_list":["post-34","page","type-page","status-publish","hentry"],"acf":{"photo_gallery":{"upload_images":[[]]}},"_links":{"self":[{"href":"https:\/\/palatul-culturii.ro\/hu\/wp-json\/wp\/v2\/pages\/34","targetHints":{"allow":["GET"]}}],"collection":[{"href":"https:\/\/palatul-culturii.ro\/hu\/wp-json\/wp\/v2\/pages"}],"about":[{"href":"https:\/\/palatul-culturii.ro\/hu\/wp-json\/wp\/v2\/types\/page"}],"author":[{"embeddable":true,"href":"https:\/\/palatul-culturii.ro\/hu\/wp-json\/wp\/v2\/users\/5"}],"replies":[{"embeddable":true,"href":"https:\/\/palatul-culturii.ro\/hu\/wp-json\/wp\/v2\/comments?post=34"}],"version-history":[{"count":10,"href":"https:\/\/palatul-culturii.ro\/hu\/wp-json\/wp\/v2\/pages\/34\/revisions"}],"predecessor-version":[{"id":784,"href":"https:\/\/palatul-culturii.ro\/hu\/wp-json\/wp\/v2\/pages\/34\/revisions\/784"}],"wp:attachment":[{"href":"https:\/\/palatul-culturii.ro\/hu\/wp-json\/wp\/v2\/media?parent=34"}],"curies":[{"name":"wp","href":"https:\/\/api.w.org\/{rel}","templated":true}]}}