{"id":31,"date":"2016-12-09T11:39:42","date_gmt":"2016-12-09T11:39:42","guid":{"rendered":"http:\/\/192.168.0.120\/kulturpalota\/?page_id=31"},"modified":"2018-01-12T09:47:51","modified_gmt":"2018-01-12T09:47:51","slug":"despre-noi","status":"publish","type":"page","link":"https:\/\/palatul-culturii.ro\/hu\/despre-noi\/","title":{"rendered":"R\u00f3lunk"},"content":{"rendered":"<p>A Marosv\u00e1s\u00e1rhelyi Kult\u00farpalota m\u0171k\u00f6dtet\u0151je a Maros Megyei M\u00fazeum, fenntart\u00f3ja a Maros Megyei Tan\u00e1cs. Az \u00e9p\u00fcletben sz\u00e1mos kultur\u00e1lis int\u00e9zm\u00e9ny, a Marosv\u00e1s\u00e1rhelyi \u00c1llami Filharm\u00f3nia, a Maros Megyei K\u00f6nyvt\u00e1r, a M\u00fazeum ki\u00e1ll\u00edt\u00f3termei \u00e9s adminisztr\u00e1ci\u00f3s oszt\u00e1lya kap helyet.<\/p>","protected":false},"excerpt":{"rendered":"<p>A Marosv\u00e1s\u00e1rhelyi Kult\u00farpalota m\u0171k\u00f6dtet\u0151je a Maros Megyei M\u00fazeum, fenntart\u00f3ja a Maros Megyei Tan\u00e1cs. Az \u00e9p\u00fcletben sz\u00e1mos kultur\u00e1lis int\u00e9zm\u00e9ny, a Marosv\u00e1s\u00e1rhelyi \u00c1llami Filharm\u00f3nia, a Maros Megyei K\u00f6nyvt\u00e1r, a M\u00fazeum ki\u00e1ll\u00edt\u00f3termei \u00e9s adminisztr\u00e1ci\u00f3s oszt\u00e1lya kap helyet.<\/p>\n","protected":false},"author":5,"featured_media":0,"parent":0,"menu_order":0,"comment_status":"closed","ping_status":"closed","template":"custom-members.php","meta":{"_acf_changed":false,"footnotes":""},"class_list":["post-31","page","type-page","status-publish","hentry"],"acf":{"photo_gallery":{"upload_images":[[]]}},"_links":{"self":[{"href":"https:\/\/palatul-culturii.ro\/hu\/wp-json\/wp\/v2\/pages\/31","targetHints":{"allow":["GET"]}}],"collection":[{"href":"https:\/\/palatul-culturii.ro\/hu\/wp-json\/wp\/v2\/pages"}],"about":[{"href":"https:\/\/palatul-culturii.ro\/hu\/wp-json\/wp\/v2\/types\/page"}],"author":[{"embeddable":true,"href":"https:\/\/palatul-culturii.ro\/hu\/wp-json\/wp\/v2\/users\/5"}],"replies":[{"embeddable":true,"href":"https:\/\/palatul-culturii.ro\/hu\/wp-json\/wp\/v2\/comments?post=31"}],"version-history":[{"count":29,"href":"https:\/\/palatul-culturii.ro\/hu\/wp-json\/wp\/v2\/pages\/31\/revisions"}],"predecessor-version":[{"id":738,"href":"https:\/\/palatul-culturii.ro\/hu\/wp-json\/wp\/v2\/pages\/31\/revisions\/738"}],"wp:attachment":[{"href":"https:\/\/palatul-culturii.ro\/hu\/wp-json\/wp\/v2\/media?parent=31"}],"curies":[{"name":"wp","href":"https:\/\/api.w.org\/{rel}","templated":true}]}}