{"id":268,"date":"2016-12-22T08:52:11","date_gmt":"2016-12-22T08:52:11","guid":{"rendered":"http:\/\/192.168.0.120\/kulturpalota\/?page_id=268"},"modified":"2018-01-12T09:50:40","modified_gmt":"2018-01-12T09:50:40","slug":"istoria-palatului","status":"publish","type":"page","link":"https:\/\/palatul-culturii.ro\/hu\/istoria-palatului\/","title":{"rendered":"T\u00f6rt\u00e9nete"},"content":{"rendered":"<p>A legels\u0151 alaprajzi tervvari\u00e1nsok 1908 augusztusa \u00e9s okt\u00f3bere k\u00f6z\u00f6tt k\u00e9sz\u00fcltek. Ezek szerint a k\u00e9temeletesre tervezett \u00e9p\u00fclet hangversenyteremnek, zeneiskol\u00e1nak, m\u00fazeumnak \u00e9s k\u00f6nyvt\u00e1rnak adott volna otthont, a f\u00f6ldszintre \u00fczlethelyis\u00e9geket, illetve k\u00e1v\u00e9h\u00e1zat k\u00e9pzeltek el. A k\u00f6vetkez\u0151 \u00e9vben a be\u00e9p\u00edt\u00e9si helysz\u00edn b\u0151v\u00fcl\u00e9s\u00e9vel lehet\u0151s\u00e9g ny\u00edlt a k\u00fcl\u00f6nb\u00f6z\u0151 int\u00e9zm\u00e9nyeknek sz\u00e1nt belterek hat\u00e1rozottabb k\u00fcl\u00f6nv\u00e1laszt\u00e1s\u00e1ra. A k\u00f6z\u00e9ps\u0151 traktusban a hangversenyterem \u00e9s az ahhoz kapcsol\u00f3d\u00f3 reprezentat\u00edv helyis\u00e9gek: a f\u00f6ldszinten a folyos\u00f3, az els\u0151 emeleten a t\u00fck\u00f6rterem \u00e9s a kisterem kaptak helyet. A zeneiskol\u00e1t a Sz\u00e9chenyi t\u00e9r fel\u0151li sz\u00e1rnyban helyezt\u00e9k el. Az elk\u00fcl\u00f6n\u00fcl\u0151 \u00e9p\u00fcletr\u00e9szk\u00e9nt kialak\u00edtott k\u00f6nyvt\u00e1r t\u00f6mbje l\u00e9pcs\u0151h\u00e1zzal csatlakozik a t\u0151le d\u00e9lre h\u00faz\u00f3d\u00f3 f\u0151\u00e9p\u00fclethez, melynek m\u00e1sodik emelet\u00e9t teljes eg\u00e9sz\u00e9ben a m\u00fazeumnak sz\u00e1nt\u00e1k. 1910 janu\u00e1rj\u00e1ban k\u00e9sz\u00fcltek el a v\u00e9glegesnek sz\u00e1nt tervek a k\u00e9temeletes \u00e9p\u00fcletre.<\/p>\n<p>Az \u00e9p\u00edtkez\u00e9s csak 1911 tavasz\u00e1n kezd\u0151d\u00f6tt meg. Mindek\u00f6zben Bern\u00e1dy Gy\u00f6rgy polg\u00e1rmester New Yorkba utazott, az amerikai f\u00f6ldg\u00e1zkitermel\u00e9s tanulm\u00e1nyoz\u00e1s\u00e1ra. A hossz\u00fa haj\u00f3\u00fat alatt sokat gondolkodhatott a K\u00f6zm\u0171vel\u0151d\u00e9si H\u00e1z \u00e9p\u00edtkez\u00e9s\u00e9n, mert j\u00fanius 14-\u00e9n levelet \u00edrt a polg\u00e1rmester-helyettesnek. Arra k\u00e9rte \u0151t, hogy m\u00e9g egy emeletet terveztessen a Kult\u00farpalot\u00e1ra, mert a zeneiskola m\u00e1r bek\u00f6lt\u00f6z\u00e9sekor sem fog elf\u00e9rni az \u00e9p\u00fcletben. Komor \u00e9s Jakab irod\u00e1ja sok\u00e1ig ellen\u00e1llt az \u00fajabb v\u00e1ltoztat\u00e1snak. Nemcsak az\u00e9rt, mert az \u00e9p\u00edtkez\u00e9s m\u00e1r elindult, \u00e9s mindez statikai probl\u00e9m\u00e1kat vetett fel, hanem az\u00e9rt is, mert a tervezett k\u00f6zm\u0171vel\u0151d\u00e9si h\u00e1z m\u00e9reteivel \u00e9s homlokzatainak ar\u00e1ny\u00e1val addig \u00f6sszhangban \u00e1llt a szomsz\u00e9dos v\u00e1rosh\u00e1z\u00e1val. A sok levelez\u00e9s eredm\u00e9nyek\u00e9ppen v\u00e9g\u00fcl m\u00e9gis teljes\u00fclt a polg\u00e1rmester akarata: 1911 szeptember\u00e9re elk\u00e9sz\u00fclt az \u00fajabb terv a harmadik emelettel. Ekkor \u00e9ppen a m\u00e1sodik emelet falaz\u00e1s\u00e1hoz fogtak.<\/p>\n<p>Az architekt\u00fara kialak\u00edt\u00e1sa Komor \u00e9s Jakab m\u0171ve, de az \u00e9p\u00fclet ikonogr\u00e1fiai programj\u00e1n \u00e9s k\u00fcls\u0151-bels\u0151 d\u00edsz\u00edt\u00e9s\u00e9n els\u0151sorban nem \u0151k, hanem a g\u00f6d\u00f6ll\u0151i m\u0171v\u00e9sztelep tagjai dolgoztak (K\u00f6r\u00f6sf\u0151i-Kriesch Alad\u00e1r, Nagy S\u00e1ndor, Sidl\u00f3 Ferenc stb.). Annak \u00e9rdek\u00e9ben, hogy a k\u00f6zm\u0171vel\u0151d\u00e9si h\u00e1z a magyar k\u00e9pz\u0151- \u00e9s iparm\u0171v\u00e9szet kincsesh\u00e1za legyen \u2013 ahogyan az elhangzott az avat\u00f3besz\u00e9dben \u2013, Bern\u00e1dy polg\u00e1rmester a \u201ek\u00e9pz\u0151-, ipar-, \u00e9s zenem\u0171v\u00e9szek eg\u00e9sz sereg\u00e9vel\u201d szem\u00e9lyesen t\u00e1rgyalt. Feltehet\u0151en K\u00f6r\u00f6sf\u0151i-Kriesch Alad\u00e1rral (1863\u20131920) k\u00f6z\u00f6sen dolgozt\u00e1k ki az ikonogr\u00e1fiai programot, az \u00e9p\u00edt\u00e9szek pedig megteremtett\u00e9k mindennek a keret\u00e9t.<\/p>","protected":false},"excerpt":{"rendered":"<p>A legels\u0151 alaprajzi tervvari\u00e1nsok 1908 augusztusa \u00e9s okt\u00f3bere k\u00f6z\u00f6tt k\u00e9sz\u00fcltek. Ezek szerint a k\u00e9temeletesre tervezett \u00e9p\u00fclet hangversenyteremnek, zeneiskol\u00e1nak, m\u00fazeumnak \u00e9s k\u00f6nyvt\u00e1rnak adott volna otthont, a f\u00f6ldszintre \u00fczlethelyis\u00e9geket, illetve k\u00e1v\u00e9h\u00e1zat k\u00e9pzeltek el. A k\u00f6vetkez\u0151 \u00e9vben a be\u00e9p\u00edt\u00e9si helysz\u00edn b\u0151v\u00fcl\u00e9s\u00e9vel lehet\u0151s\u00e9g ny\u00edlt [&hellip;]<\/p>\n","protected":false},"author":5,"featured_media":346,"parent":0,"menu_order":0,"comment_status":"closed","ping_status":"closed","template":"page-istoria-palatului.php","meta":{"_acf_changed":false,"footnotes":""},"class_list":["post-268","page","type-page","status-publish","has-post-thumbnail","hentry"],"acf":{"photo_gallery":{"upload_images":[[{"id":350,"title":"038_B jpg","caption":"","full_image_url":"https:\/\/palatul-culturii.ro\/wp-content\/uploads\/2016\/12\/038_B-jpg.jpg","thumbnail_image_url":"https:\/\/palatul-culturii.ro\/wp-content\/uploads\/2016\/12\/038_B-jpg-150x147.jpg","large_srcset":false,"medium_srcset":false,"media_details":{"width":445,"height":147,"sizes":{"thumbnail":{"file":"038_B-jpg-150x147.jpg","width":150,"height":147,"mime-type":"image\/jpeg","source_url":"https:\/\/palatul-culturii.ro\/wp-content\/uploads\/2016\/12\/038_B-jpg-150x147.jpg"},"grid-list-thumb":{"file":"038_B-jpg-220x147.jpg","width":220,"height":147,"mime-type":"image\/jpeg","source_url":"https:\/\/palatul-culturii.ro\/wp-content\/uploads\/2016\/12\/038_B-jpg-220x147.jpg"}}},"alt_text":"","url":"","target":""},{"id":349,"title":"028_B jpg","caption":"","full_image_url":"https:\/\/palatul-culturii.ro\/wp-content\/uploads\/2016\/12\/028_B-jpg.jpg","thumbnail_image_url":"https:\/\/palatul-culturii.ro\/wp-content\/uploads\/2016\/12\/028_B-jpg-150x150.jpg","large_srcset":false,"medium_srcset":false,"media_details":{"width":250,"height":446,"sizes":{"thumbnail":{"file":"028_B-jpg-150x150.jpg","width":150,"height":150,"mime-type":"image\/jpeg","source_url":"https:\/\/palatul-culturii.ro\/wp-content\/uploads\/2016\/12\/028_B-jpg-150x150.jpg"},"square-thumb-half":{"file":"028_B-jpg-250x330.jpg","width":250,"height":330,"mime-type":"image\/jpeg","source_url":"https:\/\/palatul-culturii.ro\/wp-content\/uploads\/2016\/12\/028_B-jpg-250x330.jpg"},"square-thumb-third":{"file":"028_B-jpg-250x440.jpg","width":250,"height":440,"mime-type":"image\/jpeg","source_url":"https:\/\/palatul-culturii.ro\/wp-content\/uploads\/2016\/12\/028_B-jpg-250x440.jpg"},"grid-list-thumb":{"file":"028_B-jpg-220x220.jpg","width":220,"height":220,"mime-type":"image\/jpeg","source_url":"https:\/\/palatul-culturii.ro\/wp-content\/uploads\/2016\/12\/028_B-jpg-220x220.jpg"}}},"alt_text":"","url":"","target":""},{"id":348,"title":"019_A jpg","caption":"","full_image_url":"https:\/\/palatul-culturii.ro\/wp-content\/uploads\/2016\/12\/019_A-jpg.jpg","thumbnail_image_url":"https:\/\/palatul-culturii.ro\/wp-content\/uploads\/2016\/12\/019_A-jpg-150x150.jpg","large_srcset":false,"medium_srcset":false,"media_details":{"width":446,"height":300,"sizes":{"thumbnail":{"file":"019_A-jpg-150x150.jpg","width":150,"height":150,"mime-type":"image\/jpeg","source_url":"https:\/\/palatul-culturii.ro\/wp-content\/uploads\/2016\/12\/019_A-jpg-150x150.jpg"},"grid-list-thumb":{"file":"019_A-jpg-220x220.jpg","width":220,"height":220,"mime-type":"image\/jpeg","source_url":"https:\/\/palatul-culturii.ro\/wp-content\/uploads\/2016\/12\/019_A-jpg-220x220.jpg"}}},"alt_text":"","url":"","target":""},{"id":347,"title":"017_B jpg","caption":"","full_image_url":"https:\/\/palatul-culturii.ro\/wp-content\/uploads\/2016\/12\/017_B-jpg.jpg","thumbnail_image_url":"https:\/\/palatul-culturii.ro\/wp-content\/uploads\/2016\/12\/017_B-jpg-150x150.jpg","large_srcset":false,"medium_srcset":false,"media_details":{"width":446,"height":311,"sizes":{"thumbnail":{"file":"017_B-jpg-150x150.jpg","width":150,"height":150,"mime-type":"image\/jpeg","source_url":"https:\/\/palatul-culturii.ro\/wp-content\/uploads\/2016\/12\/017_B-jpg-150x150.jpg"},"grid-list-thumb":{"file":"017_B-jpg-220x220.jpg","width":220,"height":220,"mime-type":"image\/jpeg","source_url":"https:\/\/palatul-culturii.ro\/wp-content\/uploads\/2016\/12\/017_B-jpg-220x220.jpg"}}},"alt_text":"","url":"","target":""},{"id":346,"title":"016_B jpg","caption":"","full_image_url":"https:\/\/palatul-culturii.ro\/wp-content\/uploads\/2016\/12\/016_B-jpg.jpg","thumbnail_image_url":"https:\/\/palatul-culturii.ro\/wp-content\/uploads\/2016\/12\/016_B-jpg-150x150.jpg","large_srcset":false,"medium_srcset":false,"media_details":{"width":445,"height":297,"sizes":{"thumbnail":{"file":"016_B-jpg-150x150.jpg","width":150,"height":150,"mime-type":"image\/jpeg","source_url":"https:\/\/palatul-culturii.ro\/wp-content\/uploads\/2016\/12\/016_B-jpg-150x150.jpg"},"grid-list-thumb":{"file":"016_B-jpg-220x220.jpg","width":220,"height":220,"mime-type":"image\/jpeg","source_url":"https:\/\/palatul-culturii.ro\/wp-content\/uploads\/2016\/12\/016_B-jpg-220x220.jpg"}}},"alt_text":"","url":"","target":""},{"id":345,"title":"005_A jpg","caption":"","full_image_url":"https:\/\/palatul-culturii.ro\/wp-content\/uploads\/2016\/12\/005_A-jpg.jpg","thumbnail_image_url":"https:\/\/palatul-culturii.ro\/wp-content\/uploads\/2016\/12\/005_A-jpg-150x150.jpg","large_srcset":false,"medium_srcset":false,"media_details":{"width":445,"height":319,"sizes":{"thumbnail":{"file":"005_A-jpg-150x150.jpg","width":150,"height":150,"mime-type":"image\/jpeg","source_url":"https:\/\/palatul-culturii.ro\/wp-content\/uploads\/2016\/12\/005_A-jpg-150x150.jpg"},"grid-list-thumb":{"file":"005_A-jpg-220x220.jpg","width":220,"height":220,"mime-type":"image\/jpeg","source_url":"https:\/\/palatul-culturii.ro\/wp-content\/uploads\/2016\/12\/005_A-jpg-220x220.jpg"}}},"alt_text":"","url":"","target":""}]]}},"_links":{"self":[{"href":"https:\/\/palatul-culturii.ro\/hu\/wp-json\/wp\/v2\/pages\/268","targetHints":{"allow":["GET"]}}],"collection":[{"href":"https:\/\/palatul-culturii.ro\/hu\/wp-json\/wp\/v2\/pages"}],"about":[{"href":"https:\/\/palatul-culturii.ro\/hu\/wp-json\/wp\/v2\/types\/page"}],"author":[{"embeddable":true,"href":"https:\/\/palatul-culturii.ro\/hu\/wp-json\/wp\/v2\/users\/5"}],"replies":[{"embeddable":true,"href":"https:\/\/palatul-culturii.ro\/hu\/wp-json\/wp\/v2\/comments?post=268"}],"version-history":[{"count":10,"href":"https:\/\/palatul-culturii.ro\/hu\/wp-json\/wp\/v2\/pages\/268\/revisions"}],"predecessor-version":[{"id":739,"href":"https:\/\/palatul-culturii.ro\/hu\/wp-json\/wp\/v2\/pages\/268\/revisions\/739"}],"wp:featuredmedia":[{"embeddable":true,"href":"https:\/\/palatul-culturii.ro\/hu\/wp-json\/wp\/v2\/media\/346"}],"wp:attachment":[{"href":"https:\/\/palatul-culturii.ro\/hu\/wp-json\/wp\/v2\/media?parent=268"}],"curies":[{"name":"wp","href":"https:\/\/api.w.org\/{rel}","templated":true}]}}