{"id":122,"date":"2016-12-15T10:22:58","date_gmt":"2016-12-15T10:22:58","guid":{"rendered":"http:\/\/192.168.0.120\/kulturpalota\/?page_id=122"},"modified":"2020-05-12T10:11:56","modified_gmt":"2020-05-12T10:11:56","slug":"holul-si-scarile","status":"publish","type":"page","link":"https:\/\/palatul-culturii.ro\/hu\/istoria-palatului\/holul-si-scarile\/","title":{"rendered":"Hangversenyterem"},"content":{"rendered":"<p>A nyolcsz\u00e1z szem\u00e9lyt befogad\u00f3 hangversenyterem d\u00edsz\u00edt\u0151programj\u00e1t minden bizonnyal az \u00e9p\u00edt\u00e9szp\u00e1ros elk\u00e9pzel\u00e9sei hat\u00e1rozt\u00e1k meg, akik a kor magyar nemzeti st\u00edlus\u00e1nak kifejez\u00e9sre juttat\u00e1sa \u00e9rdek\u00e9ben az erd\u00e9lyi n\u00e9pm\u0171v\u00e9szetb\u0151l mer\u00edtett\u00e9k \u00e1llati \u00e9s n\u00f6v\u00e9nyi mot\u00edvumok ihlette ornamenseiket. A terem sz\u00ednvil\u00e1g\u00e1t a k\u00e1rpitok b\u00edborv\u00f6r\u00f6s\u00e9vel \u00f6sszhangban \u00e1ll\u00f3 m\u00e1lyvasz\u00edn, s a fekete b\u00fatorzatot ellenpontoz\u00f3 arany uralja. A hangversenyterem mennyezet\u00e9nek l\u00e9pcs\u0151zetesen magas\u00edtott, homor\u00fa form\u00e1i kellemes kupolahat\u00e1st keltenek. A k\u00f6rk\u00f6r\u00f6sen sorakoz\u00f3, gy\u00e1mk\u0151szer\u0171 elemek gy\u0171r\u0171inek k\u00f6zein megelevened\u0151 n\u00e9pm\u0171v\u00e9szeti mot\u00edvumok, cser\u00e9pb\u0151l kin\u00f6v\u0151, t\u00falburj\u00e1nz\u00f3 tulip\u00e1nd\u00edszek a mellv\u00e9dplasztik\u00e1k dekor\u00e1ci\u00f3inak t\u00e1rsaik\u00e9nt k\u00f6sz\u00f6nnek vissza. Az \u00e9p\u00edt\u00e9szeti elemek k\u00f6z\u00f6tti \u00e1tt\u00f6r\u00e9sek, valamint a csill\u00e1rok k\u00f6r\u00fcli szell\u0151ztet\u0151 f\u00e9mr\u00e1csok nem puszt\u00e1n a dekor\u00e1ci\u00f3 komponensei, ezek seg\u00edts\u00e9g\u00e9vel oldott\u00e1k meg a bels\u0151 t\u00e9r leveg\u0151j\u00e9nek cser\u00e9j\u00e9t. A zenekari p\u00f3dium f\u00f6l\u00f6tt magasod\u00f3, 1800-as opusz-sz\u00e1m\u00fa Rieger-orgon\u00e1t 1913-ban avatt\u00e1k fel, hangsz\u00ednvil\u00e1ga m\u00e1ig t\u00f6k\u00e9letesen megfelel a romantikus hangz\u00e1s\u00ed\u00e9nyeknek.<\/p>","protected":false},"excerpt":{"rendered":"<p>A nyolcsz\u00e1z szem\u00e9lyt befogad\u00f3 hangversenyterem d\u00edsz\u00edt\u0151programj\u00e1t minden bizonnyal az \u00e9p\u00edt\u00e9szp\u00e1ros elk\u00e9pzel\u00e9sei hat\u00e1rozt\u00e1k meg, akik a kor magyar nemzeti st\u00edlus\u00e1nak kifejez\u00e9sre juttat\u00e1sa \u00e9rdek\u00e9ben az erd\u00e9lyi n\u00e9pm\u0171v\u00e9szetb\u0151l mer\u00edtett\u00e9k \u00e1llati \u00e9s n\u00f6v\u00e9nyi mot\u00edvumok ihlette ornamenseiket. A terem sz\u00ednvil\u00e1g\u00e1t a k\u00e1rpitok b\u00edborv\u00f6r\u00f6s\u00e9vel \u00f6sszhangban \u00e1ll\u00f3 [&hellip;]<\/p>\n","protected":false},"author":5,"featured_media":325,"parent":268,"menu_order":0,"comment_status":"closed","ping_status":"closed","template":"","meta":{"_acf_changed":false,"footnotes":""},"class_list":["post-122","page","type-page","status-publish","has-post-thumbnail","hentry"],"acf":{"photo_gallery":{"upload_images":[[{"id":325,"title":"062_A jpg","caption":"","full_image_url":"https:\/\/palatul-culturii.ro\/wp-content\/uploads\/2016\/12\/062_A-jpg.jpg","thumbnail_image_url":"https:\/\/palatul-culturii.ro\/wp-content\/uploads\/2016\/12\/062_A-jpg-150x150.jpg","large_srcset":"https:\/\/palatul-culturii.ro\/wp-content\/uploads\/2016\/12\/062_A-jpg-1024x639.jpg 1024w, https:\/\/palatul-culturii.ro\/wp-content\/uploads\/2016\/12\/062_A-jpg-476x297.jpg 476w, https:\/\/palatul-culturii.ro\/wp-content\/uploads\/2016\/12\/062_A-jpg-768x479.jpg 768w","medium_srcset":"https:\/\/palatul-culturii.ro\/wp-content\/uploads\/2016\/12\/062_A-jpg-476x297.jpg 476w, https:\/\/palatul-culturii.ro\/wp-content\/uploads\/2016\/12\/062_A-jpg-768x479.jpg 768w, https:\/\/palatul-culturii.ro\/wp-content\/uploads\/2016\/12\/062_A-jpg-1024x639.jpg 1024w","media_details":{"width":5184,"height":3234,"sizes":{"thumbnail":{"file":"062_A-jpg-150x150.jpg","width":150,"height":150,"mime-type":"image\/jpeg","source_url":"https:\/\/palatul-culturii.ro\/wp-content\/uploads\/2016\/12\/062_A-jpg-150x150.jpg"},"medium":{"file":"062_A-jpg-476x297.jpg","width":476,"height":297,"mime-type":"image\/jpeg","source_url":"https:\/\/palatul-culturii.ro\/wp-content\/uploads\/2016\/12\/062_A-jpg-476x297.jpg"},"medium_large":{"file":"062_A-jpg-768x479.jpg","width":768,"height":479,"mime-type":"image\/jpeg","source_url":"https:\/\/palatul-culturii.ro\/wp-content\/uploads\/2016\/12\/062_A-jpg-768x479.jpg"},"large":{"file":"062_A-jpg-1024x639.jpg","width":1024,"height":639,"mime-type":"image\/jpeg","source_url":"https:\/\/palatul-culturii.ro\/wp-content\/uploads\/2016\/12\/062_A-jpg-1024x639.jpg"},"square-thumb":{"file":"062_A-jpg-660x660.jpg","width":660,"height":660,"mime-type":"image\/jpeg","source_url":"https:\/\/palatul-culturii.ro\/wp-content\/uploads\/2016\/12\/062_A-jpg-660x660.jpg"},"square-thumb-half":{"file":"062_A-jpg-660x330.jpg","width":660,"height":330,"mime-type":"image\/jpeg","source_url":"https:\/\/palatul-culturii.ro\/wp-content\/uploads\/2016\/12\/062_A-jpg-660x330.jpg"},"square-thumb-third":{"file":"062_A-jpg-660x440.jpg","width":660,"height":440,"mime-type":"image\/jpeg","source_url":"https:\/\/palatul-culturii.ro\/wp-content\/uploads\/2016\/12\/062_A-jpg-660x440.jpg"},"grid-list-thumb":{"file":"062_A-jpg-220x220.jpg","width":220,"height":220,"mime-type":"image\/jpeg","source_url":"https:\/\/palatul-culturii.ro\/wp-content\/uploads\/2016\/12\/062_A-jpg-220x220.jpg"},"page-slider-thumb":{"file":"062_A-jpg-476x476.jpg","width":476,"height":476,"mime-type":"image\/jpeg","source_url":"https:\/\/palatul-culturii.ro\/wp-content\/uploads\/2016\/12\/062_A-jpg-476x476.jpg"}}},"alt_text":"","url":"","target":""},{"id":326,"title":"063_B jpg","caption":"","full_image_url":"https:\/\/palatul-culturii.ro\/wp-content\/uploads\/2016\/12\/063_B-jpg.jpg","thumbnail_image_url":"https:\/\/palatul-culturii.ro\/wp-content\/uploads\/2016\/12\/063_B-jpg-150x150.jpg","large_srcset":"https:\/\/palatul-culturii.ro\/wp-content\/uploads\/2016\/12\/063_B-jpg-1024x744.jpg 1024w, https:\/\/palatul-culturii.ro\/wp-content\/uploads\/2016\/12\/063_B-jpg-476x346.jpg 476w, https:\/\/palatul-culturii.ro\/wp-content\/uploads\/2016\/12\/063_B-jpg-768x558.jpg 768w","medium_srcset":"https:\/\/palatul-culturii.ro\/wp-content\/uploads\/2016\/12\/063_B-jpg-476x346.jpg 476w, https:\/\/palatul-culturii.ro\/wp-content\/uploads\/2016\/12\/063_B-jpg-768x558.jpg 768w, https:\/\/palatul-culturii.ro\/wp-content\/uploads\/2016\/12\/063_B-jpg-1024x744.jpg 1024w","media_details":{"width":4758,"height":3456,"sizes":{"thumbnail":{"file":"063_B-jpg-150x150.jpg","width":150,"height":150,"mime-type":"image\/jpeg","source_url":"https:\/\/palatul-culturii.ro\/wp-content\/uploads\/2016\/12\/063_B-jpg-150x150.jpg"},"medium":{"file":"063_B-jpg-476x346.jpg","width":476,"height":346,"mime-type":"image\/jpeg","source_url":"https:\/\/palatul-culturii.ro\/wp-content\/uploads\/2016\/12\/063_B-jpg-476x346.jpg"},"medium_large":{"file":"063_B-jpg-768x558.jpg","width":768,"height":558,"mime-type":"image\/jpeg","source_url":"https:\/\/palatul-culturii.ro\/wp-content\/uploads\/2016\/12\/063_B-jpg-768x558.jpg"},"large":{"file":"063_B-jpg-1024x744.jpg","width":1024,"height":744,"mime-type":"image\/jpeg","source_url":"https:\/\/palatul-culturii.ro\/wp-content\/uploads\/2016\/12\/063_B-jpg-1024x744.jpg"},"square-thumb":{"file":"063_B-jpg-660x660.jpg","width":660,"height":660,"mime-type":"image\/jpeg","source_url":"https:\/\/palatul-culturii.ro\/wp-content\/uploads\/2016\/12\/063_B-jpg-660x660.jpg"},"square-thumb-half":{"file":"063_B-jpg-660x330.jpg","width":660,"height":330,"mime-type":"image\/jpeg","source_url":"https:\/\/palatul-culturii.ro\/wp-content\/uploads\/2016\/12\/063_B-jpg-660x330.jpg"},"square-thumb-third":{"file":"063_B-jpg-660x440.jpg","width":660,"height":440,"mime-type":"image\/jpeg","source_url":"https:\/\/palatul-culturii.ro\/wp-content\/uploads\/2016\/12\/063_B-jpg-660x440.jpg"},"grid-list-thumb":{"file":"063_B-jpg-220x220.jpg","width":220,"height":220,"mime-type":"image\/jpeg","source_url":"https:\/\/palatul-culturii.ro\/wp-content\/uploads\/2016\/12\/063_B-jpg-220x220.jpg"},"page-slider-thumb":{"file":"063_B-jpg-476x476.jpg","width":476,"height":476,"mime-type":"image\/jpeg","source_url":"https:\/\/palatul-culturii.ro\/wp-content\/uploads\/2016\/12\/063_B-jpg-476x476.jpg"}}},"alt_text":"","url":"","target":""},{"id":327,"title":"064_BC jpg","caption":"","full_image_url":"https:\/\/palatul-culturii.ro\/wp-content\/uploads\/2016\/12\/064_BC-jpg.jpg","thumbnail_image_url":"https:\/\/palatul-culturii.ro\/wp-content\/uploads\/2016\/12\/064_BC-jpg-150x150.jpg","large_srcset":"https:\/\/palatul-culturii.ro\/wp-content\/uploads\/2016\/12\/064_BC-jpg-1024x654.jpg 1024w, https:\/\/palatul-culturii.ro\/wp-content\/uploads\/2016\/12\/064_BC-jpg-476x304.jpg 476w, https:\/\/palatul-culturii.ro\/wp-content\/uploads\/2016\/12\/064_BC-jpg-768x491.jpg 768w","medium_srcset":"https:\/\/palatul-culturii.ro\/wp-content\/uploads\/2016\/12\/064_BC-jpg-476x304.jpg 476w, https:\/\/palatul-culturii.ro\/wp-content\/uploads\/2016\/12\/064_BC-jpg-768x491.jpg 768w, https:\/\/palatul-culturii.ro\/wp-content\/uploads\/2016\/12\/064_BC-jpg-1024x654.jpg 1024w","media_details":{"width":4583,"height":2929,"sizes":{"thumbnail":{"file":"064_BC-jpg-150x150.jpg","width":150,"height":150,"mime-type":"image\/jpeg","source_url":"https:\/\/palatul-culturii.ro\/wp-content\/uploads\/2016\/12\/064_BC-jpg-150x150.jpg"},"medium":{"file":"064_BC-jpg-476x304.jpg","width":476,"height":304,"mime-type":"image\/jpeg","source_url":"https:\/\/palatul-culturii.ro\/wp-content\/uploads\/2016\/12\/064_BC-jpg-476x304.jpg"},"medium_large":{"file":"064_BC-jpg-768x491.jpg","width":768,"height":491,"mime-type":"image\/jpeg","source_url":"https:\/\/palatul-culturii.ro\/wp-content\/uploads\/2016\/12\/064_BC-jpg-768x491.jpg"},"large":{"file":"064_BC-jpg-1024x654.jpg","width":1024,"height":654,"mime-type":"image\/jpeg","source_url":"https:\/\/palatul-culturii.ro\/wp-content\/uploads\/2016\/12\/064_BC-jpg-1024x654.jpg"},"square-thumb":{"file":"064_BC-jpg-660x660.jpg","width":660,"height":660,"mime-type":"image\/jpeg","source_url":"https:\/\/palatul-culturii.ro\/wp-content\/uploads\/2016\/12\/064_BC-jpg-660x660.jpg"},"square-thumb-half":{"file":"064_BC-jpg-660x330.jpg","width":660,"height":330,"mime-type":"image\/jpeg","source_url":"https:\/\/palatul-culturii.ro\/wp-content\/uploads\/2016\/12\/064_BC-jpg-660x330.jpg"},"square-thumb-third":{"file":"064_BC-jpg-660x440.jpg","width":660,"height":440,"mime-type":"image\/jpeg","source_url":"https:\/\/palatul-culturii.ro\/wp-content\/uploads\/2016\/12\/064_BC-jpg-660x440.jpg"},"grid-list-thumb":{"file":"064_BC-jpg-220x220.jpg","width":220,"height":220,"mime-type":"image\/jpeg","source_url":"https:\/\/palatul-culturii.ro\/wp-content\/uploads\/2016\/12\/064_BC-jpg-220x220.jpg"},"page-slider-thumb":{"file":"064_BC-jpg-476x476.jpg","width":476,"height":476,"mime-type":"image\/jpeg","source_url":"https:\/\/palatul-culturii.ro\/wp-content\/uploads\/2016\/12\/064_BC-jpg-476x476.jpg"}}},"alt_text":"","url":"","target":""},{"id":328,"title":"070_B jpg","caption":"","full_image_url":"https:\/\/palatul-culturii.ro\/wp-content\/uploads\/2016\/12\/070_B-jpg.jpg","thumbnail_image_url":"https:\/\/palatul-culturii.ro\/wp-content\/uploads\/2016\/12\/070_B-jpg-150x150.jpg","large_srcset":"https:\/\/palatul-culturii.ro\/wp-content\/uploads\/2016\/12\/070_B-jpg-1024x757.jpg 1024w, https:\/\/palatul-culturii.ro\/wp-content\/uploads\/2016\/12\/070_B-jpg-476x352.jpg 476w, https:\/\/palatul-culturii.ro\/wp-content\/uploads\/2016\/12\/070_B-jpg-768x568.jpg 768w","medium_srcset":"https:\/\/palatul-culturii.ro\/wp-content\/uploads\/2016\/12\/070_B-jpg-476x352.jpg 476w, https:\/\/palatul-culturii.ro\/wp-content\/uploads\/2016\/12\/070_B-jpg-768x568.jpg 768w, https:\/\/palatul-culturii.ro\/wp-content\/uploads\/2016\/12\/070_B-jpg-1024x757.jpg 1024w","media_details":{"width":4548,"height":3361,"sizes":{"thumbnail":{"file":"070_B-jpg-150x150.jpg","width":150,"height":150,"mime-type":"image\/jpeg","source_url":"https:\/\/palatul-culturii.ro\/wp-content\/uploads\/2016\/12\/070_B-jpg-150x150.jpg"},"medium":{"file":"070_B-jpg-476x352.jpg","width":476,"height":352,"mime-type":"image\/jpeg","source_url":"https:\/\/palatul-culturii.ro\/wp-content\/uploads\/2016\/12\/070_B-jpg-476x352.jpg"},"medium_large":{"file":"070_B-jpg-768x568.jpg","width":768,"height":568,"mime-type":"image\/jpeg","source_url":"https:\/\/palatul-culturii.ro\/wp-content\/uploads\/2016\/12\/070_B-jpg-768x568.jpg"},"large":{"file":"070_B-jpg-1024x757.jpg","width":1024,"height":757,"mime-type":"image\/jpeg","source_url":"https:\/\/palatul-culturii.ro\/wp-content\/uploads\/2016\/12\/070_B-jpg-1024x757.jpg"},"square-thumb":{"file":"070_B-jpg-660x660.jpg","width":660,"height":660,"mime-type":"image\/jpeg","source_url":"https:\/\/palatul-culturii.ro\/wp-content\/uploads\/2016\/12\/070_B-jpg-660x660.jpg"},"square-thumb-half":{"file":"070_B-jpg-660x330.jpg","width":660,"height":330,"mime-type":"image\/jpeg","source_url":"https:\/\/palatul-culturii.ro\/wp-content\/uploads\/2016\/12\/070_B-jpg-660x330.jpg"},"square-thumb-third":{"file":"070_B-jpg-660x440.jpg","width":660,"height":440,"mime-type":"image\/jpeg","source_url":"https:\/\/palatul-culturii.ro\/wp-content\/uploads\/2016\/12\/070_B-jpg-660x440.jpg"},"grid-list-thumb":{"file":"070_B-jpg-220x220.jpg","width":220,"height":220,"mime-type":"image\/jpeg","source_url":"https:\/\/palatul-culturii.ro\/wp-content\/uploads\/2016\/12\/070_B-jpg-220x220.jpg"},"page-slider-thumb":{"file":"070_B-jpg-476x476.jpg","width":476,"height":476,"mime-type":"image\/jpeg","source_url":"https:\/\/palatul-culturii.ro\/wp-content\/uploads\/2016\/12\/070_B-jpg-476x476.jpg"}}},"alt_text":"","url":"","target":""},{"id":329,"title":"072_C jpg","caption":"","full_image_url":"https:\/\/palatul-culturii.ro\/wp-content\/uploads\/2016\/12\/072_C-jpg.jpg","thumbnail_image_url":"https:\/\/palatul-culturii.ro\/wp-content\/uploads\/2016\/12\/072_C-jpg-150x150.jpg","large_srcset":"https:\/\/palatul-culturii.ro\/wp-content\/uploads\/2016\/12\/072_C-jpg-1024x993.jpg 1024w, https:\/\/palatul-culturii.ro\/wp-content\/uploads\/2016\/12\/072_C-jpg-476x462.jpg 476w, https:\/\/palatul-culturii.ro\/wp-content\/uploads\/2016\/12\/072_C-jpg-768x745.jpg 768w","medium_srcset":"https:\/\/palatul-culturii.ro\/wp-content\/uploads\/2016\/12\/072_C-jpg-476x462.jpg 476w, https:\/\/palatul-culturii.ro\/wp-content\/uploads\/2016\/12\/072_C-jpg-768x745.jpg 768w, https:\/\/palatul-culturii.ro\/wp-content\/uploads\/2016\/12\/072_C-jpg-1024x993.jpg 1024w","media_details":{"width":2927,"height":2838,"sizes":{"thumbnail":{"file":"072_C-jpg-150x150.jpg","width":150,"height":150,"mime-type":"image\/jpeg","source_url":"https:\/\/palatul-culturii.ro\/wp-content\/uploads\/2016\/12\/072_C-jpg-150x150.jpg"},"medium":{"file":"072_C-jpg-476x462.jpg","width":476,"height":462,"mime-type":"image\/jpeg","source_url":"https:\/\/palatul-culturii.ro\/wp-content\/uploads\/2016\/12\/072_C-jpg-476x462.jpg"},"medium_large":{"file":"072_C-jpg-768x745.jpg","width":768,"height":745,"mime-type":"image\/jpeg","source_url":"https:\/\/palatul-culturii.ro\/wp-content\/uploads\/2016\/12\/072_C-jpg-768x745.jpg"},"large":{"file":"072_C-jpg-1024x993.jpg","width":1024,"height":993,"mime-type":"image\/jpeg","source_url":"https:\/\/palatul-culturii.ro\/wp-content\/uploads\/2016\/12\/072_C-jpg-1024x993.jpg"},"square-thumb":{"file":"072_C-jpg-660x660.jpg","width":660,"height":660,"mime-type":"image\/jpeg","source_url":"https:\/\/palatul-culturii.ro\/wp-content\/uploads\/2016\/12\/072_C-jpg-660x660.jpg"},"square-thumb-half":{"file":"072_C-jpg-660x330.jpg","width":660,"height":330,"mime-type":"image\/jpeg","source_url":"https:\/\/palatul-culturii.ro\/wp-content\/uploads\/2016\/12\/072_C-jpg-660x330.jpg"},"square-thumb-third":{"file":"072_C-jpg-660x440.jpg","width":660,"height":440,"mime-type":"image\/jpeg","source_url":"https:\/\/palatul-culturii.ro\/wp-content\/uploads\/2016\/12\/072_C-jpg-660x440.jpg"},"grid-list-thumb":{"file":"072_C-jpg-220x220.jpg","width":220,"height":220,"mime-type":"image\/jpeg","source_url":"https:\/\/palatul-culturii.ro\/wp-content\/uploads\/2016\/12\/072_C-jpg-220x220.jpg"},"page-slider-thumb":{"file":"072_C-jpg-476x476.jpg","width":476,"height":476,"mime-type":"image\/jpeg","source_url":"https:\/\/palatul-culturii.ro\/wp-content\/uploads\/2016\/12\/072_C-jpg-476x476.jpg"}}},"alt_text":"","url":"","target":""},{"id":330,"title":"074_C jpg","caption":"","full_image_url":"https:\/\/palatul-culturii.ro\/wp-content\/uploads\/2016\/12\/074_C-jpg.jpg","thumbnail_image_url":"https:\/\/palatul-culturii.ro\/wp-content\/uploads\/2016\/12\/074_C-jpg-150x150.jpg","large_srcset":"https:\/\/palatul-culturii.ro\/wp-content\/uploads\/2016\/12\/074_C-jpg-1024x682.jpg 1024w, https:\/\/palatul-culturii.ro\/wp-content\/uploads\/2016\/12\/074_C-jpg-476x317.jpg 476w, https:\/\/palatul-culturii.ro\/wp-content\/uploads\/2016\/12\/074_C-jpg-768x512.jpg 768w, https:\/\/palatul-culturii.ro\/wp-content\/uploads\/2016\/12\/074_C-jpg-660x440.jpg 660w","medium_srcset":"https:\/\/palatul-culturii.ro\/wp-content\/uploads\/2016\/12\/074_C-jpg-476x317.jpg 476w, https:\/\/palatul-culturii.ro\/wp-content\/uploads\/2016\/12\/074_C-jpg-768x512.jpg 768w, https:\/\/palatul-culturii.ro\/wp-content\/uploads\/2016\/12\/074_C-jpg-1024x682.jpg 1024w, https:\/\/palatul-culturii.ro\/wp-content\/uploads\/2016\/12\/074_C-jpg-660x440.jpg 660w","media_details":{"width":3446,"height":2296,"sizes":{"thumbnail":{"file":"074_C-jpg-150x150.jpg","width":150,"height":150,"mime-type":"image\/jpeg","source_url":"https:\/\/palatul-culturii.ro\/wp-content\/uploads\/2016\/12\/074_C-jpg-150x150.jpg"},"medium":{"file":"074_C-jpg-476x317.jpg","width":476,"height":317,"mime-type":"image\/jpeg","source_url":"https:\/\/palatul-culturii.ro\/wp-content\/uploads\/2016\/12\/074_C-jpg-476x317.jpg"},"medium_large":{"file":"074_C-jpg-768x512.jpg","width":768,"height":512,"mime-type":"image\/jpeg","source_url":"https:\/\/palatul-culturii.ro\/wp-content\/uploads\/2016\/12\/074_C-jpg-768x512.jpg"},"large":{"file":"074_C-jpg-1024x682.jpg","width":1024,"height":682,"mime-type":"image\/jpeg","source_url":"https:\/\/palatul-culturii.ro\/wp-content\/uploads\/2016\/12\/074_C-jpg-1024x682.jpg"},"square-thumb":{"file":"074_C-jpg-660x660.jpg","width":660,"height":660,"mime-type":"image\/jpeg","source_url":"https:\/\/palatul-culturii.ro\/wp-content\/uploads\/2016\/12\/074_C-jpg-660x660.jpg"},"square-thumb-half":{"file":"074_C-jpg-660x330.jpg","width":660,"height":330,"mime-type":"image\/jpeg","source_url":"https:\/\/palatul-culturii.ro\/wp-content\/uploads\/2016\/12\/074_C-jpg-660x330.jpg"},"square-thumb-third":{"file":"074_C-jpg-660x440.jpg","width":660,"height":440,"mime-type":"image\/jpeg","source_url":"https:\/\/palatul-culturii.ro\/wp-content\/uploads\/2016\/12\/074_C-jpg-660x440.jpg"},"grid-list-thumb":{"file":"074_C-jpg-220x220.jpg","width":220,"height":220,"mime-type":"image\/jpeg","source_url":"https:\/\/palatul-culturii.ro\/wp-content\/uploads\/2016\/12\/074_C-jpg-220x220.jpg"},"page-slider-thumb":{"file":"074_C-jpg-476x476.jpg","width":476,"height":476,"mime-type":"image\/jpeg","source_url":"https:\/\/palatul-culturii.ro\/wp-content\/uploads\/2016\/12\/074_C-jpg-476x476.jpg"}}},"alt_text":"","url":"","target":""}]]}},"_links":{"self":[{"href":"https:\/\/palatul-culturii.ro\/hu\/wp-json\/wp\/v2\/pages\/122","targetHints":{"allow":["GET"]}}],"collection":[{"href":"https:\/\/palatul-culturii.ro\/hu\/wp-json\/wp\/v2\/pages"}],"about":[{"href":"https:\/\/palatul-culturii.ro\/hu\/wp-json\/wp\/v2\/types\/page"}],"author":[{"embeddable":true,"href":"https:\/\/palatul-culturii.ro\/hu\/wp-json\/wp\/v2\/users\/5"}],"replies":[{"embeddable":true,"href":"https:\/\/palatul-culturii.ro\/hu\/wp-json\/wp\/v2\/comments?post=122"}],"version-history":[{"count":16,"href":"https:\/\/palatul-culturii.ro\/hu\/wp-json\/wp\/v2\/pages\/122\/revisions"}],"predecessor-version":[{"id":1347,"href":"https:\/\/palatul-culturii.ro\/hu\/wp-json\/wp\/v2\/pages\/122\/revisions\/1347"}],"up":[{"embeddable":true,"href":"https:\/\/palatul-culturii.ro\/hu\/wp-json\/wp\/v2\/pages\/268"}],"wp:featuredmedia":[{"embeddable":true,"href":"https:\/\/palatul-culturii.ro\/hu\/wp-json\/wp\/v2\/media\/325"}],"wp:attachment":[{"href":"https:\/\/palatul-culturii.ro\/hu\/wp-json\/wp\/v2\/media?parent=122"}],"curies":[{"name":"wp","href":"https:\/\/api.w.org\/{rel}","templated":true}]}}