{"id":119,"date":"2016-12-15T09:27:03","date_gmt":"2016-12-15T09:27:03","guid":{"rendered":"http:\/\/192.168.0.120\/kulturpalota\/?page_id=119"},"modified":"2025-11-14T09:19:12","modified_gmt":"2025-11-14T09:19:12","slug":"sala-mica","status":"publish","type":"page","link":"https:\/\/palatul-culturii.ro\/hu\/istoria-palatului\/sala-mica\/","title":{"rendered":"T\u00fck\u00f6rterem"},"content":{"rendered":"<p>A Kult\u00farpalota els\u0151 emelet\u00e9n tal\u00e1lhat\u00f3, rangos kivitel\u0171 T\u00fck\u00f6rterem d\u00edsz\u00edt\u0151programj\u00e1nak \u00e9rt\u00e9kes tartoz\u00e9ka a f\u0151homlokzati fal ny\u00edl\u00e1sainak tizenk\u00e9t sz\u00ednes \u00fcvegfestm\u00e9nye, melyek 1913-ban k\u00e9sz\u00fcltek R\u00f3th Miksa m\u0171hely\u00e9ben. Az ablaksor h\u00e1rmas oszt\u00e1s\u00fa sz\u00e9ls\u0151 \u00fcvegk\u00e9pei \u00e9s a szimmetrikusan elhelyezett kisebb \u00fcvegfestm\u00e9nyek Toroczkai Wigand Ede rajzai alapj\u00e1n sz\u00fclettek. A bal oldali kompoz\u00edci\u00f3k erd\u00e9lyi \u00e9letk\u00e9peknek, valamint a sz\u00e9kely n\u00e9pi \u00e9p\u00edt\u00e9szetb\u0151l kiemelt r\u00e9szleteknek vannak szentelve. A sorozat jobbsz\u00e9ls\u0151 darabjai narrat\u00edvabb jelleget \u00f6ltve a sz\u00e9kely eredetmond\u00e1hoz k\u00f6t\u0151dnek. A f\u0151homlokzat k\u00f6zep\u00e9n, a n\u00e9gy z\u00e1rterk\u00e9ly \u00edvesen domborod\u00f3 ablakaiban egy-egy magyar n\u00e9pballada jellegzetes mozzanatai elevenednek meg. Az \u00f3lomkont\u00faros, ragyog\u00f3 sz\u00ednvil\u00e1g\u00fa \u00fcvegfestm\u00e9nyek terveit \u00e9s kartonjait a g\u00f6d\u00f6ll\u0151i m\u0171v\u00e9sztelep egyik meghat\u00e1roz\u00f3 egy\u00e9nis\u00e9ge, Nagy S\u00e1ndor k\u00e9sz\u00edtette. Nagy S\u00e1ndor \u00e9s R\u00f3th Miksa egy\u00fcttm\u0171k\u00f6d\u00e9s\u00e9nek t\u00f6bb \u00fcvegfest\u00e9szeti eml\u00e9k\u00e9t ismerj\u00fck. Munk\u00e1ik sor\u00e1ban a T\u00fck\u00f6rteremhez k\u00e9sz\u00fclt sz\u00ednes ablakok k\u00e9pviselik a k\u00e9t alkot\u00f3 k\u00f6z\u00f6s p\u00e1ly\u00e1j\u00e1nak cs\u00facspontj\u00e1t.<\/p>\n<p>&nbsp;<\/p>","protected":false},"excerpt":{"rendered":"<p>A Kult\u00farpalota els\u0151 emelet\u00e9n tal\u00e1lhat\u00f3, rangos kivitel\u0171 T\u00fck\u00f6rterem d\u00edsz\u00edt\u0151programj\u00e1nak \u00e9rt\u00e9kes tartoz\u00e9ka a f\u0151homlokzati fal ny\u00edl\u00e1sainak tizenk\u00e9t sz\u00ednes \u00fcvegfestm\u00e9nye, melyek 1913-ban k\u00e9sz\u00fcltek R\u00f3th Miksa m\u0171hely\u00e9ben. Az ablaksor h\u00e1rmas oszt\u00e1s\u00fa sz\u00e9ls\u0151 \u00fcvegk\u00e9pei \u00e9s a szimmetrikusan elhelyezett kisebb \u00fcvegfestm\u00e9nyek Toroczkai Wigand Ede rajzai [&hellip;]<\/p>\n","protected":false},"author":5,"featured_media":338,"parent":268,"menu_order":0,"comment_status":"closed","ping_status":"closed","template":"","meta":{"_acf_changed":false,"footnotes":""},"class_list":["post-119","page","type-page","status-publish","has-post-thumbnail","hentry"],"acf":{"photo_gallery":{"upload_images":[[{"id":342,"title":"099_B jpg","caption":"","full_image_url":"https:\/\/palatul-culturii.ro\/wp-content\/uploads\/2016\/12\/099_B-jpg.jpg","thumbnail_image_url":"https:\/\/palatul-culturii.ro\/wp-content\/uploads\/2016\/12\/099_B-jpg-150x150.jpg","large_srcset":"https:\/\/palatul-culturii.ro\/wp-content\/uploads\/2016\/12\/099_B-jpg-906x1024.jpg 906w, https:\/\/palatul-culturii.ro\/wp-content\/uploads\/2016\/12\/099_B-jpg-421x476.jpg 421w, https:\/\/palatul-culturii.ro\/wp-content\/uploads\/2016\/12\/099_B-jpg-768x868.jpg 768w","medium_srcset":"https:\/\/palatul-culturii.ro\/wp-content\/uploads\/2016\/12\/099_B-jpg-421x476.jpg 421w, https:\/\/palatul-culturii.ro\/wp-content\/uploads\/2016\/12\/099_B-jpg-768x868.jpg 768w, https:\/\/palatul-culturii.ro\/wp-content\/uploads\/2016\/12\/099_B-jpg-906x1024.jpg 906w","media_details":{"width":3307,"height":3736,"sizes":{"thumbnail":{"file":"099_B-jpg-150x150.jpg","width":150,"height":150,"mime-type":"image\/jpeg","source_url":"https:\/\/palatul-culturii.ro\/wp-content\/uploads\/2016\/12\/099_B-jpg-150x150.jpg"},"medium":{"file":"099_B-jpg-421x476.jpg","width":421,"height":476,"mime-type":"image\/jpeg","source_url":"https:\/\/palatul-culturii.ro\/wp-content\/uploads\/2016\/12\/099_B-jpg-421x476.jpg"},"medium_large":{"file":"099_B-jpg-768x868.jpg","width":768,"height":868,"mime-type":"image\/jpeg","source_url":"https:\/\/palatul-culturii.ro\/wp-content\/uploads\/2016\/12\/099_B-jpg-768x868.jpg"},"large":{"file":"099_B-jpg-906x1024.jpg","width":906,"height":1024,"mime-type":"image\/jpeg","source_url":"https:\/\/palatul-culturii.ro\/wp-content\/uploads\/2016\/12\/099_B-jpg-906x1024.jpg"},"square-thumb":{"file":"099_B-jpg-660x660.jpg","width":660,"height":660,"mime-type":"image\/jpeg","source_url":"https:\/\/palatul-culturii.ro\/wp-content\/uploads\/2016\/12\/099_B-jpg-660x660.jpg"},"square-thumb-half":{"file":"099_B-jpg-660x330.jpg","width":660,"height":330,"mime-type":"image\/jpeg","source_url":"https:\/\/palatul-culturii.ro\/wp-content\/uploads\/2016\/12\/099_B-jpg-660x330.jpg"},"square-thumb-third":{"file":"099_B-jpg-660x440.jpg","width":660,"height":440,"mime-type":"image\/jpeg","source_url":"https:\/\/palatul-culturii.ro\/wp-content\/uploads\/2016\/12\/099_B-jpg-660x440.jpg"},"grid-list-thumb":{"file":"099_B-jpg-220x220.jpg","width":220,"height":220,"mime-type":"image\/jpeg","source_url":"https:\/\/palatul-culturii.ro\/wp-content\/uploads\/2016\/12\/099_B-jpg-220x220.jpg"},"page-slider-thumb":{"file":"099_B-jpg-476x476.jpg","width":476,"height":476,"mime-type":"image\/jpeg","source_url":"https:\/\/palatul-culturii.ro\/wp-content\/uploads\/2016\/12\/099_B-jpg-476x476.jpg"}}},"alt_text":"","url":"","target":""},{"id":341,"title":"097_A_Fekete_hatterrel jpg","caption":"","full_image_url":"https:\/\/palatul-culturii.ro\/wp-content\/uploads\/2016\/12\/097_A_Fekete_hatterrel-jpg.jpg","thumbnail_image_url":"https:\/\/palatul-culturii.ro\/wp-content\/uploads\/2016\/12\/097_A_Fekete_hatterrel-jpg-150x150.jpg","large_srcset":"https:\/\/palatul-culturii.ro\/wp-content\/uploads\/2016\/12\/097_A_Fekete_hatterrel-jpg-906x1024.jpg 906w, https:\/\/palatul-culturii.ro\/wp-content\/uploads\/2016\/12\/097_A_Fekete_hatterrel-jpg-421x476.jpg 421w, https:\/\/palatul-culturii.ro\/wp-content\/uploads\/2016\/12\/097_A_Fekete_hatterrel-jpg-768x868.jpg 768w","medium_srcset":"https:\/\/palatul-culturii.ro\/wp-content\/uploads\/2016\/12\/097_A_Fekete_hatterrel-jpg-421x476.jpg 421w, https:\/\/palatul-culturii.ro\/wp-content\/uploads\/2016\/12\/097_A_Fekete_hatterrel-jpg-768x868.jpg 768w, https:\/\/palatul-culturii.ro\/wp-content\/uploads\/2016\/12\/097_A_Fekete_hatterrel-jpg-906x1024.jpg 906w","media_details":{"width":3307,"height":3736,"sizes":{"thumbnail":{"file":"097_A_Fekete_hatterrel-jpg-150x150.jpg","width":150,"height":150,"mime-type":"image\/jpeg","source_url":"https:\/\/palatul-culturii.ro\/wp-content\/uploads\/2016\/12\/097_A_Fekete_hatterrel-jpg-150x150.jpg"},"medium":{"file":"097_A_Fekete_hatterrel-jpg-421x476.jpg","width":421,"height":476,"mime-type":"image\/jpeg","source_url":"https:\/\/palatul-culturii.ro\/wp-content\/uploads\/2016\/12\/097_A_Fekete_hatterrel-jpg-421x476.jpg"},"medium_large":{"file":"097_A_Fekete_hatterrel-jpg-768x868.jpg","width":768,"height":868,"mime-type":"image\/jpeg","source_url":"https:\/\/palatul-culturii.ro\/wp-content\/uploads\/2016\/12\/097_A_Fekete_hatterrel-jpg-768x868.jpg"},"large":{"file":"097_A_Fekete_hatterrel-jpg-906x1024.jpg","width":906,"height":1024,"mime-type":"image\/jpeg","source_url":"https:\/\/palatul-culturii.ro\/wp-content\/uploads\/2016\/12\/097_A_Fekete_hatterrel-jpg-906x1024.jpg"},"square-thumb":{"file":"097_A_Fekete_hatterrel-jpg-660x660.jpg","width":660,"height":660,"mime-type":"image\/jpeg","source_url":"https:\/\/palatul-culturii.ro\/wp-content\/uploads\/2016\/12\/097_A_Fekete_hatterrel-jpg-660x660.jpg"},"square-thumb-half":{"file":"097_A_Fekete_hatterrel-jpg-660x330.jpg","width":660,"height":330,"mime-type":"image\/jpeg","source_url":"https:\/\/palatul-culturii.ro\/wp-content\/uploads\/2016\/12\/097_A_Fekete_hatterrel-jpg-660x330.jpg"},"square-thumb-third":{"file":"097_A_Fekete_hatterrel-jpg-660x440.jpg","width":660,"height":440,"mime-type":"image\/jpeg","source_url":"https:\/\/palatul-culturii.ro\/wp-content\/uploads\/2016\/12\/097_A_Fekete_hatterrel-jpg-660x440.jpg"},"grid-list-thumb":{"file":"097_A_Fekete_hatterrel-jpg-220x220.jpg","width":220,"height":220,"mime-type":"image\/jpeg","source_url":"https:\/\/palatul-culturii.ro\/wp-content\/uploads\/2016\/12\/097_A_Fekete_hatterrel-jpg-220x220.jpg"},"page-slider-thumb":{"file":"097_A_Fekete_hatterrel-jpg-476x476.jpg","width":476,"height":476,"mime-type":"image\/jpeg","source_url":"https:\/\/palatul-culturii.ro\/wp-content\/uploads\/2016\/12\/097_A_Fekete_hatterrel-jpg-476x476.jpg"}}},"alt_text":"","url":"","target":""},{"id":340,"title":"096_A_Fekete_haterrel jpg","caption":"","full_image_url":"https:\/\/palatul-culturii.ro\/wp-content\/uploads\/2016\/12\/096_A_Fekete_haterrel-jpg.jpg","thumbnail_image_url":"https:\/\/palatul-culturii.ro\/wp-content\/uploads\/2016\/12\/096_A_Fekete_haterrel-jpg-150x150.jpg","large_srcset":"https:\/\/palatul-culturii.ro\/wp-content\/uploads\/2016\/12\/096_A_Fekete_haterrel-jpg-906x1024.jpg 906w, https:\/\/palatul-culturii.ro\/wp-content\/uploads\/2016\/12\/096_A_Fekete_haterrel-jpg-421x476.jpg 421w, https:\/\/palatul-culturii.ro\/wp-content\/uploads\/2016\/12\/096_A_Fekete_haterrel-jpg-768x868.jpg 768w","medium_srcset":"https:\/\/palatul-culturii.ro\/wp-content\/uploads\/2016\/12\/096_A_Fekete_haterrel-jpg-421x476.jpg 421w, https:\/\/palatul-culturii.ro\/wp-content\/uploads\/2016\/12\/096_A_Fekete_haterrel-jpg-768x868.jpg 768w, https:\/\/palatul-culturii.ro\/wp-content\/uploads\/2016\/12\/096_A_Fekete_haterrel-jpg-906x1024.jpg 906w","media_details":{"width":3307,"height":3736,"sizes":{"thumbnail":{"file":"096_A_Fekete_haterrel-jpg-150x150.jpg","width":150,"height":150,"mime-type":"image\/jpeg","source_url":"https:\/\/palatul-culturii.ro\/wp-content\/uploads\/2016\/12\/096_A_Fekete_haterrel-jpg-150x150.jpg"},"medium":{"file":"096_A_Fekete_haterrel-jpg-421x476.jpg","width":421,"height":476,"mime-type":"image\/jpeg","source_url":"https:\/\/palatul-culturii.ro\/wp-content\/uploads\/2016\/12\/096_A_Fekete_haterrel-jpg-421x476.jpg"},"medium_large":{"file":"096_A_Fekete_haterrel-jpg-768x868.jpg","width":768,"height":868,"mime-type":"image\/jpeg","source_url":"https:\/\/palatul-culturii.ro\/wp-content\/uploads\/2016\/12\/096_A_Fekete_haterrel-jpg-768x868.jpg"},"large":{"file":"096_A_Fekete_haterrel-jpg-906x1024.jpg","width":906,"height":1024,"mime-type":"image\/jpeg","source_url":"https:\/\/palatul-culturii.ro\/wp-content\/uploads\/2016\/12\/096_A_Fekete_haterrel-jpg-906x1024.jpg"},"square-thumb":{"file":"096_A_Fekete_haterrel-jpg-660x660.jpg","width":660,"height":660,"mime-type":"image\/jpeg","source_url":"https:\/\/palatul-culturii.ro\/wp-content\/uploads\/2016\/12\/096_A_Fekete_haterrel-jpg-660x660.jpg"},"square-thumb-half":{"file":"096_A_Fekete_haterrel-jpg-660x330.jpg","width":660,"height":330,"mime-type":"image\/jpeg","source_url":"https:\/\/palatul-culturii.ro\/wp-content\/uploads\/2016\/12\/096_A_Fekete_haterrel-jpg-660x330.jpg"},"square-thumb-third":{"file":"096_A_Fekete_haterrel-jpg-660x440.jpg","width":660,"height":440,"mime-type":"image\/jpeg","source_url":"https:\/\/palatul-culturii.ro\/wp-content\/uploads\/2016\/12\/096_A_Fekete_haterrel-jpg-660x440.jpg"},"grid-list-thumb":{"file":"096_A_Fekete_haterrel-jpg-220x220.jpg","width":220,"height":220,"mime-type":"image\/jpeg","source_url":"https:\/\/palatul-culturii.ro\/wp-content\/uploads\/2016\/12\/096_A_Fekete_haterrel-jpg-220x220.jpg"},"page-slider-thumb":{"file":"096_A_Fekete_haterrel-jpg-476x476.jpg","width":476,"height":476,"mime-type":"image\/jpeg","source_url":"https:\/\/palatul-culturii.ro\/wp-content\/uploads\/2016\/12\/096_A_Fekete_haterrel-jpg-476x476.jpg"}}},"alt_text":"","url":"","target":""},{"id":339,"title":"086_B jpg","caption":"","full_image_url":"https:\/\/palatul-culturii.ro\/wp-content\/uploads\/2016\/12\/086_B-jpg.jpg","thumbnail_image_url":"https:\/\/palatul-culturii.ro\/wp-content\/uploads\/2016\/12\/086_B-jpg-150x150.jpg","large_srcset":"https:\/\/palatul-culturii.ro\/wp-content\/uploads\/2016\/12\/086_B-jpg-906x1024.jpg 906w, https:\/\/palatul-culturii.ro\/wp-content\/uploads\/2016\/12\/086_B-jpg-421x476.jpg 421w, https:\/\/palatul-culturii.ro\/wp-content\/uploads\/2016\/12\/086_B-jpg-768x868.jpg 768w","medium_srcset":"https:\/\/palatul-culturii.ro\/wp-content\/uploads\/2016\/12\/086_B-jpg-421x476.jpg 421w, https:\/\/palatul-culturii.ro\/wp-content\/uploads\/2016\/12\/086_B-jpg-768x868.jpg 768w, https:\/\/palatul-culturii.ro\/wp-content\/uploads\/2016\/12\/086_B-jpg-906x1024.jpg 906w","media_details":{"width":3307,"height":3736,"sizes":{"thumbnail":{"file":"086_B-jpg-150x150.jpg","width":150,"height":150,"mime-type":"image\/jpeg","source_url":"https:\/\/palatul-culturii.ro\/wp-content\/uploads\/2016\/12\/086_B-jpg-150x150.jpg"},"medium":{"file":"086_B-jpg-421x476.jpg","width":421,"height":476,"mime-type":"image\/jpeg","source_url":"https:\/\/palatul-culturii.ro\/wp-content\/uploads\/2016\/12\/086_B-jpg-421x476.jpg"},"medium_large":{"file":"086_B-jpg-768x868.jpg","width":768,"height":868,"mime-type":"image\/jpeg","source_url":"https:\/\/palatul-culturii.ro\/wp-content\/uploads\/2016\/12\/086_B-jpg-768x868.jpg"},"large":{"file":"086_B-jpg-906x1024.jpg","width":906,"height":1024,"mime-type":"image\/jpeg","source_url":"https:\/\/palatul-culturii.ro\/wp-content\/uploads\/2016\/12\/086_B-jpg-906x1024.jpg"},"square-thumb":{"file":"086_B-jpg-660x660.jpg","width":660,"height":660,"mime-type":"image\/jpeg","source_url":"https:\/\/palatul-culturii.ro\/wp-content\/uploads\/2016\/12\/086_B-jpg-660x660.jpg"},"square-thumb-half":{"file":"086_B-jpg-660x330.jpg","width":660,"height":330,"mime-type":"image\/jpeg","source_url":"https:\/\/palatul-culturii.ro\/wp-content\/uploads\/2016\/12\/086_B-jpg-660x330.jpg"},"square-thumb-third":{"file":"086_B-jpg-660x440.jpg","width":660,"height":440,"mime-type":"image\/jpeg","source_url":"https:\/\/palatul-culturii.ro\/wp-content\/uploads\/2016\/12\/086_B-jpg-660x440.jpg"},"grid-list-thumb":{"file":"086_B-jpg-220x220.jpg","width":220,"height":220,"mime-type":"image\/jpeg","source_url":"https:\/\/palatul-culturii.ro\/wp-content\/uploads\/2016\/12\/086_B-jpg-220x220.jpg"},"page-slider-thumb":{"file":"086_B-jpg-476x476.jpg","width":476,"height":476,"mime-type":"image\/jpeg","source_url":"https:\/\/palatul-culturii.ro\/wp-content\/uploads\/2016\/12\/086_B-jpg-476x476.jpg"}}},"alt_text":"","url":"","target":""},{"id":338,"title":"085_B jpg","caption":"","full_image_url":"https:\/\/palatul-culturii.ro\/wp-content\/uploads\/2016\/12\/085_B-jpg.jpg","thumbnail_image_url":"https:\/\/palatul-culturii.ro\/wp-content\/uploads\/2016\/12\/085_B-jpg-150x150.jpg","large_srcset":"https:\/\/palatul-culturii.ro\/wp-content\/uploads\/2016\/12\/085_B-jpg-1024x644.jpg 1024w, https:\/\/palatul-culturii.ro\/wp-content\/uploads\/2016\/12\/085_B-jpg-476x299.jpg 476w, https:\/\/palatul-culturii.ro\/wp-content\/uploads\/2016\/12\/085_B-jpg-768x483.jpg 768w","medium_srcset":"https:\/\/palatul-culturii.ro\/wp-content\/uploads\/2016\/12\/085_B-jpg-476x299.jpg 476w, https:\/\/palatul-culturii.ro\/wp-content\/uploads\/2016\/12\/085_B-jpg-768x483.jpg 768w, https:\/\/palatul-culturii.ro\/wp-content\/uploads\/2016\/12\/085_B-jpg-1024x644.jpg 1024w","media_details":{"width":4683,"height":2946,"sizes":{"thumbnail":{"file":"085_B-jpg-150x150.jpg","width":150,"height":150,"mime-type":"image\/jpeg","source_url":"https:\/\/palatul-culturii.ro\/wp-content\/uploads\/2016\/12\/085_B-jpg-150x150.jpg"},"medium":{"file":"085_B-jpg-476x299.jpg","width":476,"height":299,"mime-type":"image\/jpeg","source_url":"https:\/\/palatul-culturii.ro\/wp-content\/uploads\/2016\/12\/085_B-jpg-476x299.jpg"},"medium_large":{"file":"085_B-jpg-768x483.jpg","width":768,"height":483,"mime-type":"image\/jpeg","source_url":"https:\/\/palatul-culturii.ro\/wp-content\/uploads\/2016\/12\/085_B-jpg-768x483.jpg"},"large":{"file":"085_B-jpg-1024x644.jpg","width":1024,"height":644,"mime-type":"image\/jpeg","source_url":"https:\/\/palatul-culturii.ro\/wp-content\/uploads\/2016\/12\/085_B-jpg-1024x644.jpg"},"square-thumb":{"file":"085_B-jpg-660x660.jpg","width":660,"height":660,"mime-type":"image\/jpeg","source_url":"https:\/\/palatul-culturii.ro\/wp-content\/uploads\/2016\/12\/085_B-jpg-660x660.jpg"},"square-thumb-half":{"file":"085_B-jpg-660x330.jpg","width":660,"height":330,"mime-type":"image\/jpeg","source_url":"https:\/\/palatul-culturii.ro\/wp-content\/uploads\/2016\/12\/085_B-jpg-660x330.jpg"},"square-thumb-third":{"file":"085_B-jpg-660x440.jpg","width":660,"height":440,"mime-type":"image\/jpeg","source_url":"https:\/\/palatul-culturii.ro\/wp-content\/uploads\/2016\/12\/085_B-jpg-660x440.jpg"},"grid-list-thumb":{"file":"085_B-jpg-220x220.jpg","width":220,"height":220,"mime-type":"image\/jpeg","source_url":"https:\/\/palatul-culturii.ro\/wp-content\/uploads\/2016\/12\/085_B-jpg-220x220.jpg"},"page-slider-thumb":{"file":"085_B-jpg-476x476.jpg","width":476,"height":476,"mime-type":"image\/jpeg","source_url":"https:\/\/palatul-culturii.ro\/wp-content\/uploads\/2016\/12\/085_B-jpg-476x476.jpg"}}},"alt_text":"","url":"","target":""},{"id":337,"title":"081_AB jpg","caption":"","full_image_url":"https:\/\/palatul-culturii.ro\/wp-content\/uploads\/2016\/12\/081_AB-jpg.jpg","thumbnail_image_url":"https:\/\/palatul-culturii.ro\/wp-content\/uploads\/2016\/12\/081_AB-jpg-150x150.jpg","large_srcset":"https:\/\/palatul-culturii.ro\/wp-content\/uploads\/2016\/12\/081_AB-jpg-1024x734.jpg 1024w, https:\/\/palatul-culturii.ro\/wp-content\/uploads\/2016\/12\/081_AB-jpg-476x341.jpg 476w, https:\/\/palatul-culturii.ro\/wp-content\/uploads\/2016\/12\/081_AB-jpg-768x550.jpg 768w","medium_srcset":"https:\/\/palatul-culturii.ro\/wp-content\/uploads\/2016\/12\/081_AB-jpg-476x341.jpg 476w, https:\/\/palatul-culturii.ro\/wp-content\/uploads\/2016\/12\/081_AB-jpg-768x550.jpg 768w, https:\/\/palatul-culturii.ro\/wp-content\/uploads\/2016\/12\/081_AB-jpg-1024x734.jpg 1024w","media_details":{"width":4512,"height":3234,"sizes":{"thumbnail":{"file":"081_AB-jpg-150x150.jpg","width":150,"height":150,"mime-type":"image\/jpeg","source_url":"https:\/\/palatul-culturii.ro\/wp-content\/uploads\/2016\/12\/081_AB-jpg-150x150.jpg"},"medium":{"file":"081_AB-jpg-476x341.jpg","width":476,"height":341,"mime-type":"image\/jpeg","source_url":"https:\/\/palatul-culturii.ro\/wp-content\/uploads\/2016\/12\/081_AB-jpg-476x341.jpg"},"medium_large":{"file":"081_AB-jpg-768x550.jpg","width":768,"height":550,"mime-type":"image\/jpeg","source_url":"https:\/\/palatul-culturii.ro\/wp-content\/uploads\/2016\/12\/081_AB-jpg-768x550.jpg"},"large":{"file":"081_AB-jpg-1024x734.jpg","width":1024,"height":734,"mime-type":"image\/jpeg","source_url":"https:\/\/palatul-culturii.ro\/wp-content\/uploads\/2016\/12\/081_AB-jpg-1024x734.jpg"},"square-thumb":{"file":"081_AB-jpg-660x660.jpg","width":660,"height":660,"mime-type":"image\/jpeg","source_url":"https:\/\/palatul-culturii.ro\/wp-content\/uploads\/2016\/12\/081_AB-jpg-660x660.jpg"},"square-thumb-half":{"file":"081_AB-jpg-660x330.jpg","width":660,"height":330,"mime-type":"image\/jpeg","source_url":"https:\/\/palatul-culturii.ro\/wp-content\/uploads\/2016\/12\/081_AB-jpg-660x330.jpg"},"square-thumb-third":{"file":"081_AB-jpg-660x440.jpg","width":660,"height":440,"mime-type":"image\/jpeg","source_url":"https:\/\/palatul-culturii.ro\/wp-content\/uploads\/2016\/12\/081_AB-jpg-660x440.jpg"},"grid-list-thumb":{"file":"081_AB-jpg-220x220.jpg","width":220,"height":220,"mime-type":"image\/jpeg","source_url":"https:\/\/palatul-culturii.ro\/wp-content\/uploads\/2016\/12\/081_AB-jpg-220x220.jpg"},"page-slider-thumb":{"file":"081_AB-jpg-476x476.jpg","width":476,"height":476,"mime-type":"image\/jpeg","source_url":"https:\/\/palatul-culturii.ro\/wp-content\/uploads\/2016\/12\/081_AB-jpg-476x476.jpg"}}},"alt_text":"","url":"","target":""}]]}},"_links":{"self":[{"href":"https:\/\/palatul-culturii.ro\/hu\/wp-json\/wp\/v2\/pages\/119","targetHints":{"allow":["GET"]}}],"collection":[{"href":"https:\/\/palatul-culturii.ro\/hu\/wp-json\/wp\/v2\/pages"}],"about":[{"href":"https:\/\/palatul-culturii.ro\/hu\/wp-json\/wp\/v2\/types\/page"}],"author":[{"embeddable":true,"href":"https:\/\/palatul-culturii.ro\/hu\/wp-json\/wp\/v2\/users\/5"}],"replies":[{"embeddable":true,"href":"https:\/\/palatul-culturii.ro\/hu\/wp-json\/wp\/v2\/comments?post=119"}],"version-history":[{"count":13,"href":"https:\/\/palatul-culturii.ro\/hu\/wp-json\/wp\/v2\/pages\/119\/revisions"}],"predecessor-version":[{"id":1543,"href":"https:\/\/palatul-culturii.ro\/hu\/wp-json\/wp\/v2\/pages\/119\/revisions\/1543"}],"up":[{"embeddable":true,"href":"https:\/\/palatul-culturii.ro\/hu\/wp-json\/wp\/v2\/pages\/268"}],"wp:featuredmedia":[{"embeddable":true,"href":"https:\/\/palatul-culturii.ro\/hu\/wp-json\/wp\/v2\/media\/338"}],"wp:attachment":[{"href":"https:\/\/palatul-culturii.ro\/hu\/wp-json\/wp\/v2\/media?parent=119"}],"curies":[{"name":"wp","href":"https:\/\/api.w.org\/{rel}","templated":true}]}}