{"id":114,"date":"2016-12-15T09:18:17","date_gmt":"2016-12-15T09:18:17","guid":{"rendered":"http:\/\/192.168.0.120\/kulturpalota\/?page_id=114"},"modified":"2020-05-12T09:51:08","modified_gmt":"2020-05-12T09:51:08","slug":"sala-mare","status":"publish","type":"page","link":"https:\/\/palatul-culturii.ro\/hu\/istoria-palatului\/sala-mare\/","title":{"rendered":"El\u0151csarnok \u00e9s l\u00e9pcs\u0151h\u00e1zak"},"content":{"rendered":"<p>A f\u00f6ldszinti el\u0151csarnok maga is egys\u00e9ges \u00f6sszm\u0171v\u00e9szeti alkot\u00e1s, melyben \u00e9p\u00edt\u00e9szet \u00e9s d\u00edsz\u00edt\u0151m\u0171v\u00e9szet, iparm\u0171v\u00e9szet, fest\u00e9szet \u00e9s szobr\u00e1szat k\u00fcl\u00f6n-k\u00fcl\u00f6n is \u00e9rv\u00e9nyes\u00fcl. Keleti hat\u00e1s\u00fa ez a t\u00e9r a s\u00e1rga mint\u00e1zat\u00fa ablakokon besz\u0171r\u0151d\u0151 \u00e9s a kupol\u00e1k k\u00f6zep\u00e9n f\u00fcgg\u0151 csill\u00e1rok f\u00e9nye valamint a t\u00e9r minden r\u00e9sz\u00e9nek aranyos ragyog\u00e1sa \u00e9s d\u00edszm\u0171vei miatt, melyek K\u00f6r\u00f6sf\u0151i-Kriesch Alad\u00e1rnak (1863\u20131920), akkor a budapesti Iparm\u0171v\u00e9szeti Iskola d\u00edsz\u00edt\u0151fest\u0151 tan\u00e1r\u00e1nak, a g\u00f6d\u00f6ll\u0151i m\u0171v\u00e9sztelep alap\u00edt\u00f3j\u00e1nak elk\u00e9pzel\u00e9seihez h\u00edven k\u00e9sz\u00fclt.<\/p>\n<p>A fels\u0151 szintek megk\u00f6zel\u00edt\u00e9s\u00e9t az el\u0151csarnokb\u00f3l indul\u00f3, a nagyterem k\u00e9t oldal\u00e1n h\u00faz\u00f3d\u00f3 l\u00e9pcs\u0151h\u00e1z-p\u00e1r teszi lehet\u0151v\u00e9. Itt is az el\u0151csarnok sz\u00ednvil\u00e1g\u00e1t nagyban meghat\u00e1roz\u00f3 z\u00f6ld sz\u00edn domin\u00e1l, a ny\u00edl\u00e1sokat, falmez\u0151ket szeg\u00e9lyez\u0151, s\u00f6t\u00e9tk\u00e9k alapkifest\u00e9s\u0171, vir\u00e1gmint\u00e1s kont\u00fars\u00e1vokkal t\u00e1rs\u00edtva. Az igencsak \u00e9l\u00e9nk kromatik\u00e1j\u00fa terek kifest\u00e9s\u00e9re Falus Eleket k\u00e9rt\u00e9k fel. Ezek mellett szerencs\u00e9s m\u00f3don f\u00e9rtek meg a magyar szecesszi\u00f3s \u00fcvegm\u0171v\u00e9szet akkor m\u00e1r 20 \u00e9ve kiemelked\u0151 mester\u00e9nek, R\u00f3th Miks\u00e1nak t\u00f6rt\u00e9nelmi portr\u00e9kat szimmetrikus ornament\u00e1lis rendszerbe beilleszked\u0151 sz\u00ednes ablaksorai.<\/p>","protected":false},"excerpt":{"rendered":"<p>A f\u00f6ldszinti el\u0151csarnok maga is egys\u00e9ges \u00f6sszm\u0171v\u00e9szeti alkot\u00e1s, melyben \u00e9p\u00edt\u00e9szet \u00e9s d\u00edsz\u00edt\u0151m\u0171v\u00e9szet, iparm\u0171v\u00e9szet, fest\u00e9szet \u00e9s szobr\u00e1szat k\u00fcl\u00f6n-k\u00fcl\u00f6n is \u00e9rv\u00e9nyes\u00fcl. Keleti hat\u00e1s\u00fa ez a t\u00e9r a s\u00e1rga mint\u00e1zat\u00fa ablakokon besz\u0171r\u0151d\u0151 \u00e9s a kupol\u00e1k k\u00f6zep\u00e9n f\u00fcgg\u0151 csill\u00e1rok f\u00e9nye valamint a t\u00e9r minden [&hellip;]<\/p>\n","protected":false},"author":5,"featured_media":319,"parent":268,"menu_order":0,"comment_status":"closed","ping_status":"closed","template":"","meta":{"_acf_changed":false,"footnotes":""},"class_list":["post-114","page","type-page","status-publish","has-post-thumbnail","hentry"],"acf":{"photo_gallery":{"upload_images":[[{"id":319,"title":"039_A jpg","caption":"","full_image_url":"https:\/\/palatul-culturii.ro\/wp-content\/uploads\/2016\/12\/039_A-jpg.jpg","thumbnail_image_url":"https:\/\/palatul-culturii.ro\/wp-content\/uploads\/2016\/12\/039_A-jpg-150x150.jpg","large_srcset":"https:\/\/palatul-culturii.ro\/wp-content\/uploads\/2016\/12\/039_A-jpg.jpg 683w, https:\/\/palatul-culturii.ro\/wp-content\/uploads\/2016\/12\/039_A-jpg-317x476.jpg 317w","medium_srcset":"https:\/\/palatul-culturii.ro\/wp-content\/uploads\/2016\/12\/039_A-jpg-317x476.jpg 317w, https:\/\/palatul-culturii.ro\/wp-content\/uploads\/2016\/12\/039_A-jpg.jpg 683w","media_details":{"width":683,"height":1024,"sizes":{"thumbnail":{"file":"039_A-jpg-150x150.jpg","width":150,"height":150,"mime-type":"image\/jpeg","source_url":"https:\/\/palatul-culturii.ro\/wp-content\/uploads\/2016\/12\/039_A-jpg-150x150.jpg"},"medium":{"file":"039_A-jpg-317x476.jpg","width":317,"height":476,"mime-type":"image\/jpeg","source_url":"https:\/\/palatul-culturii.ro\/wp-content\/uploads\/2016\/12\/039_A-jpg-317x476.jpg"},"large":{"file":"039_A-jpg-683x1024.jpg","width":683,"height":1024,"mime-type":"image\/jpeg","source_url":"https:\/\/palatul-culturii.ro\/wp-content\/uploads\/2016\/12\/039_A-jpg-683x1024.jpg"},"square-thumb":{"file":"039_A-jpg-660x660.jpg","width":660,"height":660,"mime-type":"image\/jpeg","source_url":"https:\/\/palatul-culturii.ro\/wp-content\/uploads\/2016\/12\/039_A-jpg-660x660.jpg"},"square-thumb-half":{"file":"039_A-jpg-660x330.jpg","width":660,"height":330,"mime-type":"image\/jpeg","source_url":"https:\/\/palatul-culturii.ro\/wp-content\/uploads\/2016\/12\/039_A-jpg-660x330.jpg"},"square-thumb-third":{"file":"039_A-jpg-660x440.jpg","width":660,"height":440,"mime-type":"image\/jpeg","source_url":"https:\/\/palatul-culturii.ro\/wp-content\/uploads\/2016\/12\/039_A-jpg-660x440.jpg"},"grid-list-thumb":{"file":"039_A-jpg-220x220.jpg","width":220,"height":220,"mime-type":"image\/jpeg","source_url":"https:\/\/palatul-culturii.ro\/wp-content\/uploads\/2016\/12\/039_A-jpg-220x220.jpg"},"page-slider-thumb":{"file":"039_A-jpg-476x476.jpg","width":476,"height":476,"mime-type":"image\/jpeg","source_url":"https:\/\/palatul-culturii.ro\/wp-content\/uploads\/2016\/12\/039_A-jpg-476x476.jpg"}}},"alt_text":"","url":"","target":""},{"id":320,"title":"049_B jpg","caption":"","full_image_url":"https:\/\/palatul-culturii.ro\/wp-content\/uploads\/2016\/12\/049_B-jpg.jpg","thumbnail_image_url":"https:\/\/palatul-culturii.ro\/wp-content\/uploads\/2016\/12\/049_B-jpg-150x150.jpg","large_srcset":"https:\/\/palatul-culturii.ro\/wp-content\/uploads\/2016\/12\/049_B-jpg.jpg 1024w, https:\/\/palatul-culturii.ro\/wp-content\/uploads\/2016\/12\/049_B-jpg-476x304.jpg 476w, https:\/\/palatul-culturii.ro\/wp-content\/uploads\/2016\/12\/049_B-jpg-768x491.jpg 768w","medium_srcset":"https:\/\/palatul-culturii.ro\/wp-content\/uploads\/2016\/12\/049_B-jpg-476x304.jpg 476w, https:\/\/palatul-culturii.ro\/wp-content\/uploads\/2016\/12\/049_B-jpg-768x491.jpg 768w, https:\/\/palatul-culturii.ro\/wp-content\/uploads\/2016\/12\/049_B-jpg.jpg 1024w","media_details":{"width":1024,"height":654,"sizes":{"thumbnail":{"file":"049_B-jpg-150x150.jpg","width":150,"height":150,"mime-type":"image\/jpeg","source_url":"https:\/\/palatul-culturii.ro\/wp-content\/uploads\/2016\/12\/049_B-jpg-150x150.jpg"},"medium":{"file":"049_B-jpg-476x304.jpg","width":476,"height":304,"mime-type":"image\/jpeg","source_url":"https:\/\/palatul-culturii.ro\/wp-content\/uploads\/2016\/12\/049_B-jpg-476x304.jpg"},"medium_large":{"file":"049_B-jpg-768x491.jpg","width":768,"height":491,"mime-type":"image\/jpeg","source_url":"https:\/\/palatul-culturii.ro\/wp-content\/uploads\/2016\/12\/049_B-jpg-768x491.jpg"},"large":{"file":"049_B-jpg-1024x654.jpg","width":1024,"height":654,"mime-type":"image\/jpeg","source_url":"https:\/\/palatul-culturii.ro\/wp-content\/uploads\/2016\/12\/049_B-jpg-1024x654.jpg"},"square-thumb":{"file":"049_B-jpg-660x654.jpg","width":660,"height":654,"mime-type":"image\/jpeg","source_url":"https:\/\/palatul-culturii.ro\/wp-content\/uploads\/2016\/12\/049_B-jpg-660x654.jpg"},"square-thumb-half":{"file":"049_B-jpg-660x330.jpg","width":660,"height":330,"mime-type":"image\/jpeg","source_url":"https:\/\/palatul-culturii.ro\/wp-content\/uploads\/2016\/12\/049_B-jpg-660x330.jpg"},"square-thumb-third":{"file":"049_B-jpg-660x440.jpg","width":660,"height":440,"mime-type":"image\/jpeg","source_url":"https:\/\/palatul-culturii.ro\/wp-content\/uploads\/2016\/12\/049_B-jpg-660x440.jpg"},"grid-list-thumb":{"file":"049_B-jpg-220x220.jpg","width":220,"height":220,"mime-type":"image\/jpeg","source_url":"https:\/\/palatul-culturii.ro\/wp-content\/uploads\/2016\/12\/049_B-jpg-220x220.jpg"},"page-slider-thumb":{"file":"049_B-jpg-476x476.jpg","width":476,"height":476,"mime-type":"image\/jpeg","source_url":"https:\/\/palatul-culturii.ro\/wp-content\/uploads\/2016\/12\/049_B-jpg-476x476.jpg"}}},"alt_text":"","url":"","target":""},{"id":321,"title":"053_A_Fekete_hatterrel jpg","caption":"","full_image_url":"https:\/\/palatul-culturii.ro\/wp-content\/uploads\/2016\/12\/053_A_Fekete_hatterrel-jpg.jpg","thumbnail_image_url":"https:\/\/palatul-culturii.ro\/wp-content\/uploads\/2016\/12\/053_A_Fekete_hatterrel-jpg-150x150.jpg","large_srcset":"https:\/\/palatul-culturii.ro\/wp-content\/uploads\/2016\/12\/053_A_Fekete_hatterrel-jpg.jpg 956w, https:\/\/palatul-culturii.ro\/wp-content\/uploads\/2016\/12\/053_A_Fekete_hatterrel-jpg-476x382.jpg 476w, https:\/\/palatul-culturii.ro\/wp-content\/uploads\/2016\/12\/053_A_Fekete_hatterrel-jpg-768x617.jpg 768w","medium_srcset":"https:\/\/palatul-culturii.ro\/wp-content\/uploads\/2016\/12\/053_A_Fekete_hatterrel-jpg-476x382.jpg 476w, https:\/\/palatul-culturii.ro\/wp-content\/uploads\/2016\/12\/053_A_Fekete_hatterrel-jpg-768x617.jpg 768w, https:\/\/palatul-culturii.ro\/wp-content\/uploads\/2016\/12\/053_A_Fekete_hatterrel-jpg.jpg 956w","media_details":{"width":956,"height":768,"sizes":{"thumbnail":{"file":"053_A_Fekete_hatterrel-jpg-150x150.jpg","width":150,"height":150,"mime-type":"image\/jpeg","source_url":"https:\/\/palatul-culturii.ro\/wp-content\/uploads\/2016\/12\/053_A_Fekete_hatterrel-jpg-150x150.jpg"},"medium":{"file":"053_A_Fekete_hatterrel-jpg-476x382.jpg","width":476,"height":382,"mime-type":"image\/jpeg","source_url":"https:\/\/palatul-culturii.ro\/wp-content\/uploads\/2016\/12\/053_A_Fekete_hatterrel-jpg-476x382.jpg"},"medium_large":{"file":"053_A_Fekete_hatterrel-jpg-768x617.jpg","width":768,"height":617,"mime-type":"image\/jpeg","source_url":"https:\/\/palatul-culturii.ro\/wp-content\/uploads\/2016\/12\/053_A_Fekete_hatterrel-jpg-768x617.jpg"},"square-thumb":{"file":"053_A_Fekete_hatterrel-jpg-660x660.jpg","width":660,"height":660,"mime-type":"image\/jpeg","source_url":"https:\/\/palatul-culturii.ro\/wp-content\/uploads\/2016\/12\/053_A_Fekete_hatterrel-jpg-660x660.jpg"},"square-thumb-half":{"file":"053_A_Fekete_hatterrel-jpg-660x330.jpg","width":660,"height":330,"mime-type":"image\/jpeg","source_url":"https:\/\/palatul-culturii.ro\/wp-content\/uploads\/2016\/12\/053_A_Fekete_hatterrel-jpg-660x330.jpg"},"square-thumb-third":{"file":"053_A_Fekete_hatterrel-jpg-660x440.jpg","width":660,"height":440,"mime-type":"image\/jpeg","source_url":"https:\/\/palatul-culturii.ro\/wp-content\/uploads\/2016\/12\/053_A_Fekete_hatterrel-jpg-660x440.jpg"},"grid-list-thumb":{"file":"053_A_Fekete_hatterrel-jpg-220x220.jpg","width":220,"height":220,"mime-type":"image\/jpeg","source_url":"https:\/\/palatul-culturii.ro\/wp-content\/uploads\/2016\/12\/053_A_Fekete_hatterrel-jpg-220x220.jpg"},"page-slider-thumb":{"file":"053_A_Fekete_hatterrel-jpg-476x476.jpg","width":476,"height":476,"mime-type":"image\/jpeg","source_url":"https:\/\/palatul-culturii.ro\/wp-content\/uploads\/2016\/12\/053_A_Fekete_hatterrel-jpg-476x476.jpg"}}},"alt_text":"","url":"","target":""},{"id":322,"title":"055_A_fekete_hatterrel jpg","caption":"","full_image_url":"https:\/\/palatul-culturii.ro\/wp-content\/uploads\/2016\/12\/055_A_fekete_hatterrel-jpg.jpg","thumbnail_image_url":"https:\/\/palatul-culturii.ro\/wp-content\/uploads\/2016\/12\/055_A_fekete_hatterrel-jpg-150x150.jpg","large_srcset":"https:\/\/palatul-culturii.ro\/wp-content\/uploads\/2016\/12\/055_A_fekete_hatterrel-jpg.jpg 941w, https:\/\/palatul-culturii.ro\/wp-content\/uploads\/2016\/12\/055_A_fekete_hatterrel-jpg-476x388.jpg 476w, https:\/\/palatul-culturii.ro\/wp-content\/uploads\/2016\/12\/055_A_fekete_hatterrel-jpg-768x627.jpg 768w","medium_srcset":"https:\/\/palatul-culturii.ro\/wp-content\/uploads\/2016\/12\/055_A_fekete_hatterrel-jpg-476x388.jpg 476w, https:\/\/palatul-culturii.ro\/wp-content\/uploads\/2016\/12\/055_A_fekete_hatterrel-jpg-768x627.jpg 768w, https:\/\/palatul-culturii.ro\/wp-content\/uploads\/2016\/12\/055_A_fekete_hatterrel-jpg.jpg 941w","media_details":{"width":941,"height":768,"sizes":{"thumbnail":{"file":"055_A_fekete_hatterrel-jpg-150x150.jpg","width":150,"height":150,"mime-type":"image\/jpeg","source_url":"https:\/\/palatul-culturii.ro\/wp-content\/uploads\/2016\/12\/055_A_fekete_hatterrel-jpg-150x150.jpg"},"medium":{"file":"055_A_fekete_hatterrel-jpg-476x388.jpg","width":476,"height":388,"mime-type":"image\/jpeg","source_url":"https:\/\/palatul-culturii.ro\/wp-content\/uploads\/2016\/12\/055_A_fekete_hatterrel-jpg-476x388.jpg"},"medium_large":{"file":"055_A_fekete_hatterrel-jpg-768x627.jpg","width":768,"height":627,"mime-type":"image\/jpeg","source_url":"https:\/\/palatul-culturii.ro\/wp-content\/uploads\/2016\/12\/055_A_fekete_hatterrel-jpg-768x627.jpg"},"square-thumb":{"file":"055_A_fekete_hatterrel-jpg-660x660.jpg","width":660,"height":660,"mime-type":"image\/jpeg","source_url":"https:\/\/palatul-culturii.ro\/wp-content\/uploads\/2016\/12\/055_A_fekete_hatterrel-jpg-660x660.jpg"},"square-thumb-half":{"file":"055_A_fekete_hatterrel-jpg-660x330.jpg","width":660,"height":330,"mime-type":"image\/jpeg","source_url":"https:\/\/palatul-culturii.ro\/wp-content\/uploads\/2016\/12\/055_A_fekete_hatterrel-jpg-660x330.jpg"},"square-thumb-third":{"file":"055_A_fekete_hatterrel-jpg-660x440.jpg","width":660,"height":440,"mime-type":"image\/jpeg","source_url":"https:\/\/palatul-culturii.ro\/wp-content\/uploads\/2016\/12\/055_A_fekete_hatterrel-jpg-660x440.jpg"},"grid-list-thumb":{"file":"055_A_fekete_hatterrel-jpg-220x220.jpg","width":220,"height":220,"mime-type":"image\/jpeg","source_url":"https:\/\/palatul-culturii.ro\/wp-content\/uploads\/2016\/12\/055_A_fekete_hatterrel-jpg-220x220.jpg"},"page-slider-thumb":{"file":"055_A_fekete_hatterrel-jpg-476x476.jpg","width":476,"height":476,"mime-type":"image\/jpeg","source_url":"https:\/\/palatul-culturii.ro\/wp-content\/uploads\/2016\/12\/055_A_fekete_hatterrel-jpg-476x476.jpg"}}},"alt_text":"","url":"","target":""},{"id":323,"title":"076_A jpg","caption":"","full_image_url":"https:\/\/palatul-culturii.ro\/wp-content\/uploads\/2016\/12\/076_A-jpg.jpg","thumbnail_image_url":"https:\/\/palatul-culturii.ro\/wp-content\/uploads\/2016\/12\/076_A-jpg-150x150.jpg","large_srcset":"https:\/\/palatul-culturii.ro\/wp-content\/uploads\/2016\/12\/076_A-jpg.jpg 1024w, https:\/\/palatul-culturii.ro\/wp-content\/uploads\/2016\/12\/076_A-jpg-476x357.jpg 476w, https:\/\/palatul-culturii.ro\/wp-content\/uploads\/2016\/12\/076_A-jpg-768x576.jpg 768w","medium_srcset":"https:\/\/palatul-culturii.ro\/wp-content\/uploads\/2016\/12\/076_A-jpg-476x357.jpg 476w, https:\/\/palatul-culturii.ro\/wp-content\/uploads\/2016\/12\/076_A-jpg-768x576.jpg 768w, https:\/\/palatul-culturii.ro\/wp-content\/uploads\/2016\/12\/076_A-jpg.jpg 1024w","media_details":{"width":1024,"height":768,"sizes":{"thumbnail":{"file":"076_A-jpg-150x150.jpg","width":150,"height":150,"mime-type":"image\/jpeg","source_url":"https:\/\/palatul-culturii.ro\/wp-content\/uploads\/2016\/12\/076_A-jpg-150x150.jpg"},"medium":{"file":"076_A-jpg-476x357.jpg","width":476,"height":357,"mime-type":"image\/jpeg","source_url":"https:\/\/palatul-culturii.ro\/wp-content\/uploads\/2016\/12\/076_A-jpg-476x357.jpg"},"medium_large":{"file":"076_A-jpg-768x576.jpg","width":768,"height":576,"mime-type":"image\/jpeg","source_url":"https:\/\/palatul-culturii.ro\/wp-content\/uploads\/2016\/12\/076_A-jpg-768x576.jpg"},"large":{"file":"076_A-jpg-1024x768.jpg","width":1024,"height":768,"mime-type":"image\/jpeg","source_url":"https:\/\/palatul-culturii.ro\/wp-content\/uploads\/2016\/12\/076_A-jpg-1024x768.jpg"},"square-thumb":{"file":"076_A-jpg-660x660.jpg","width":660,"height":660,"mime-type":"image\/jpeg","source_url":"https:\/\/palatul-culturii.ro\/wp-content\/uploads\/2016\/12\/076_A-jpg-660x660.jpg"},"square-thumb-half":{"file":"076_A-jpg-660x330.jpg","width":660,"height":330,"mime-type":"image\/jpeg","source_url":"https:\/\/palatul-culturii.ro\/wp-content\/uploads\/2016\/12\/076_A-jpg-660x330.jpg"},"square-thumb-third":{"file":"076_A-jpg-660x440.jpg","width":660,"height":440,"mime-type":"image\/jpeg","source_url":"https:\/\/palatul-culturii.ro\/wp-content\/uploads\/2016\/12\/076_A-jpg-660x440.jpg"},"grid-list-thumb":{"file":"076_A-jpg-220x220.jpg","width":220,"height":220,"mime-type":"image\/jpeg","source_url":"https:\/\/palatul-culturii.ro\/wp-content\/uploads\/2016\/12\/076_A-jpg-220x220.jpg"},"page-slider-thumb":{"file":"076_A-jpg-476x476.jpg","width":476,"height":476,"mime-type":"image\/jpeg","source_url":"https:\/\/palatul-culturii.ro\/wp-content\/uploads\/2016\/12\/076_A-jpg-476x476.jpg"}}},"alt_text":"","url":"","target":""},{"id":324,"title":"080_A_Fekete_hatterrel jpg","caption":"","full_image_url":"https:\/\/palatul-culturii.ro\/wp-content\/uploads\/2016\/12\/080_A_Fekete_hatterrel-jpg.jpg","thumbnail_image_url":"https:\/\/palatul-culturii.ro\/wp-content\/uploads\/2016\/12\/080_A_Fekete_hatterrel-jpg-150x150.jpg","large_srcset":"https:\/\/palatul-culturii.ro\/wp-content\/uploads\/2016\/12\/080_A_Fekete_hatterrel-jpg.jpg 554w, https:\/\/palatul-culturii.ro\/wp-content\/uploads\/2016\/12\/080_A_Fekete_hatterrel-jpg-258x476.jpg 258w","medium_srcset":"https:\/\/palatul-culturii.ro\/wp-content\/uploads\/2016\/12\/080_A_Fekete_hatterrel-jpg-258x476.jpg 258w, https:\/\/palatul-culturii.ro\/wp-content\/uploads\/2016\/12\/080_A_Fekete_hatterrel-jpg.jpg 554w","media_details":{"width":554,"height":1024,"sizes":{"thumbnail":{"file":"080_A_Fekete_hatterrel-jpg-150x150.jpg","width":150,"height":150,"mime-type":"image\/jpeg","source_url":"https:\/\/palatul-culturii.ro\/wp-content\/uploads\/2016\/12\/080_A_Fekete_hatterrel-jpg-150x150.jpg"},"medium":{"file":"080_A_Fekete_hatterrel-jpg-258x476.jpg","width":258,"height":476,"mime-type":"image\/jpeg","source_url":"https:\/\/palatul-culturii.ro\/wp-content\/uploads\/2016\/12\/080_A_Fekete_hatterrel-jpg-258x476.jpg"},"large":{"file":"080_A_Fekete_hatterrel-jpg-554x1024.jpg","width":554,"height":1024,"mime-type":"image\/jpeg","source_url":"https:\/\/palatul-culturii.ro\/wp-content\/uploads\/2016\/12\/080_A_Fekete_hatterrel-jpg-554x1024.jpg"},"square-thumb":{"file":"080_A_Fekete_hatterrel-jpg-554x660.jpg","width":554,"height":660,"mime-type":"image\/jpeg","source_url":"https:\/\/palatul-culturii.ro\/wp-content\/uploads\/2016\/12\/080_A_Fekete_hatterrel-jpg-554x660.jpg"},"square-thumb-half":{"file":"080_A_Fekete_hatterrel-jpg-554x330.jpg","width":554,"height":330,"mime-type":"image\/jpeg","source_url":"https:\/\/palatul-culturii.ro\/wp-content\/uploads\/2016\/12\/080_A_Fekete_hatterrel-jpg-554x330.jpg"},"square-thumb-third":{"file":"080_A_Fekete_hatterrel-jpg-554x440.jpg","width":554,"height":440,"mime-type":"image\/jpeg","source_url":"https:\/\/palatul-culturii.ro\/wp-content\/uploads\/2016\/12\/080_A_Fekete_hatterrel-jpg-554x440.jpg"},"grid-list-thumb":{"file":"080_A_Fekete_hatterrel-jpg-220x220.jpg","width":220,"height":220,"mime-type":"image\/jpeg","source_url":"https:\/\/palatul-culturii.ro\/wp-content\/uploads\/2016\/12\/080_A_Fekete_hatterrel-jpg-220x220.jpg"},"page-slider-thumb":{"file":"080_A_Fekete_hatterrel-jpg-476x476.jpg","width":476,"height":476,"mime-type":"image\/jpeg","source_url":"https:\/\/palatul-culturii.ro\/wp-content\/uploads\/2016\/12\/080_A_Fekete_hatterrel-jpg-476x476.jpg"}}},"alt_text":"","url":"","target":""}]]}},"_links":{"self":[{"href":"https:\/\/palatul-culturii.ro\/hu\/wp-json\/wp\/v2\/pages\/114","targetHints":{"allow":["GET"]}}],"collection":[{"href":"https:\/\/palatul-culturii.ro\/hu\/wp-json\/wp\/v2\/pages"}],"about":[{"href":"https:\/\/palatul-culturii.ro\/hu\/wp-json\/wp\/v2\/types\/page"}],"author":[{"embeddable":true,"href":"https:\/\/palatul-culturii.ro\/hu\/wp-json\/wp\/v2\/users\/5"}],"replies":[{"embeddable":true,"href":"https:\/\/palatul-culturii.ro\/hu\/wp-json\/wp\/v2\/comments?post=114"}],"version-history":[{"count":23,"href":"https:\/\/palatul-culturii.ro\/hu\/wp-json\/wp\/v2\/pages\/114\/revisions"}],"predecessor-version":[{"id":1339,"href":"https:\/\/palatul-culturii.ro\/hu\/wp-json\/wp\/v2\/pages\/114\/revisions\/1339"}],"up":[{"embeddable":true,"href":"https:\/\/palatul-culturii.ro\/hu\/wp-json\/wp\/v2\/pages\/268"}],"wp:featuredmedia":[{"embeddable":true,"href":"https:\/\/palatul-culturii.ro\/hu\/wp-json\/wp\/v2\/media\/319"}],"wp:attachment":[{"href":"https:\/\/palatul-culturii.ro\/hu\/wp-json\/wp\/v2\/media?parent=114"}],"curies":[{"name":"wp","href":"https:\/\/api.w.org\/{rel}","templated":true}]}}