{"id":108,"date":"2016-12-13T14:48:06","date_gmt":"2016-12-13T14:48:06","guid":{"rendered":"http:\/\/192.168.0.120\/kulturpalota\/?page_id=108"},"modified":"2018-01-14T14:42:47","modified_gmt":"2018-01-14T14:42:47","slug":"acces-persoane-dizabilitati","status":"publish","type":"page","link":"https:\/\/palatul-culturii.ro\/hu\/vizita\/acces-persoane-dizabilitati\/","title":{"rendered":"Akad\u00e1lymentes\u00edt\u00e9s"},"content":{"rendered":"<div class=\"row\">\n                                <span id=acces-persoane-dizabilitati data-magellan-target=acces-persoane-dizabilitati><\/span><\/p>\n<div class=\"small-12 columns\">\n<h3 class=\"section-title\">Akad\u00e1lymentes\u00edt\u00e9s<\/h3>\n<\/div><\/div>\n<div class=\"row\">\n<div class=\"small-12 columns\">\n                              Mozg\u00e1skorl\u00e1tozott l\u00e1togat\u00f3ink sz\u00e1m\u00e1ra felvon\u00f3val biztos\u00edtjuk a Kult\u00farpalota ki\u00e1ll\u00edt\u00f3tereiben, valamint az \u00e9p\u00fcletben m\u0171k\u00f6d\u0151 kultur\u00e1lis int\u00e9zm\u00e9nyekhez val\u00f3 bejut\u00e1st. A felvon\u00f3 haszn\u00e1lat\u00e1ra vonatkoz\u00f3 k\u00e9r\u00e9s\u00e9t, k\u00e9rj\u00fck jelezze a jegyp\u00e9nzt\u00e1r\u00e1n\u00e1l.\n                             <\/div>\n<div class=\"small-12 columns\">\n<hr class=\"border\" \/><\/div>\n<\/div>","protected":false},"excerpt":{"rendered":"<p>Akad\u00e1lymentes\u00edt\u00e9s Mozg\u00e1skorl\u00e1tozott l\u00e1togat\u00f3ink sz\u00e1m\u00e1ra felvon\u00f3val biztos\u00edtjuk a Kult\u00farpalota ki\u00e1ll\u00edt\u00f3tereiben, valamint az \u00e9p\u00fcletben m\u0171k\u00f6d\u0151 kultur\u00e1lis int\u00e9zm\u00e9nyekhez val\u00f3 bejut\u00e1st. A felvon\u00f3 haszn\u00e1lat\u00e1ra vonatkoz\u00f3 k\u00e9r\u00e9s\u00e9t, k\u00e9rj\u00fck jelezze a jegyp\u00e9nzt\u00e1r\u00e1n\u00e1l.<\/p>\n","protected":false},"author":5,"featured_media":0,"parent":76,"menu_order":0,"comment_status":"closed","ping_status":"closed","template":"page-1-columns.php","meta":{"_acf_changed":false,"footnotes":""},"class_list":["post-108","page","type-page","status-publish","hentry"],"acf":{"photo_gallery":{"upload_images":[[]]}},"_links":{"self":[{"href":"https:\/\/palatul-culturii.ro\/hu\/wp-json\/wp\/v2\/pages\/108","targetHints":{"allow":["GET"]}}],"collection":[{"href":"https:\/\/palatul-culturii.ro\/hu\/wp-json\/wp\/v2\/pages"}],"about":[{"href":"https:\/\/palatul-culturii.ro\/hu\/wp-json\/wp\/v2\/types\/page"}],"author":[{"embeddable":true,"href":"https:\/\/palatul-culturii.ro\/hu\/wp-json\/wp\/v2\/users\/5"}],"replies":[{"embeddable":true,"href":"https:\/\/palatul-culturii.ro\/hu\/wp-json\/wp\/v2\/comments?post=108"}],"version-history":[{"count":11,"href":"https:\/\/palatul-culturii.ro\/hu\/wp-json\/wp\/v2\/pages\/108\/revisions"}],"predecessor-version":[{"id":749,"href":"https:\/\/palatul-culturii.ro\/hu\/wp-json\/wp\/v2\/pages\/108\/revisions\/749"}],"up":[{"embeddable":true,"href":"https:\/\/palatul-culturii.ro\/hu\/wp-json\/wp\/v2\/pages\/76"}],"wp:attachment":[{"href":"https:\/\/palatul-culturii.ro\/hu\/wp-json\/wp\/v2\/media?parent=108"}],"curies":[{"name":"wp","href":"https:\/\/api.w.org\/{rel}","templated":true}]}}