{"id":102,"date":"2016-12-13T12:30:07","date_gmt":"2016-12-13T12:30:07","guid":{"rendered":"http:\/\/192.168.0.120\/kulturpalota\/?page_id=102"},"modified":"2025-11-14T08:35:52","modified_gmt":"2025-11-14T08:35:52","slug":"facilities","status":"publish","type":"page","link":"https:\/\/palatul-culturii.ro\/hu\/vizita\/facilities\/","title":{"rendered":"Felszerel\u00e9s"},"content":{"rendered":"<div class=\"row\">\n                                <span id=facilities data-magellan-target=facilities><\/span><\/p>\n<div class=\"small-12 columns\">\n<h3 class=\"section-title\">Felszerel\u00e9s<\/h3>\n<\/div><\/div>\n<div class=\"row\">\n<div class=\"small-12 medium-4 columns\">\n                              <strong>Mosd\u00f3<\/strong><\/p>\n<p>A l\u00e1togat\u00f3k sz\u00e1m\u00e1ra fenntartott mosd\u00f3k az el\u0151csarnok jobb \u00e9s bal sz\u00e9l\u00e9n a l\u00e9pcs\u0151k mellett tal\u00e1lhat\u00f3ak. Jobb oldalt a n\u0151i, bal oldalon pedig a f\u00e9rfi mosd\u00f3. A mozg\u00e1ss\u00e9r\u00fclt l\u00e1togat\u00f3ink sz\u00e1m\u00e1ra szint\u00e9n a f\u00f6ldszinten, a mozg\u00e1ss\u00e9r\u00fclt bej\u00e1r\u00f3t\u00f3l jobbra tal\u00e1lhat\u00f3 a mosd\u00f3.\n                             <\/p><\/div>\n<div class=\"small-12 medium-4 columns\">\n<p><strong>Ruhat\u00e1r<\/strong><\/p>\n<p>Az el\u0151t\u00e1r folyos\u00f3j\u00e1n helyezkednek el, \u00e9s csak az el\u0151ad\u00e1sok alatt tartnak nyitva.<\/p>\n<p><strong>P\u00e9nzt\u00e1r<\/strong><\/p>\n<p>A jegyiroda az \u00e9p\u00fcleten k\u00edv\u00fcl tal\u00e1lhat\u00f3, a Gheorge Enescu utca \u00e9s a Victoriei t\u00e9r sark\u00e1n.<\/p>\n<\/p><\/div>\n<div class=\"small-12 medium-4 columns\">\n<p><strong>Ker\u00e9kp\u00e1r parkol\u00f3<\/strong><\/p>\n<p>Ker\u00e9kp\u00e1rjaikat az \u00e9p\u00fclet baloldali r\u00e9sz\u00e9n tal\u00e1lhat\u00f3 kis udvarban k\u00f6thetik le az ott kialak\u00edtott szpeci\u00e1lis helyeken.<\/p>\n<\/p><\/div>\n<div class=\"small-12 columns\">\n<hr class=\"border\" \/><\/div>\n<\/div>","protected":false},"excerpt":{"rendered":"<p>Felszerel\u00e9s Mosd\u00f3 A l\u00e1togat\u00f3k sz\u00e1m\u00e1ra fenntartott mosd\u00f3k az el\u0151csarnok jobb \u00e9s bal sz\u00e9l\u00e9n a l\u00e9pcs\u0151k mellett tal\u00e1lhat\u00f3ak. Jobb oldalt a n\u0151i, bal oldalon pedig a f\u00e9rfi mosd\u00f3. A mozg\u00e1ss\u00e9r\u00fclt l\u00e1togat\u00f3ink sz\u00e1m\u00e1ra szint\u00e9n a f\u00f6ldszinten, a mozg\u00e1ss\u00e9r\u00fclt bej\u00e1r\u00f3t\u00f3l jobbra tal\u00e1lhat\u00f3 a [&hellip;]<\/p>\n","protected":false},"author":5,"featured_media":0,"parent":76,"menu_order":0,"comment_status":"closed","ping_status":"closed","template":"page-3-columns.php","meta":{"_acf_changed":false,"footnotes":""},"class_list":["post-102","page","type-page","status-publish","hentry"],"acf":{"photo_gallery":{"upload_images":[[]]}},"_links":{"self":[{"href":"https:\/\/palatul-culturii.ro\/hu\/wp-json\/wp\/v2\/pages\/102","targetHints":{"allow":["GET"]}}],"collection":[{"href":"https:\/\/palatul-culturii.ro\/hu\/wp-json\/wp\/v2\/pages"}],"about":[{"href":"https:\/\/palatul-culturii.ro\/hu\/wp-json\/wp\/v2\/types\/page"}],"author":[{"embeddable":true,"href":"https:\/\/palatul-culturii.ro\/hu\/wp-json\/wp\/v2\/users\/5"}],"replies":[{"embeddable":true,"href":"https:\/\/palatul-culturii.ro\/hu\/wp-json\/wp\/v2\/comments?post=102"}],"version-history":[{"count":40,"href":"https:\/\/palatul-culturii.ro\/hu\/wp-json\/wp\/v2\/pages\/102\/revisions"}],"predecessor-version":[{"id":1538,"href":"https:\/\/palatul-culturii.ro\/hu\/wp-json\/wp\/v2\/pages\/102\/revisions\/1538"}],"up":[{"embeddable":true,"href":"https:\/\/palatul-culturii.ro\/hu\/wp-json\/wp\/v2\/pages\/76"}],"wp:attachment":[{"href":"https:\/\/palatul-culturii.ro\/hu\/wp-json\/wp\/v2\/media?parent=102"}],"curies":[{"name":"wp","href":"https:\/\/api.w.org\/{rel}","templated":true}]}}