{"id":268,"date":"2016-12-22T08:52:11","date_gmt":"2016-12-22T08:52:11","guid":{"rendered":"http:\/\/192.168.0.120\/kulturpalota\/?page_id=268"},"modified":"2018-01-12T09:50:40","modified_gmt":"2018-01-12T09:50:40","slug":"istoria-palatului","status":"publish","type":"page","link":"https:\/\/palatul-culturii.ro\/en\/istoria-palatului\/","title":{"rendered":"History of the Palace"},"content":{"rendered":"<p>The 40th anniversary of the coronation of Franz Joseph I of Austria, King of Hungary brought a new bill regarding long-term loan for provincial cities to build (or re-build) their town halls. Thanks to this bill, the Palace of Culture was constructed on the request of mayor Gy\u00f6rgy Bern\u00e1dy. The &#8221;Franz Joseph Cultural House&#8221; was built by Marcell Komor (1868-1944) and Dezs\u0151 Jakab (1864-1932). The architect duo planned the town hall (completed in 1908) and two unrealized buildings: the Maros-Torda Country Court House and the Municipal Theatre building. The Culture Palace initially was planned as a two storey building, but mayor Gy\u00f6rgy Bern\u00e1dy persuaded the architects to add an additional floor (despite the fact that the construction has already started at that time). The local musical school had to move into the new building and the initial parameters proved too small for the school to fit in. The exterior and interior decorations are the work of the members of the G\u00f6d\u00f6ll\u0151 Artist&#8217;s Colony. Alad\u00e1r K\u00f6r\u00f6sf\u0151i-Kriesch realized the lobby decoration \u2013 similar to the English Pre-Raphaelite art and, because its simplified forms and strong contours, with the Japanese style woodcuts. K\u00f6r\u00f6sf\u0151i-Kriesch designed the 920&#215;320 cm giant mosaic of the fa\u00e7ade. The mosaic was realized by Miska R\u00f3th in his Budapest workshop. The Mirror Hall&#8217;s stained glass windows, designed by Ede Toroczkai Wigand \u00e9s S\u00e1ndor Nagy, were also manufactured in R\u00f3th&#8217;s workshop. The stained glass windows were exhibited in Budapest in 1913. Only after the exhibition closed, the windows were transported to T\u00e2rgu Mure\u0219 in the autumn of 1913. In the right wing of the Palace the local music school (functioning since 1907) was accommodated, whereas the right wing has been home to the County Library since 1913. Additionally, in 1913 the Gallery and the language school also moved into the new building. The organ has been set up in the concert hall. Today, the organ is one of the largest in Central Europe. The organ is special, because it &#8216;survived&#8217; all he renovations of the last century. Its original pipes still function perfectly: the most peculiar are the vox humana, which imitates the human voice and the Unda Maris, imitating the sea waves. The concert hall housed the city&#8217;s first movie theatre between 1913 and 1957, the first Romanian Theatre School between 1934 and 1940, the State Theatre between 1946 and 1973, the Fine Arts and Music Secondary School between 1949 and 1970, the Academy of Fine Arts between 1932 and 1949 and the County House for Guidance of Folkloric Creation between 1950 and 1999. The Palace&#8217;s second floor accommodates the Bern\u00e1dy Gallery and the collection of works by Romanian modern artists. This is where the visitors can admire mayor Gy\u00f6rgy Bern\u00e1dy&#8217;s office or visit the stained glass window exhibit.<\/p>","protected":false},"excerpt":{"rendered":"<p>The 40th anniversary of the coronation of Franz Joseph I of Austria, King of Hungary brought a new bill regarding long-term loan for provincial cities to build (or re-build) their town halls. Thanks to this bill, the Palace of Culture [&hellip;]<\/p>\n","protected":false},"author":5,"featured_media":346,"parent":0,"menu_order":0,"comment_status":"closed","ping_status":"closed","template":"page-istoria-palatului.php","meta":{"_acf_changed":false,"footnotes":""},"class_list":["post-268","page","type-page","status-publish","has-post-thumbnail","hentry"],"acf":{"photo_gallery":{"upload_images":[[{"id":350,"title":"038_B jpg","caption":"","full_image_url":"https:\/\/palatul-culturii.ro\/wp-content\/uploads\/2016\/12\/038_B-jpg.jpg","thumbnail_image_url":"https:\/\/palatul-culturii.ro\/wp-content\/uploads\/2016\/12\/038_B-jpg-150x147.jpg","large_srcset":false,"medium_srcset":false,"media_details":{"width":445,"height":147,"sizes":{"thumbnail":{"file":"038_B-jpg-150x147.jpg","width":150,"height":147,"mime-type":"image\/jpeg","source_url":"https:\/\/palatul-culturii.ro\/wp-content\/uploads\/2016\/12\/038_B-jpg-150x147.jpg"},"grid-list-thumb":{"file":"038_B-jpg-220x147.jpg","width":220,"height":147,"mime-type":"image\/jpeg","source_url":"https:\/\/palatul-culturii.ro\/wp-content\/uploads\/2016\/12\/038_B-jpg-220x147.jpg"}}},"alt_text":"","url":"","target":""},{"id":349,"title":"028_B jpg","caption":"","full_image_url":"https:\/\/palatul-culturii.ro\/wp-content\/uploads\/2016\/12\/028_B-jpg.jpg","thumbnail_image_url":"https:\/\/palatul-culturii.ro\/wp-content\/uploads\/2016\/12\/028_B-jpg-150x150.jpg","large_srcset":false,"medium_srcset":false,"media_details":{"width":250,"height":446,"sizes":{"thumbnail":{"file":"028_B-jpg-150x150.jpg","width":150,"height":150,"mime-type":"image\/jpeg","source_url":"https:\/\/palatul-culturii.ro\/wp-content\/uploads\/2016\/12\/028_B-jpg-150x150.jpg"},"square-thumb-half":{"file":"028_B-jpg-250x330.jpg","width":250,"height":330,"mime-type":"image\/jpeg","source_url":"https:\/\/palatul-culturii.ro\/wp-content\/uploads\/2016\/12\/028_B-jpg-250x330.jpg"},"square-thumb-third":{"file":"028_B-jpg-250x440.jpg","width":250,"height":440,"mime-type":"image\/jpeg","source_url":"https:\/\/palatul-culturii.ro\/wp-content\/uploads\/2016\/12\/028_B-jpg-250x440.jpg"},"grid-list-thumb":{"file":"028_B-jpg-220x220.jpg","width":220,"height":220,"mime-type":"image\/jpeg","source_url":"https:\/\/palatul-culturii.ro\/wp-content\/uploads\/2016\/12\/028_B-jpg-220x220.jpg"}}},"alt_text":"","url":"","target":""},{"id":348,"title":"019_A jpg","caption":"","full_image_url":"https:\/\/palatul-culturii.ro\/wp-content\/uploads\/2016\/12\/019_A-jpg.jpg","thumbnail_image_url":"https:\/\/palatul-culturii.ro\/wp-content\/uploads\/2016\/12\/019_A-jpg-150x150.jpg","large_srcset":false,"medium_srcset":false,"media_details":{"width":446,"height":300,"sizes":{"thumbnail":{"file":"019_A-jpg-150x150.jpg","width":150,"height":150,"mime-type":"image\/jpeg","source_url":"https:\/\/palatul-culturii.ro\/wp-content\/uploads\/2016\/12\/019_A-jpg-150x150.jpg"},"grid-list-thumb":{"file":"019_A-jpg-220x220.jpg","width":220,"height":220,"mime-type":"image\/jpeg","source_url":"https:\/\/palatul-culturii.ro\/wp-content\/uploads\/2016\/12\/019_A-jpg-220x220.jpg"}}},"alt_text":"","url":"","target":""},{"id":347,"title":"017_B jpg","caption":"","full_image_url":"https:\/\/palatul-culturii.ro\/wp-content\/uploads\/2016\/12\/017_B-jpg.jpg","thumbnail_image_url":"https:\/\/palatul-culturii.ro\/wp-content\/uploads\/2016\/12\/017_B-jpg-150x150.jpg","large_srcset":false,"medium_srcset":false,"media_details":{"width":446,"height":311,"sizes":{"thumbnail":{"file":"017_B-jpg-150x150.jpg","width":150,"height":150,"mime-type":"image\/jpeg","source_url":"https:\/\/palatul-culturii.ro\/wp-content\/uploads\/2016\/12\/017_B-jpg-150x150.jpg"},"grid-list-thumb":{"file":"017_B-jpg-220x220.jpg","width":220,"height":220,"mime-type":"image\/jpeg","source_url":"https:\/\/palatul-culturii.ro\/wp-content\/uploads\/2016\/12\/017_B-jpg-220x220.jpg"}}},"alt_text":"","url":"","target":""},{"id":346,"title":"016_B jpg","caption":"","full_image_url":"https:\/\/palatul-culturii.ro\/wp-content\/uploads\/2016\/12\/016_B-jpg.jpg","thumbnail_image_url":"https:\/\/palatul-culturii.ro\/wp-content\/uploads\/2016\/12\/016_B-jpg-150x150.jpg","large_srcset":false,"medium_srcset":false,"media_details":{"width":445,"height":297,"sizes":{"thumbnail":{"file":"016_B-jpg-150x150.jpg","width":150,"height":150,"mime-type":"image\/jpeg","source_url":"https:\/\/palatul-culturii.ro\/wp-content\/uploads\/2016\/12\/016_B-jpg-150x150.jpg"},"grid-list-thumb":{"file":"016_B-jpg-220x220.jpg","width":220,"height":220,"mime-type":"image\/jpeg","source_url":"https:\/\/palatul-culturii.ro\/wp-content\/uploads\/2016\/12\/016_B-jpg-220x220.jpg"}}},"alt_text":"","url":"","target":""},{"id":345,"title":"005_A jpg","caption":"","full_image_url":"https:\/\/palatul-culturii.ro\/wp-content\/uploads\/2016\/12\/005_A-jpg.jpg","thumbnail_image_url":"https:\/\/palatul-culturii.ro\/wp-content\/uploads\/2016\/12\/005_A-jpg-150x150.jpg","large_srcset":false,"medium_srcset":false,"media_details":{"width":445,"height":319,"sizes":{"thumbnail":{"file":"005_A-jpg-150x150.jpg","width":150,"height":150,"mime-type":"image\/jpeg","source_url":"https:\/\/palatul-culturii.ro\/wp-content\/uploads\/2016\/12\/005_A-jpg-150x150.jpg"},"grid-list-thumb":{"file":"005_A-jpg-220x220.jpg","width":220,"height":220,"mime-type":"image\/jpeg","source_url":"https:\/\/palatul-culturii.ro\/wp-content\/uploads\/2016\/12\/005_A-jpg-220x220.jpg"}}},"alt_text":"","url":"","target":""}]]}},"_links":{"self":[{"href":"https:\/\/palatul-culturii.ro\/en\/wp-json\/wp\/v2\/pages\/268","targetHints":{"allow":["GET"]}}],"collection":[{"href":"https:\/\/palatul-culturii.ro\/en\/wp-json\/wp\/v2\/pages"}],"about":[{"href":"https:\/\/palatul-culturii.ro\/en\/wp-json\/wp\/v2\/types\/page"}],"author":[{"embeddable":true,"href":"https:\/\/palatul-culturii.ro\/en\/wp-json\/wp\/v2\/users\/5"}],"replies":[{"embeddable":true,"href":"https:\/\/palatul-culturii.ro\/en\/wp-json\/wp\/v2\/comments?post=268"}],"version-history":[{"count":10,"href":"https:\/\/palatul-culturii.ro\/en\/wp-json\/wp\/v2\/pages\/268\/revisions"}],"predecessor-version":[{"id":739,"href":"https:\/\/palatul-culturii.ro\/en\/wp-json\/wp\/v2\/pages\/268\/revisions\/739"}],"wp:featuredmedia":[{"embeddable":true,"href":"https:\/\/palatul-culturii.ro\/en\/wp-json\/wp\/v2\/media\/346"}],"wp:attachment":[{"href":"https:\/\/palatul-culturii.ro\/en\/wp-json\/wp\/v2\/media?parent=268"}],"curies":[{"name":"wp","href":"https:\/\/api.w.org\/{rel}","templated":true}]}}