{"id":114,"date":"2016-12-15T09:18:17","date_gmt":"2016-12-15T09:18:17","guid":{"rendered":"http:\/\/192.168.0.120\/kulturpalota\/?page_id=114"},"modified":"2020-05-12T09:51:08","modified_gmt":"2020-05-12T09:51:08","slug":"sala-mare","status":"publish","type":"page","link":"https:\/\/palatul-culturii.ro\/en\/istoria-palatului\/sala-mare\/","title":{"rendered":"The Great Hall and the Staircase"},"content":{"rendered":"<p>The foyer on the ground floor is itself a unitary work of artistic synthesis, of total art, where architecture, decorative art, applied art (design), painting and sculpture are self-evident. This space has an oriental effect due to the lights that penetrate through the yellow stained glass, respectively emanating from the suspended chandeliers in the middle of the domes. The golden glow of all parts of the space and the ornaments made according to the ideas of K\u00f6r\u00f6sf\u0151i-Kriesch Alad\u00e1r (1863-1920) &#8211; at the time, a decorative painting professor at the Applied Arts School in Budapest, founder of the G\u00f6d\u00f6ll\u0151 artists&#8217; colony, contributed to the Oriental atmosphere.<\/p>\n<p>To the upper levels, the stairs rise from the entrance corridors beside the two walls of the big showroom. And here dominates the green color, defining the chromatic world of the entrance hall, combined with the striped stripes with floral motif that fits the voids, the plain plains of the blue background. For the painting of spaces of a very lively chroma, Elek Falus, who decorated the Mirror Hall and the Small Hall, was also asked. They blended very well with the colorful windows representing historical portraits, made by Miksa Roth, then over 20 years old, the most important master of the stained glass art of the Hungarian Art Nouveau &#8211; portraits embedded in a symmetrical ornamental system.<\/p>","protected":false},"excerpt":{"rendered":"<p>The foyer on the ground floor is itself a unitary work of artistic synthesis, of total art, where architecture, decorative art, applied art (design), painting and sculpture are self-evident. This space has an oriental effect due to the lights that [&hellip;]<\/p>\n","protected":false},"author":5,"featured_media":319,"parent":268,"menu_order":0,"comment_status":"closed","ping_status":"closed","template":"","meta":{"_acf_changed":false,"footnotes":""},"class_list":["post-114","page","type-page","status-publish","has-post-thumbnail","hentry"],"acf":{"photo_gallery":{"upload_images":[[{"id":319,"title":"039_A jpg","caption":"","full_image_url":"https:\/\/palatul-culturii.ro\/wp-content\/uploads\/2016\/12\/039_A-jpg.jpg","thumbnail_image_url":"https:\/\/palatul-culturii.ro\/wp-content\/uploads\/2016\/12\/039_A-jpg-150x150.jpg","large_srcset":"https:\/\/palatul-culturii.ro\/wp-content\/uploads\/2016\/12\/039_A-jpg.jpg 683w, https:\/\/palatul-culturii.ro\/wp-content\/uploads\/2016\/12\/039_A-jpg-317x476.jpg 317w","medium_srcset":"https:\/\/palatul-culturii.ro\/wp-content\/uploads\/2016\/12\/039_A-jpg-317x476.jpg 317w, https:\/\/palatul-culturii.ro\/wp-content\/uploads\/2016\/12\/039_A-jpg.jpg 683w","media_details":{"width":683,"height":1024,"sizes":{"thumbnail":{"file":"039_A-jpg-150x150.jpg","width":150,"height":150,"mime-type":"image\/jpeg","source_url":"https:\/\/palatul-culturii.ro\/wp-content\/uploads\/2016\/12\/039_A-jpg-150x150.jpg"},"medium":{"file":"039_A-jpg-317x476.jpg","width":317,"height":476,"mime-type":"image\/jpeg","source_url":"https:\/\/palatul-culturii.ro\/wp-content\/uploads\/2016\/12\/039_A-jpg-317x476.jpg"},"large":{"file":"039_A-jpg-683x1024.jpg","width":683,"height":1024,"mime-type":"image\/jpeg","source_url":"https:\/\/palatul-culturii.ro\/wp-content\/uploads\/2016\/12\/039_A-jpg-683x1024.jpg"},"square-thumb":{"file":"039_A-jpg-660x660.jpg","width":660,"height":660,"mime-type":"image\/jpeg","source_url":"https:\/\/palatul-culturii.ro\/wp-content\/uploads\/2016\/12\/039_A-jpg-660x660.jpg"},"square-thumb-half":{"file":"039_A-jpg-660x330.jpg","width":660,"height":330,"mime-type":"image\/jpeg","source_url":"https:\/\/palatul-culturii.ro\/wp-content\/uploads\/2016\/12\/039_A-jpg-660x330.jpg"},"square-thumb-third":{"file":"039_A-jpg-660x440.jpg","width":660,"height":440,"mime-type":"image\/jpeg","source_url":"https:\/\/palatul-culturii.ro\/wp-content\/uploads\/2016\/12\/039_A-jpg-660x440.jpg"},"grid-list-thumb":{"file":"039_A-jpg-220x220.jpg","width":220,"height":220,"mime-type":"image\/jpeg","source_url":"https:\/\/palatul-culturii.ro\/wp-content\/uploads\/2016\/12\/039_A-jpg-220x220.jpg"},"page-slider-thumb":{"file":"039_A-jpg-476x476.jpg","width":476,"height":476,"mime-type":"image\/jpeg","source_url":"https:\/\/palatul-culturii.ro\/wp-content\/uploads\/2016\/12\/039_A-jpg-476x476.jpg"}}},"alt_text":"","url":"","target":""},{"id":320,"title":"049_B jpg","caption":"","full_image_url":"https:\/\/palatul-culturii.ro\/wp-content\/uploads\/2016\/12\/049_B-jpg.jpg","thumbnail_image_url":"https:\/\/palatul-culturii.ro\/wp-content\/uploads\/2016\/12\/049_B-jpg-150x150.jpg","large_srcset":"https:\/\/palatul-culturii.ro\/wp-content\/uploads\/2016\/12\/049_B-jpg.jpg 1024w, https:\/\/palatul-culturii.ro\/wp-content\/uploads\/2016\/12\/049_B-jpg-476x304.jpg 476w, https:\/\/palatul-culturii.ro\/wp-content\/uploads\/2016\/12\/049_B-jpg-768x491.jpg 768w","medium_srcset":"https:\/\/palatul-culturii.ro\/wp-content\/uploads\/2016\/12\/049_B-jpg-476x304.jpg 476w, https:\/\/palatul-culturii.ro\/wp-content\/uploads\/2016\/12\/049_B-jpg-768x491.jpg 768w, https:\/\/palatul-culturii.ro\/wp-content\/uploads\/2016\/12\/049_B-jpg.jpg 1024w","media_details":{"width":1024,"height":654,"sizes":{"thumbnail":{"file":"049_B-jpg-150x150.jpg","width":150,"height":150,"mime-type":"image\/jpeg","source_url":"https:\/\/palatul-culturii.ro\/wp-content\/uploads\/2016\/12\/049_B-jpg-150x150.jpg"},"medium":{"file":"049_B-jpg-476x304.jpg","width":476,"height":304,"mime-type":"image\/jpeg","source_url":"https:\/\/palatul-culturii.ro\/wp-content\/uploads\/2016\/12\/049_B-jpg-476x304.jpg"},"medium_large":{"file":"049_B-jpg-768x491.jpg","width":768,"height":491,"mime-type":"image\/jpeg","source_url":"https:\/\/palatul-culturii.ro\/wp-content\/uploads\/2016\/12\/049_B-jpg-768x491.jpg"},"large":{"file":"049_B-jpg-1024x654.jpg","width":1024,"height":654,"mime-type":"image\/jpeg","source_url":"https:\/\/palatul-culturii.ro\/wp-content\/uploads\/2016\/12\/049_B-jpg-1024x654.jpg"},"square-thumb":{"file":"049_B-jpg-660x654.jpg","width":660,"height":654,"mime-type":"image\/jpeg","source_url":"https:\/\/palatul-culturii.ro\/wp-content\/uploads\/2016\/12\/049_B-jpg-660x654.jpg"},"square-thumb-half":{"file":"049_B-jpg-660x330.jpg","width":660,"height":330,"mime-type":"image\/jpeg","source_url":"https:\/\/palatul-culturii.ro\/wp-content\/uploads\/2016\/12\/049_B-jpg-660x330.jpg"},"square-thumb-third":{"file":"049_B-jpg-660x440.jpg","width":660,"height":440,"mime-type":"image\/jpeg","source_url":"https:\/\/palatul-culturii.ro\/wp-content\/uploads\/2016\/12\/049_B-jpg-660x440.jpg"},"grid-list-thumb":{"file":"049_B-jpg-220x220.jpg","width":220,"height":220,"mime-type":"image\/jpeg","source_url":"https:\/\/palatul-culturii.ro\/wp-content\/uploads\/2016\/12\/049_B-jpg-220x220.jpg"},"page-slider-thumb":{"file":"049_B-jpg-476x476.jpg","width":476,"height":476,"mime-type":"image\/jpeg","source_url":"https:\/\/palatul-culturii.ro\/wp-content\/uploads\/2016\/12\/049_B-jpg-476x476.jpg"}}},"alt_text":"","url":"","target":""},{"id":321,"title":"053_A_Fekete_hatterrel jpg","caption":"","full_image_url":"https:\/\/palatul-culturii.ro\/wp-content\/uploads\/2016\/12\/053_A_Fekete_hatterrel-jpg.jpg","thumbnail_image_url":"https:\/\/palatul-culturii.ro\/wp-content\/uploads\/2016\/12\/053_A_Fekete_hatterrel-jpg-150x150.jpg","large_srcset":"https:\/\/palatul-culturii.ro\/wp-content\/uploads\/2016\/12\/053_A_Fekete_hatterrel-jpg.jpg 956w, https:\/\/palatul-culturii.ro\/wp-content\/uploads\/2016\/12\/053_A_Fekete_hatterrel-jpg-476x382.jpg 476w, https:\/\/palatul-culturii.ro\/wp-content\/uploads\/2016\/12\/053_A_Fekete_hatterrel-jpg-768x617.jpg 768w","medium_srcset":"https:\/\/palatul-culturii.ro\/wp-content\/uploads\/2016\/12\/053_A_Fekete_hatterrel-jpg-476x382.jpg 476w, https:\/\/palatul-culturii.ro\/wp-content\/uploads\/2016\/12\/053_A_Fekete_hatterrel-jpg-768x617.jpg 768w, https:\/\/palatul-culturii.ro\/wp-content\/uploads\/2016\/12\/053_A_Fekete_hatterrel-jpg.jpg 956w","media_details":{"width":956,"height":768,"sizes":{"thumbnail":{"file":"053_A_Fekete_hatterrel-jpg-150x150.jpg","width":150,"height":150,"mime-type":"image\/jpeg","source_url":"https:\/\/palatul-culturii.ro\/wp-content\/uploads\/2016\/12\/053_A_Fekete_hatterrel-jpg-150x150.jpg"},"medium":{"file":"053_A_Fekete_hatterrel-jpg-476x382.jpg","width":476,"height":382,"mime-type":"image\/jpeg","source_url":"https:\/\/palatul-culturii.ro\/wp-content\/uploads\/2016\/12\/053_A_Fekete_hatterrel-jpg-476x382.jpg"},"medium_large":{"file":"053_A_Fekete_hatterrel-jpg-768x617.jpg","width":768,"height":617,"mime-type":"image\/jpeg","source_url":"https:\/\/palatul-culturii.ro\/wp-content\/uploads\/2016\/12\/053_A_Fekete_hatterrel-jpg-768x617.jpg"},"square-thumb":{"file":"053_A_Fekete_hatterrel-jpg-660x660.jpg","width":660,"height":660,"mime-type":"image\/jpeg","source_url":"https:\/\/palatul-culturii.ro\/wp-content\/uploads\/2016\/12\/053_A_Fekete_hatterrel-jpg-660x660.jpg"},"square-thumb-half":{"file":"053_A_Fekete_hatterrel-jpg-660x330.jpg","width":660,"height":330,"mime-type":"image\/jpeg","source_url":"https:\/\/palatul-culturii.ro\/wp-content\/uploads\/2016\/12\/053_A_Fekete_hatterrel-jpg-660x330.jpg"},"square-thumb-third":{"file":"053_A_Fekete_hatterrel-jpg-660x440.jpg","width":660,"height":440,"mime-type":"image\/jpeg","source_url":"https:\/\/palatul-culturii.ro\/wp-content\/uploads\/2016\/12\/053_A_Fekete_hatterrel-jpg-660x440.jpg"},"grid-list-thumb":{"file":"053_A_Fekete_hatterrel-jpg-220x220.jpg","width":220,"height":220,"mime-type":"image\/jpeg","source_url":"https:\/\/palatul-culturii.ro\/wp-content\/uploads\/2016\/12\/053_A_Fekete_hatterrel-jpg-220x220.jpg"},"page-slider-thumb":{"file":"053_A_Fekete_hatterrel-jpg-476x476.jpg","width":476,"height":476,"mime-type":"image\/jpeg","source_url":"https:\/\/palatul-culturii.ro\/wp-content\/uploads\/2016\/12\/053_A_Fekete_hatterrel-jpg-476x476.jpg"}}},"alt_text":"","url":"","target":""},{"id":322,"title":"055_A_fekete_hatterrel jpg","caption":"","full_image_url":"https:\/\/palatul-culturii.ro\/wp-content\/uploads\/2016\/12\/055_A_fekete_hatterrel-jpg.jpg","thumbnail_image_url":"https:\/\/palatul-culturii.ro\/wp-content\/uploads\/2016\/12\/055_A_fekete_hatterrel-jpg-150x150.jpg","large_srcset":"https:\/\/palatul-culturii.ro\/wp-content\/uploads\/2016\/12\/055_A_fekete_hatterrel-jpg.jpg 941w, https:\/\/palatul-culturii.ro\/wp-content\/uploads\/2016\/12\/055_A_fekete_hatterrel-jpg-476x388.jpg 476w, https:\/\/palatul-culturii.ro\/wp-content\/uploads\/2016\/12\/055_A_fekete_hatterrel-jpg-768x627.jpg 768w","medium_srcset":"https:\/\/palatul-culturii.ro\/wp-content\/uploads\/2016\/12\/055_A_fekete_hatterrel-jpg-476x388.jpg 476w, https:\/\/palatul-culturii.ro\/wp-content\/uploads\/2016\/12\/055_A_fekete_hatterrel-jpg-768x627.jpg 768w, https:\/\/palatul-culturii.ro\/wp-content\/uploads\/2016\/12\/055_A_fekete_hatterrel-jpg.jpg 941w","media_details":{"width":941,"height":768,"sizes":{"thumbnail":{"file":"055_A_fekete_hatterrel-jpg-150x150.jpg","width":150,"height":150,"mime-type":"image\/jpeg","source_url":"https:\/\/palatul-culturii.ro\/wp-content\/uploads\/2016\/12\/055_A_fekete_hatterrel-jpg-150x150.jpg"},"medium":{"file":"055_A_fekete_hatterrel-jpg-476x388.jpg","width":476,"height":388,"mime-type":"image\/jpeg","source_url":"https:\/\/palatul-culturii.ro\/wp-content\/uploads\/2016\/12\/055_A_fekete_hatterrel-jpg-476x388.jpg"},"medium_large":{"file":"055_A_fekete_hatterrel-jpg-768x627.jpg","width":768,"height":627,"mime-type":"image\/jpeg","source_url":"https:\/\/palatul-culturii.ro\/wp-content\/uploads\/2016\/12\/055_A_fekete_hatterrel-jpg-768x627.jpg"},"square-thumb":{"file":"055_A_fekete_hatterrel-jpg-660x660.jpg","width":660,"height":660,"mime-type":"image\/jpeg","source_url":"https:\/\/palatul-culturii.ro\/wp-content\/uploads\/2016\/12\/055_A_fekete_hatterrel-jpg-660x660.jpg"},"square-thumb-half":{"file":"055_A_fekete_hatterrel-jpg-660x330.jpg","width":660,"height":330,"mime-type":"image\/jpeg","source_url":"https:\/\/palatul-culturii.ro\/wp-content\/uploads\/2016\/12\/055_A_fekete_hatterrel-jpg-660x330.jpg"},"square-thumb-third":{"file":"055_A_fekete_hatterrel-jpg-660x440.jpg","width":660,"height":440,"mime-type":"image\/jpeg","source_url":"https:\/\/palatul-culturii.ro\/wp-content\/uploads\/2016\/12\/055_A_fekete_hatterrel-jpg-660x440.jpg"},"grid-list-thumb":{"file":"055_A_fekete_hatterrel-jpg-220x220.jpg","width":220,"height":220,"mime-type":"image\/jpeg","source_url":"https:\/\/palatul-culturii.ro\/wp-content\/uploads\/2016\/12\/055_A_fekete_hatterrel-jpg-220x220.jpg"},"page-slider-thumb":{"file":"055_A_fekete_hatterrel-jpg-476x476.jpg","width":476,"height":476,"mime-type":"image\/jpeg","source_url":"https:\/\/palatul-culturii.ro\/wp-content\/uploads\/2016\/12\/055_A_fekete_hatterrel-jpg-476x476.jpg"}}},"alt_text":"","url":"","target":""},{"id":323,"title":"076_A jpg","caption":"","full_image_url":"https:\/\/palatul-culturii.ro\/wp-content\/uploads\/2016\/12\/076_A-jpg.jpg","thumbnail_image_url":"https:\/\/palatul-culturii.ro\/wp-content\/uploads\/2016\/12\/076_A-jpg-150x150.jpg","large_srcset":"https:\/\/palatul-culturii.ro\/wp-content\/uploads\/2016\/12\/076_A-jpg.jpg 1024w, https:\/\/palatul-culturii.ro\/wp-content\/uploads\/2016\/12\/076_A-jpg-476x357.jpg 476w, https:\/\/palatul-culturii.ro\/wp-content\/uploads\/2016\/12\/076_A-jpg-768x576.jpg 768w","medium_srcset":"https:\/\/palatul-culturii.ro\/wp-content\/uploads\/2016\/12\/076_A-jpg-476x357.jpg 476w, https:\/\/palatul-culturii.ro\/wp-content\/uploads\/2016\/12\/076_A-jpg-768x576.jpg 768w, https:\/\/palatul-culturii.ro\/wp-content\/uploads\/2016\/12\/076_A-jpg.jpg 1024w","media_details":{"width":1024,"height":768,"sizes":{"thumbnail":{"file":"076_A-jpg-150x150.jpg","width":150,"height":150,"mime-type":"image\/jpeg","source_url":"https:\/\/palatul-culturii.ro\/wp-content\/uploads\/2016\/12\/076_A-jpg-150x150.jpg"},"medium":{"file":"076_A-jpg-476x357.jpg","width":476,"height":357,"mime-type":"image\/jpeg","source_url":"https:\/\/palatul-culturii.ro\/wp-content\/uploads\/2016\/12\/076_A-jpg-476x357.jpg"},"medium_large":{"file":"076_A-jpg-768x576.jpg","width":768,"height":576,"mime-type":"image\/jpeg","source_url":"https:\/\/palatul-culturii.ro\/wp-content\/uploads\/2016\/12\/076_A-jpg-768x576.jpg"},"large":{"file":"076_A-jpg-1024x768.jpg","width":1024,"height":768,"mime-type":"image\/jpeg","source_url":"https:\/\/palatul-culturii.ro\/wp-content\/uploads\/2016\/12\/076_A-jpg-1024x768.jpg"},"square-thumb":{"file":"076_A-jpg-660x660.jpg","width":660,"height":660,"mime-type":"image\/jpeg","source_url":"https:\/\/palatul-culturii.ro\/wp-content\/uploads\/2016\/12\/076_A-jpg-660x660.jpg"},"square-thumb-half":{"file":"076_A-jpg-660x330.jpg","width":660,"height":330,"mime-type":"image\/jpeg","source_url":"https:\/\/palatul-culturii.ro\/wp-content\/uploads\/2016\/12\/076_A-jpg-660x330.jpg"},"square-thumb-third":{"file":"076_A-jpg-660x440.jpg","width":660,"height":440,"mime-type":"image\/jpeg","source_url":"https:\/\/palatul-culturii.ro\/wp-content\/uploads\/2016\/12\/076_A-jpg-660x440.jpg"},"grid-list-thumb":{"file":"076_A-jpg-220x220.jpg","width":220,"height":220,"mime-type":"image\/jpeg","source_url":"https:\/\/palatul-culturii.ro\/wp-content\/uploads\/2016\/12\/076_A-jpg-220x220.jpg"},"page-slider-thumb":{"file":"076_A-jpg-476x476.jpg","width":476,"height":476,"mime-type":"image\/jpeg","source_url":"https:\/\/palatul-culturii.ro\/wp-content\/uploads\/2016\/12\/076_A-jpg-476x476.jpg"}}},"alt_text":"","url":"","target":""},{"id":324,"title":"080_A_Fekete_hatterrel jpg","caption":"","full_image_url":"https:\/\/palatul-culturii.ro\/wp-content\/uploads\/2016\/12\/080_A_Fekete_hatterrel-jpg.jpg","thumbnail_image_url":"https:\/\/palatul-culturii.ro\/wp-content\/uploads\/2016\/12\/080_A_Fekete_hatterrel-jpg-150x150.jpg","large_srcset":"https:\/\/palatul-culturii.ro\/wp-content\/uploads\/2016\/12\/080_A_Fekete_hatterrel-jpg.jpg 554w, https:\/\/palatul-culturii.ro\/wp-content\/uploads\/2016\/12\/080_A_Fekete_hatterrel-jpg-258x476.jpg 258w","medium_srcset":"https:\/\/palatul-culturii.ro\/wp-content\/uploads\/2016\/12\/080_A_Fekete_hatterrel-jpg-258x476.jpg 258w, https:\/\/palatul-culturii.ro\/wp-content\/uploads\/2016\/12\/080_A_Fekete_hatterrel-jpg.jpg 554w","media_details":{"width":554,"height":1024,"sizes":{"thumbnail":{"file":"080_A_Fekete_hatterrel-jpg-150x150.jpg","width":150,"height":150,"mime-type":"image\/jpeg","source_url":"https:\/\/palatul-culturii.ro\/wp-content\/uploads\/2016\/12\/080_A_Fekete_hatterrel-jpg-150x150.jpg"},"medium":{"file":"080_A_Fekete_hatterrel-jpg-258x476.jpg","width":258,"height":476,"mime-type":"image\/jpeg","source_url":"https:\/\/palatul-culturii.ro\/wp-content\/uploads\/2016\/12\/080_A_Fekete_hatterrel-jpg-258x476.jpg"},"large":{"file":"080_A_Fekete_hatterrel-jpg-554x1024.jpg","width":554,"height":1024,"mime-type":"image\/jpeg","source_url":"https:\/\/palatul-culturii.ro\/wp-content\/uploads\/2016\/12\/080_A_Fekete_hatterrel-jpg-554x1024.jpg"},"square-thumb":{"file":"080_A_Fekete_hatterrel-jpg-554x660.jpg","width":554,"height":660,"mime-type":"image\/jpeg","source_url":"https:\/\/palatul-culturii.ro\/wp-content\/uploads\/2016\/12\/080_A_Fekete_hatterrel-jpg-554x660.jpg"},"square-thumb-half":{"file":"080_A_Fekete_hatterrel-jpg-554x330.jpg","width":554,"height":330,"mime-type":"image\/jpeg","source_url":"https:\/\/palatul-culturii.ro\/wp-content\/uploads\/2016\/12\/080_A_Fekete_hatterrel-jpg-554x330.jpg"},"square-thumb-third":{"file":"080_A_Fekete_hatterrel-jpg-554x440.jpg","width":554,"height":440,"mime-type":"image\/jpeg","source_url":"https:\/\/palatul-culturii.ro\/wp-content\/uploads\/2016\/12\/080_A_Fekete_hatterrel-jpg-554x440.jpg"},"grid-list-thumb":{"file":"080_A_Fekete_hatterrel-jpg-220x220.jpg","width":220,"height":220,"mime-type":"image\/jpeg","source_url":"https:\/\/palatul-culturii.ro\/wp-content\/uploads\/2016\/12\/080_A_Fekete_hatterrel-jpg-220x220.jpg"},"page-slider-thumb":{"file":"080_A_Fekete_hatterrel-jpg-476x476.jpg","width":476,"height":476,"mime-type":"image\/jpeg","source_url":"https:\/\/palatul-culturii.ro\/wp-content\/uploads\/2016\/12\/080_A_Fekete_hatterrel-jpg-476x476.jpg"}}},"alt_text":"","url":"","target":""}]]}},"_links":{"self":[{"href":"https:\/\/palatul-culturii.ro\/en\/wp-json\/wp\/v2\/pages\/114","targetHints":{"allow":["GET"]}}],"collection":[{"href":"https:\/\/palatul-culturii.ro\/en\/wp-json\/wp\/v2\/pages"}],"about":[{"href":"https:\/\/palatul-culturii.ro\/en\/wp-json\/wp\/v2\/types\/page"}],"author":[{"embeddable":true,"href":"https:\/\/palatul-culturii.ro\/en\/wp-json\/wp\/v2\/users\/5"}],"replies":[{"embeddable":true,"href":"https:\/\/palatul-culturii.ro\/en\/wp-json\/wp\/v2\/comments?post=114"}],"version-history":[{"count":23,"href":"https:\/\/palatul-culturii.ro\/en\/wp-json\/wp\/v2\/pages\/114\/revisions"}],"predecessor-version":[{"id":1339,"href":"https:\/\/palatul-culturii.ro\/en\/wp-json\/wp\/v2\/pages\/114\/revisions\/1339"}],"up":[{"embeddable":true,"href":"https:\/\/palatul-culturii.ro\/en\/wp-json\/wp\/v2\/pages\/268"}],"wp:featuredmedia":[{"embeddable":true,"href":"https:\/\/palatul-culturii.ro\/en\/wp-json\/wp\/v2\/media\/319"}],"wp:attachment":[{"href":"https:\/\/palatul-culturii.ro\/en\/wp-json\/wp\/v2\/media?parent=114"}],"curies":[{"name":"wp","href":"https:\/\/api.w.org\/{rel}","templated":true}]}}